{"id":92,"date":"2020-11-29T11:35:57","date_gmt":"2020-11-29T11:35:57","guid":{"rendered":"http:\/\/wp5.louhi.net\/~nnterrie\/?page_id=92"},"modified":"2026-01-27T16:26:28","modified_gmt":"2026-01-27T16:26:28","slug":"vuoden-nn-kisa","status":"publish","type":"page","link":"https:\/\/www.nnterrierit.fi\/?page_id=92","title":{"rendered":"Vuoden NN -kisa"},"content":{"rendered":"<p>[et_pb_section fb_built=&#8221;1&#8243; fullwidth=&#8221;on&#8221; admin_label=&#8221;Section&#8221; _builder_version=&#8221;4.16&#8243; _module_preset=&#8221;default&#8221; global_colors_info=&#8221;{}&#8221;][et_pb_fullwidth_header title=&#8221;Vuoden NN -kilpailu&#8221; button_one_text=&#8221;Kilpailun s\u00e4\u00e4nn\u00f6t&#8221; button_one_url=&#8221;https:\/\/www.nnterrierit.fi\/wp-content\/uploads\/2025\/07\/Pistesaanot2025.pdf&#8221; button_two_text=&#8221;Maailman Voittaja 2025 Pisteet&#8221; button_two_url=&#8221;https:\/\/www.nnterrierit.fi\/wp-content\/uploads\/2025\/07\/MV2025pisteet.pdf&#8221; admin_label=&#8221;Fullwidth Header&#8221; _builder_version=&#8221;4.27.4&#8243; _module_preset=&#8221;default&#8221; title_font=&#8221;Staatliches||||||||&#8221; title_font_size=&#8221;42px&#8221; content_text_color=&#8221;#000000&#8243; content_font_size=&#8221;23px&#8221; background_image=&#8221;http:\/\/wp5.louhi.net\/~nnterrie\/wp-content\/uploads\/2021\/02\/20200425-BY1A0172-Edit-scaled.jpg&#8221; custom_button_one=&#8221;on&#8221; button_one_text_size=&#8221;23px&#8221; button_one_text_color=&#8221;#000000&#8243; button_one_font=&#8221;Staatliches||||||||&#8221; custom_button_two=&#8221;on&#8221; button_two_text_size=&#8221;23px&#8221; button_two_text_color=&#8221;#000000&#8243; button_two_border_width=&#8221;2px&#8221; button_two_font=&#8221;Staatliches||||||||&#8221; background_layout=&#8221;light&#8221; height=&#8221;961px&#8221; custom_margin=&#8221;-291px||||false|false&#8221; custom_padding=&#8221;450px||||false|false&#8221; border_color_all=&#8221;#000000&#8243; global_colors_info=&#8221;{}&#8221; button_one_text__hover_enabled=&#8221;off|desktop&#8221;]<\/p>\n<p>Yhdistys palkitsee vuoden menestyneimm\u00e4t norwichin- ja norfolkinterrierit sek\u00e4 kasvattajat. Alla voit tutustua s\u00e4\u00e4nt\u00f6ihin ja aiempien vuosien tuloksiin.<\/p>\n<p>[\/et_pb_fullwidth_header][\/et_pb_section][et_pb_section fb_built=&#8221;1&#8243; _builder_version=&#8221;4.16&#8243; _module_preset=&#8221;default&#8221; custom_margin=&#8221;0px||0px||false|false&#8221; custom_padding=&#8221;0px||0px||false|false&#8221; global_colors_info=&#8221;{}&#8221;][et_pb_row _builder_version=&#8221;4.16&#8243; _module_preset=&#8221;default&#8221; custom_margin=&#8221;0px||0px||false|false&#8221; custom_padding=&#8221;0px||0px||false|false&#8221; global_colors_info=&#8221;{}&#8221;][et_pb_column type=&#8221;4_4&#8243; _builder_version=&#8221;4.16&#8243; _module_preset=&#8221;default&#8221; global_colors_info=&#8221;{}&#8221;][et_pb_text _builder_version=&#8221;4.16&#8243; _module_preset=&#8221;default&#8221; text_font_size=&#8221;8px&#8221; global_colors_info=&#8221;{}&#8221;]<\/p>\n<p>Kuva: Hanna Heinonen<\/p>\n<p>[\/et_pb_text][\/et_pb_column][\/et_pb_row][\/et_pb_section][et_pb_section fb_built=&#8221;1&#8243; _builder_version=&#8221;4.16&#8243; _module_preset=&#8221;default&#8221; global_colors_info=&#8221;{}&#8221;][et_pb_row _builder_version=&#8221;4.27.0&#8243; _module_preset=&#8221;default&#8221; global_colors_info=&#8221;{}&#8221;][et_pb_column type=&#8221;4_4&#8243; _builder_version=&#8221;4.27.0&#8243; _module_preset=&#8221;default&#8221; global_colors_info=&#8221;{}&#8221;][et_pb_text _builder_version=&#8221;4.27.4&#8243; _module_preset=&#8221;default&#8221; text_font_size=&#8221;16px&#8221; header_font=&#8221;Staatliches||||||||&#8221; header_3_font=&#8221;Staatliches||||||||&#8221; custom_padding=&#8221;||0px|||&#8221; global_colors_info=&#8221;{}&#8221;]<\/p>\n<h1>Vuoden 2025 Pistetilanne<\/h1>\n<p><a href=\"https:\/\/www.nnterrierit.fi\/wp-content\/uploads\/2024\/09\/Norfolk_pisteet_paivitys_31.8.2024.pdf\" style=\"font-size: 16px;\"><\/a><a href=\"https:\/\/www.nnterrierit.fi\/wp-content\/uploads\/2025\/02\/Vuoden-2024-NN-kilpailun-pisteet_v2.pdf\"><\/a><\/p>\n<p><a href=\"https:\/\/www.nnterrierit.fi\/wp-content\/uploads\/2026\/01\/Norwich-pistepaivitys-31_12_2025.pdf\">Norwichinterrierit<\/a><br \/><a href=\"https:\/\/www.nnterrierit.fi\/wp-content\/uploads\/2026\/01\/Norfolk-pistepaivitys-31_12_2025.pdf\">Norfolkinterrierit<\/a><\/p>\n<p><a href=\"https:\/\/www.nnterrierit.fi\/wp-content\/uploads\/2026\/01\/2025-Koetulokset-pistepaivitys-31_12_2025-v2.pdf\">Koetulosten pistetilanne<\/a><em><\/em><\/p>\n<p><em><\/em><\/p>\n<p><em>Listap\u00e4ivitys lis\u00e4tty 9.1.2026<\/em><\/p>\n<p>[\/et_pb_text][\/et_pb_column][\/et_pb_row][et_pb_row column_structure=&#8221;1_3,1_3,1_3&#8243; _builder_version=&#8221;4.20.0&#8243; _module_preset=&#8221;default&#8221; global_colors_info=&#8221;{}&#8221;][et_pb_column type=&#8221;1_3&#8243; _builder_version=&#8221;4.20.0&#8243; _module_preset=&#8221;default&#8221; global_colors_info=&#8221;{}&#8221;][et_pb_button button_url=&#8221;https:\/\/www.nnterrierit.fi\/wp-content\/uploads\/2023\/03\/VuodenNN2022.pdf&#8221; button_text=&#8221;2022 tulokset&#8221; _builder_version=&#8221;4.20.0&#8243; _module_preset=&#8221;default&#8221; custom_button=&#8221;on&#8221; button_text_color=&#8221;#000000&#8243; button_font=&#8221;Staatliches||||||||&#8221; global_colors_info=&#8221;{}&#8221;][\/et_pb_button][\/et_pb_column][et_pb_column type=&#8221;1_3&#8243; _builder_version=&#8221;4.27.4&#8243; _module_preset=&#8221;default&#8221; global_colors_info=&#8221;{}&#8221;][et_pb_button button_url=&#8221;@ET-DC@eyJkeW5hbWljIjp0cnVlLCJjb250ZW50IjoicG9zdF9saW5rX3VybF9wYWdlIiwic2V0dGluZ3MiOnsicG9zdF9pZCI6IjE2MDIifX0=@&#8221; button_text=&#8221;2023 Tulokset&#8221; _builder_version=&#8221;4.27.0&#8243; _dynamic_attributes=&#8221;button_url&#8221; _module_preset=&#8221;default&#8221; custom_button=&#8221;on&#8221; button_text_color=&#8221;#000000&#8243; button_font=&#8221;Staatliches||||||||&#8221; locked=&#8221;off&#8221; global_colors_info=&#8221;{}&#8221;][\/et_pb_button][\/et_pb_column][et_pb_column type=&#8221;1_3&#8243; _builder_version=&#8221;4.20.0&#8243; _module_preset=&#8221;default&#8221; global_colors_info=&#8221;{}&#8221;][et_pb_button button_url=&#8221;@ET-DC@eyJkeW5hbWljIjp0cnVlLCJjb250ZW50IjoicG9zdF9saW5rX3VybF9wYWdlIiwic2V0dGluZ3MiOnsicG9zdF9pZCI6IjE4MzkifX0=@&#8221; button_text=&#8221;2024 Tulokset&#8221; _builder_version=&#8221;4.27.4&#8243; _dynamic_attributes=&#8221;button_url&#8221; _module_preset=&#8221;default&#8221; custom_button=&#8221;on&#8221; button_text_color=&#8221;#000000&#8243; button_font=&#8221;Staatliches||||||||&#8221; locked=&#8221;off&#8221; global_colors_info=&#8221;{}&#8221;][\/et_pb_button][\/et_pb_column][\/et_pb_row][et_pb_row column_structure=&#8221;1_2,1_2&#8243; _builder_version=&#8221;4.16&#8243; _module_preset=&#8221;default&#8221; global_colors_info=&#8221;{}&#8221;][et_pb_column type=&#8221;1_2&#8243; _builder_version=&#8221;4.16&#8243; _module_preset=&#8221;default&#8221; global_colors_info=&#8221;{}&#8221;][et_pb_text _builder_version=&#8221;4.20.0&#8243; _module_preset=&#8221;default&#8221; text_font_size=&#8221;16px&#8221; header_font=&#8221;Staatliches||||||||&#8221; header_3_font=&#8221;Staatliches||||||||&#8221; global_colors_info=&#8221;{}&#8221;]<\/p>\n<h1>Vuoden 2019 tulokset<\/h1>\n<p><a href=\"http:\/\/wp5.louhi.net\/~nnterrie\/wp-content\/uploads\/2021\/02\/NN_pisteet_Norwichit_2019_Vuoden_Norwich.pdf\">Norwichinterrierit<\/a><\/p>\n<p><a href=\"http:\/\/wp5.louhi.net\/~nnterrie\/wp-content\/uploads\/2021\/02\/NN_pisteet_2019_Norfolk_NN_pisteet_Norfolk.pdf\">Norfolkinterrierit<\/a><\/p>\n<p>[\/et_pb_text][et_pb_text _builder_version=&#8221;4.16&#8243; _module_preset=&#8221;default&#8221; text_font_size=&#8221;16px&#8221; header_font=&#8221;Staatliches||||||||&#8221; header_3_font=&#8221;Staatliches||||||||&#8221; global_colors_info=&#8221;{}&#8221;]<\/p>\n<h1>Vuoden 2017 tulokset<\/h1>\n<p><a href=\"http:\/\/wp5.louhi.net\/~nnterrie\/wp-content\/uploads\/2021\/02\/Vuoden_NN_2017_Norwichinterrierit_14.3.2018.pdf\">Norwichinterrierit<\/a><\/p>\n<p><a href=\"http:\/\/wp5.louhi.net\/~nnterrie\/wp-content\/uploads\/2021\/02\/Vuoden_NN_2017_Norfolkinterrierit_14.3.2018.pdf\">Norfolkinterrierit<\/a><\/p>\n<p>[\/et_pb_text][\/et_pb_column][et_pb_column type=&#8221;1_2&#8243; _builder_version=&#8221;4.16&#8243; _module_preset=&#8221;default&#8221; global_colors_info=&#8221;{}&#8221;][et_pb_text _builder_version=&#8221;4.16&#8243; _module_preset=&#8221;default&#8221; text_font_size=&#8221;16px&#8221; header_font=&#8221;Staatliches||||||||&#8221; header_3_font=&#8221;Staatliches||||||||&#8221; global_colors_info=&#8221;{}&#8221;]<\/p>\n<h1>Vuoden 2018 tulokset<\/h1>\n<p><a href=\"http:\/\/wp5.louhi.net\/~nnterrie\/wp-content\/uploads\/2021\/02\/Norwichit18.pdf\">Norwichinterrierit<\/a><\/p>\n<p><a href=\"http:\/\/wp5.louhi.net\/~nnterrie\/wp-content\/uploads\/2021\/02\/Norfolkit18_paiv1.pdf\">Norfolkinterrierit<\/a><\/p>\n<p>[\/et_pb_text][et_pb_text _builder_version=&#8221;4.16&#8243; _module_preset=&#8221;default&#8221; text_font_size=&#8221;16px&#8221; header_font=&#8221;Staatliches||||||||&#8221; header_3_font=&#8221;Staatliches||||||||&#8221; global_colors_info=&#8221;{}&#8221;]<\/p>\n<h1>Vuoden 2016 tulokset<\/h1>\n<p><a href=\"http:\/\/wp5.louhi.net\/~nnterrie\/wp-content\/uploads\/2021\/02\/Vuoden_NN_2016_Norwichinterrierit.pdf\">Norwichinterrierit<\/a><\/p>\n<p><a href=\"http:\/\/wp5.louhi.net\/~nnterrie\/wp-content\/uploads\/2021\/02\/Vuoden_NN_2016_Norfolkinterrierit.pdf\">Norfolkinterrierit<\/a><\/p>\n<p>[\/et_pb_text][\/et_pb_column][\/et_pb_row][\/et_pb_section]<\/p>\n","protected":false},"excerpt":{"rendered":"<p>Yhdistys palkitsee vuoden menestyneimm\u00e4t norwichin- ja norfolkinterrierit sek\u00e4 kasvattajat. Alla voit tutustua s\u00e4\u00e4nt\u00f6ihin ja aiempien vuosien tuloksiin.Kuva: Hanna HeinonenVuoden 2025 Pistetilanne NorwichinterrieritNorfolkinterrierit Koetulosten pistetilanne Listap\u00e4ivitys lis\u00e4tty 9.1.2026Vuoden 2019 tulokset Norwichinterrierit NorfolkinterrieritVuoden 2017 tulokset Norwichinterrierit NorfolkinterrieritVuoden 2018 tulokset Norwichinterrierit NorfolkinterrieritVuoden 2016 tulokset Norwichinterrierit Norfolkinterrierit<\/p>\n","protected":false},"author":1,"featured_media":0,"parent":0,"menu_order":0,"comment_status":"closed","ping_status":"closed","template":"","meta":{"_et_pb_use_builder":"on","_et_pb_old_content":"<!-- wp:divi\/placeholder \/-->","_et_gb_content_width":"","footnotes":""},"class_list":["post-92","page","type-page","status-publish","hentry"],"yoast_head":"<!-- This site is optimized with the Yoast SEO plugin v25.5 - https:\/\/yoast.com\/wordpress\/plugins\/seo\/ -->\n<title>Vuoden NN -kisa - Suomen Norwichin- ja Norfolkinterrierit ry<\/title>\n<meta name=\"robots\" content=\"index, follow, max-snippet:-1, max-image-preview:large, max-video-preview:-1\" \/>\n<link rel=\"canonical\" href=\"https:\/\/www.nnterrierit.fi\/?page_id=92\" \/>\n<meta property=\"og:locale\" content=\"en_US\" \/>\n<meta property=\"og:type\" content=\"article\" \/>\n<meta property=\"og:title\" content=\"Vuoden NN -kisa - Suomen Norwichin- ja Norfolkinterrierit ry\" \/>\n<meta property=\"og:description\" content=\"Yhdistys palkitsee vuoden menestyneimm\u00e4t norwichin- ja norfolkinterrierit sek\u00e4 kasvattajat. Alla voit tutustua s\u00e4\u00e4nt\u00f6ihin ja aiempien vuosien tuloksiin.Kuva: Hanna HeinonenVuoden 2025 Pistetilanne NorwichinterrieritNorfolkinterrierit Koetulosten pistetilanne Listap\u00e4ivitys lis\u00e4tty 9.1.2026Vuoden 2019 tulokset Norwichinterrierit NorfolkinterrieritVuoden 2017 tulokset Norwichinterrierit NorfolkinterrieritVuoden 2018 tulokset Norwichinterrierit NorfolkinterrieritVuoden 2016 tulokset Norwichinterrierit Norfolkinterrierit\" \/>\n<meta property=\"og:url\" content=\"https:\/\/www.nnterrierit.fi\/?page_id=92\" \/>\n<meta property=\"og:site_name\" content=\"Suomen Norwichin- ja Norfolkinterrierit ry\" \/>\n<meta property=\"article:modified_time\" content=\"2026-01-27T16:26:28+00:00\" \/>\n<meta name=\"twitter:card\" content=\"summary_large_image\" \/>\n<meta name=\"twitter:label1\" content=\"Est. reading time\" \/>\n\t<meta name=\"twitter:data1\" content=\"4 minutes\" \/>\n<script type=\"application\/ld+json\" class=\"yoast-schema-graph\">{\"@context\":\"https:\/\/schema.org\",\"@graph\":[{\"@type\":\"WebPage\",\"@id\":\"https:\/\/www.nnterrierit.fi\/?page_id=92\",\"url\":\"https:\/\/www.nnterrierit.fi\/?page_id=92\",\"name\":\"Vuoden NN -kisa - Suomen Norwichin- ja Norfolkinterrierit ry\",\"isPartOf\":{\"@id\":\"https:\/\/www.nnterrierit.fi\/#website\"},\"datePublished\":\"2020-11-29T11:35:57+00:00\",\"dateModified\":\"2026-01-27T16:26:28+00:00\",\"breadcrumb\":{\"@id\":\"https:\/\/www.nnterrierit.fi\/?page_id=92#breadcrumb\"},\"inLanguage\":\"en\",\"potentialAction\":[{\"@type\":\"ReadAction\",\"target\":[\"https:\/\/www.nnterrierit.fi\/?page_id=92\"]}]},{\"@type\":\"BreadcrumbList\",\"@id\":\"https:\/\/www.nnterrierit.fi\/?page_id=92#breadcrumb\",\"itemListElement\":[{\"@type\":\"ListItem\",\"position\":1,\"name\":\"Home\",\"item\":\"https:\/\/www.nnterrierit.fi\/\"},{\"@type\":\"ListItem\",\"position\":2,\"name\":\"Vuoden NN -kisa\"}]},{\"@type\":\"WebSite\",\"@id\":\"https:\/\/www.nnterrierit.fi\/#website\",\"url\":\"https:\/\/www.nnterrierit.fi\/\",\"name\":\"Suomen Norwichin- ja Norfolkinterrierit ry\",\"description\":\"\",\"potentialAction\":[{\"@type\":\"SearchAction\",\"target\":{\"@type\":\"EntryPoint\",\"urlTemplate\":\"https:\/\/www.nnterrierit.fi\/?s={search_term_string}\"},\"query-input\":{\"@type\":\"PropertyValueSpecification\",\"valueRequired\":true,\"valueName\":\"search_term_string\"}}],\"inLanguage\":\"en\"}]}<\/script>\n<!-- \/ Yoast SEO plugin. -->","yoast_head_json":{"title":"Vuoden NN -kisa - Suomen Norwichin- ja Norfolkinterrierit ry","robots":{"index":"index","follow":"follow","max-snippet":"max-snippet:-1","max-image-preview":"max-image-preview:large","max-video-preview":"max-video-preview:-1"},"canonical":"https:\/\/www.nnterrierit.fi\/?page_id=92","og_locale":"en_US","og_type":"article","og_title":"Vuoden NN -kisa - Suomen Norwichin- ja Norfolkinterrierit ry","og_description":"Yhdistys palkitsee vuoden menestyneimm\u00e4t norwichin- ja norfolkinterrierit sek\u00e4 kasvattajat. Alla voit tutustua s\u00e4\u00e4nt\u00f6ihin ja aiempien vuosien tuloksiin.Kuva: Hanna HeinonenVuoden 2025 Pistetilanne NorwichinterrieritNorfolkinterrierit Koetulosten pistetilanne Listap\u00e4ivitys lis\u00e4tty 9.1.2026Vuoden 2019 tulokset Norwichinterrierit NorfolkinterrieritVuoden 2017 tulokset Norwichinterrierit NorfolkinterrieritVuoden 2018 tulokset Norwichinterrierit NorfolkinterrieritVuoden 2016 tulokset Norwichinterrierit Norfolkinterrierit","og_url":"https:\/\/www.nnterrierit.fi\/?page_id=92","og_site_name":"Suomen Norwichin- ja Norfolkinterrierit ry","article_modified_time":"2026-01-27T16:26:28+00:00","twitter_card":"summary_large_image","twitter_misc":{"Est. reading time":"4 minutes"},"schema":{"@context":"https:\/\/schema.org","@graph":[{"@type":"WebPage","@id":"https:\/\/www.nnterrierit.fi\/?page_id=92","url":"https:\/\/www.nnterrierit.fi\/?page_id=92","name":"Vuoden NN -kisa - Suomen Norwichin- ja Norfolkinterrierit ry","isPartOf":{"@id":"https:\/\/www.nnterrierit.fi\/#website"},"datePublished":"2020-11-29T11:35:57+00:00","dateModified":"2026-01-27T16:26:28+00:00","breadcrumb":{"@id":"https:\/\/www.nnterrierit.fi\/?page_id=92#breadcrumb"},"inLanguage":"en","potentialAction":[{"@type":"ReadAction","target":["https:\/\/www.nnterrierit.fi\/?page_id=92"]}]},{"@type":"BreadcrumbList","@id":"https:\/\/www.nnterrierit.fi\/?page_id=92#breadcrumb","itemListElement":[{"@type":"ListItem","position":1,"name":"Home","item":"https:\/\/www.nnterrierit.fi\/"},{"@type":"ListItem","position":2,"name":"Vuoden NN -kisa"}]},{"@type":"WebSite","@id":"https:\/\/www.nnterrierit.fi\/#website","url":"https:\/\/www.nnterrierit.fi\/","name":"Suomen Norwichin- ja Norfolkinterrierit ry","description":"","potentialAction":[{"@type":"SearchAction","target":{"@type":"EntryPoint","urlTemplate":"https:\/\/www.nnterrierit.fi\/?s={search_term_string}"},"query-input":{"@type":"PropertyValueSpecification","valueRequired":true,"valueName":"search_term_string"}}],"inLanguage":"en"}]}},"_links":{"self":[{"href":"https:\/\/www.nnterrierit.fi\/index.php?rest_route=\/wp\/v2\/pages\/92","targetHints":{"allow":["GET"]}}],"collection":[{"href":"https:\/\/www.nnterrierit.fi\/index.php?rest_route=\/wp\/v2\/pages"}],"about":[{"href":"https:\/\/www.nnterrierit.fi\/index.php?rest_route=\/wp\/v2\/types\/page"}],"author":[{"embeddable":true,"href":"https:\/\/www.nnterrierit.fi\/index.php?rest_route=\/wp\/v2\/users\/1"}],"replies":[{"embeddable":true,"href":"https:\/\/www.nnterrierit.fi\/index.php?rest_route=%2Fwp%2Fv2%2Fcomments&post=92"}],"version-history":[{"count":37,"href":"https:\/\/www.nnterrierit.fi\/index.php?rest_route=\/wp\/v2\/pages\/92\/revisions"}],"predecessor-version":[{"id":2051,"href":"https:\/\/www.nnterrierit.fi\/index.php?rest_route=\/wp\/v2\/pages\/92\/revisions\/2051"}],"wp:attachment":[{"href":"https:\/\/www.nnterrierit.fi\/index.php?rest_route=%2Fwp%2Fv2%2Fmedia&parent=92"}],"curies":[{"name":"wp","href":"https:\/\/api.w.org\/{rel}","templated":true}]}}