{"id":90,"date":"2020-11-29T11:35:14","date_gmt":"2020-11-29T11:35:14","guid":{"rendered":"http:\/\/wp5.louhi.net\/~nnterrie\/?page_id=90"},"modified":"2024-12-01T15:46:50","modified_gmt":"2024-12-01T15:46:50","slug":"trimmikurssit","status":"publish","type":"page","link":"https:\/\/www.nnterrierit.fi\/?page_id=90","title":{"rendered":"Trimmikurssit"},"content":{"rendered":"<p>[et_pb_section fb_built=&#8221;1&#8243; module_id=&#8221;global-header-section&#8221; _builder_version=&#8221;4.16&#8243; _module_preset=&#8221;default&#8221; background_color=&#8221;#ffffff&#8221; z_index=&#8221;0&#8243; position_origin_a_tablet=&#8221;&#8221; position_origin_a_phone=&#8221;&#8221; position_origin_a_last_edited=&#8221;on|desktop&#8221; position_origin_f_tablet=&#8221;&#8221; position_origin_f_phone=&#8221;&#8221; position_origin_f_last_edited=&#8221;on|desktop&#8221; position_origin_r_tablet=&#8221;&#8221; position_origin_r_phone=&#8221;&#8221; position_origin_r_last_edited=&#8221;on|desktop&#8221; width=&#8221;100%&#8221; custom_padding=&#8221;1vw||1vw||false|false&#8221; positioning_tablet=&#8221;&#8221; positioning_phone=&#8221;&#8221; positioning_last_edited=&#8221;on|desktop&#8221; box_shadow_style=&#8221;preset2&#8243; box_shadow_blur=&#8221;30px&#8221; global_colors_info=&#8221;{}&#8221; z_index__hover_enabled=&#8221;on|desktop&#8221; z_index__hover=&#8221;0&#8243;][et_pb_row column_structure=&#8221;1_5,3_5,1_5&#8243; use_custom_gutter=&#8221;on&#8221; gutter_width=&#8221;1&#8243; make_equal=&#8221;on&#8221; _builder_version=&#8221;4.16&#8243; _module_preset=&#8221;default&#8221; width=&#8221;100%&#8221; max_width=&#8221;100%&#8221; custom_padding=&#8221;0px||0px||false|false&#8221; custom_css_main_element=&#8221;display: flex;||align-items: center;&#8221; global_colors_info=&#8221;{}&#8221;][et_pb_column type=&#8221;1_5&#8243; _builder_version=&#8221;4.16&#8243; _module_preset=&#8221;default&#8221; global_colors_info=&#8221;{}&#8221;][et_pb_image src=&#8221;http:\/\/wp5.louhi.net\/~nnterrie\/wp-content\/uploads\/2020\/11\/NN-LOGO.jpg&#8221; title_text=&#8221;NN LOGO&#8221; url=&#8221;@ET-DC@eyJkeW5hbWljIjp0cnVlLCJjb250ZW50IjoiaG9tZV91cmwiLCJzZXR0aW5ncyI6e319@&#8221; align=&#8221;center&#8221; _builder_version=&#8221;4.16&#8243; _dynamic_attributes=&#8221;url&#8221; _module_preset=&#8221;default&#8221; height=&#8221;100px&#8221; height_tablet=&#8221;&#8221; height_phone=&#8221;50px&#8221; height_last_edited=&#8221;on|phone&#8221; custom_margin=&#8221;|||15px|false|false&#8221; custom_padding=&#8221;0px|0px|0px|0px|false|false&#8221; global_colors_info=&#8221;{}&#8221;][\/et_pb_image][\/et_pb_column][et_pb_column type=&#8221;3_5&#8243; _builder_version=&#8221;4.16&#8243; _module_preset=&#8221;default&#8221; global_colors_info=&#8221;{}&#8221;][et_pb_menu menu_style=&#8221;centered&#8221; dropdown_menu_line_color=&#8221;#e02b20&#8243; menu_icon_color=&#8221;#e02b20&#8243; _builder_version=&#8221;4.16&#8243; _module_preset=&#8221;default&#8221; menu_font=&#8221;Staatliches||||||||&#8221; menu_font_size=&#8221;20px&#8221; menu_text_color_tablet=&#8221;&#8221; menu_text_color_phone=&#8221;&#8221; menu_text_color_last_edited=&#8221;on|phone&#8221; menu_font_size_tablet=&#8221;&#8221; menu_font_size_phone=&#8221;13px&#8221; menu_font_size_last_edited=&#8221;on|desktop&#8221; global_colors_info=&#8221;{}&#8221;][\/et_pb_menu][et_pb_code _builder_version=&#8221;4.16&#8243; _module_preset=&#8221;default&#8221; global_colors_info=&#8221;{}&#8221;][\/et_pb_code][\/et_pb_column][et_pb_column type=&#8221;1_5&#8243; _builder_version=&#8221;4.16&#8243; _module_preset=&#8221;default&#8221; global_colors_info=&#8221;{}&#8221;][et_pb_social_media_follow icon_color=&#8221;#e02b20&#8243; _builder_version=&#8221;4.16&#8243; _module_preset=&#8221;default&#8221; text_orientation=&#8221;center&#8221; global_colors_info=&#8221;{}&#8221;][et_pb_social_media_follow_network social_network=&#8221;facebook&#8221; url=&#8221;https:\/\/www.facebook.com\/NNterrierit\/&#8221; _builder_version=&#8221;4.16&#8243; _module_preset=&#8221;default&#8221; global_colors_info=&#8221;{}&#8221; follow_button=&#8221;off&#8221; url_new_window=&#8221;on&#8221;]facebook[\/et_pb_social_media_follow_network][\/et_pb_social_media_follow][\/et_pb_column][\/et_pb_row][\/et_pb_section][et_pb_section fb_built=&#8221;1&#8243; fullwidth=&#8221;on&#8221; _builder_version=&#8221;4.16&#8243; _module_preset=&#8221;default&#8221; global_colors_info=&#8221;{}&#8221;][et_pb_fullwidth_header title=&#8221;Trimmikurssit&#8221; _builder_version=&#8221;4.16&#8243; _module_preset=&#8221;default&#8221; title_font=&#8221;Staatliches||||||||&#8221; title_font_size=&#8221;37px&#8221; content_font=&#8221;Open Sans||||||||&#8221; content_font_size=&#8221;20px&#8221; background_color=&#8221;#8f8f8f&#8221; height=&#8221;300px&#8221; height_tablet=&#8221;450px&#8221; height_phone=&#8221;450px&#8221; height_last_edited=&#8221;on|desktop&#8221; custom_padding=&#8221;100px||||false|false&#8221; custom_padding_tablet=&#8221;250px||||false|false&#8221; custom_padding_phone=&#8221;&#8221; custom_padding_last_edited=&#8221;on|phone&#8221; global_colors_info=&#8221;{}&#8221;]Yhdistys j\u00e4rjest\u00e4\u00e4 j\u00e4senilleen trimmikursseja kolmella eri paikkakunnalla. Tervetuloa mukaan![\/et_pb_fullwidth_header][\/et_pb_section][et_pb_section fb_built=&#8221;1&#8243; _builder_version=&#8221;4.16&#8243; _module_preset=&#8221;default&#8221; custom_padding=&#8221;10px||10px||false|false&#8221; global_colors_info=&#8221;{}&#8221;][et_pb_row column_structure=&#8221;1_3,1_3,1_3&#8243; use_custom_gutter=&#8221;on&#8221; gutter_width=&#8221;2&#8243; _builder_version=&#8221;4.16&#8243; _module_preset=&#8221;default&#8221; custom_padding=&#8221;0px|||||&#8221; global_colors_info=&#8221;{}&#8221;][et_pb_column type=&#8221;1_3&#8243; _builder_version=&#8221;4.16&#8243; _module_preset=&#8221;default&#8221; global_colors_info=&#8221;{}&#8221;][et_pb_text _builder_version=&#8221;4.27.0&#8243; _module_preset=&#8221;default&#8221; header_font=&#8221;Staatliches||||||||&#8221; header_4_font=&#8221;Staatliches||||||||&#8221; background_color=&#8221;#d6d6d6&#8243; height=&#8221;390px&#8221; custom_margin=&#8221;0px||0px||false|false&#8221; custom_padding=&#8221;10px|20px|10px|20px|true|true&#8221; border_radii=&#8221;on|10px|10px|10px|10px&#8221; global_colors_info=&#8221;{}&#8221;]<\/p>\n<h1 style=\"text-align: center;\">Helsinki<\/h1>\n<p>PERUTTU kev\u00e4\u00e4lt\u00e4 2025.<\/p>\n<p><strong>Paikka:<\/strong> Kerhohuone N\u00e4\u00e4t\u00e4tie 21, 00800 Helsinki<\/p>\n<p><strong>Aika:<\/strong> 17.00-20.00<\/p>\n<p>Kertahinta: 15e. Maksu MobilePay (044 2583555) heti ilmoittautumisen yhteydess\u00e4.<\/p>\n<p>Ilmoittautuminen (sek\u00e4 peruutus) etuk\u00e4teen viim. edellisen\u00e4 viikonloppun Ani Lehtoselle: <a href=\"mailto:sirakkaan@gmail.com\">sirakkaan@gmail.com<\/a><\/p>\n<p>[\/et_pb_text][\/et_pb_column][et_pb_column type=&#8221;1_3&#8243; _builder_version=&#8221;4.16&#8243; _module_preset=&#8221;default&#8221; global_colors_info=&#8221;{}&#8221;][et_pb_text _builder_version=&#8221;4.27.0&#8243; _module_preset=&#8221;default&#8221; header_font=&#8221;Staatliches||||||||&#8221; header_4_font=&#8221;Staatliches||||||||&#8221; background_color=&#8221;#d6d6d6&#8243; height=&#8221;390px&#8221; custom_margin=&#8221;0px||0px||false|false&#8221; custom_padding=&#8221;9px|20px|9px|20px|true|true&#8221; border_radii=&#8221;on|10px|10px|10px|10px&#8221; global_colors_info=&#8221;{}&#8221;]<\/p>\n<h1 style=\"text-align: center;\">Turku<\/h1>\n<p>Vuoden 2024 kurssip\u00e4iv\u00e4t: 12.10.2024, 9.11.2024 ja 13.11.2024.<\/p>\n<p><strong>Paikka:<\/strong> HAUska-Halli<br \/><span>Ruunikkokatu 3, Turku, Finland<\/span><br \/>(huom! sis\u00e4keng\u00e4t tai sukkasillaan!)<br \/><strong>Aika:<\/strong> 13.00-16.00<\/p>\n<p>Kertahinta: 15e. Maksu MobilePay (050 5635121, Paula) heti ilmoittautumisen yhteydess\u00e4. Peruutukset viikkoa ennen.<\/p>\n<p>Ilmoittautuminen etuk\u00e4teen viim. edellisen\u00e4 viikonloppuna Paula Tynkkyselle p. 050 5635121.<\/p>\n<p>[\/et_pb_text][\/et_pb_column][et_pb_column type=&#8221;1_3&#8243; _builder_version=&#8221;4.16&#8243; _module_preset=&#8221;default&#8221; global_colors_info=&#8221;{}&#8221;][et_pb_text _builder_version=&#8221;4.26.1&#8243; _module_preset=&#8221;default&#8221; header_font=&#8221;Staatliches||||||||&#8221; header_4_font=&#8221;Staatliches||||||||&#8221; background_color=&#8221;#d6d6d6&#8243; height=&#8221;390px&#8221; custom_margin=&#8221;0px||0px||false|false&#8221; custom_padding=&#8221;10px|20px|10px|20px|true|true&#8221; border_radii=&#8221;on|10px|10px|10px|10px&#8221; global_colors_info=&#8221;{}&#8221;]<\/p>\n<h1 style=\"text-align: center;\">Tampere<\/h1>\n<h4><\/h4>\n<p><strong>Paikka:<\/strong> Pohjois-H\u00e4meen kennelpiirin tilat, Tampereentie 484, 33880 Lemp\u00e4\u00e4l\u00e4<br \/>(huom! sis\u00e4keng\u00e4t tai sukkasillaan!)<br \/><strong>Aika:<\/strong> 17.30-20.30<\/p>\n<p>Kertahinta: 15e (k\u00e4teisell\u00e4 paikanp\u00e4\u00e4ll\u00e4)<\/p>\n<p>Ilmoittautuminen etuk\u00e4teen Tanja Seiloolle: <a href=\"mailto:marittapalmroos@gmail.com\">tanja@karloon.fi<\/a>\u00a0tai WA 050-5557 558.<\/p>\n<p>[\/et_pb_text][\/et_pb_column][\/et_pb_row][et_pb_row _builder_version=&#8221;4.16&#8243; _module_preset=&#8221;default&#8221; custom_padding=&#8221;0px||0px||false|false&#8221; global_colors_info=&#8221;{}&#8221;][et_pb_column type=&#8221;4_4&#8243; _builder_version=&#8221;4.16&#8243; _module_preset=&#8221;default&#8221; global_colors_info=&#8221;{}&#8221;][et_pb_text _builder_version=&#8221;4.16&#8243; _module_preset=&#8221;default&#8221; text_font_size=&#8221;16px&#8221; background_color=&#8221;#d6d6d6&#8243; custom_padding=&#8221;10px|20px|10px|20px|false|false&#8221; border_radii=&#8221;on|10px|10px|10px|10px&#8221; global_colors_info=&#8221;{}&#8221;]Osallistujille tarjolla my\u00f6s kahvia ja pient\u00e4 purtavaa mukavasta seurasta puhumattakaan.<\/p>\n<p>Jos mahdollista ota mukaasi:\u00a0metallikampa, py\u00f6re\u00e4p\u00e4iset sakset, ohennussakset (jos on), kynsisakset ja trimmip\u00f6yt\u00e4 tai kumimatto (autosta) liukuesteeksi p\u00f6yd\u00e4lle.[\/et_pb_text][\/et_pb_column][\/et_pb_row][et_pb_row column_structure=&#8221;1_2,1_2&#8243; _builder_version=&#8221;4.16&#8243; _module_preset=&#8221;default&#8221; global_colors_info=&#8221;{}&#8221;][et_pb_column type=&#8221;1_2&#8243; _builder_version=&#8221;4.16&#8243; _module_preset=&#8221;default&#8221; global_colors_info=&#8221;{}&#8221;][et_pb_image src=&#8221;http:\/\/wp5.louhi.net\/~nnterrie\/wp-content\/uploads\/2021\/01\/IMG-20210124-WA0018.jpg&#8221; title_text=&#8221;IMG-20210124-WA0018&#8243; _builder_version=&#8221;4.16&#8243; _module_preset=&#8221;default&#8221; global_colors_info=&#8221;{}&#8221;][\/et_pb_image][\/et_pb_column][et_pb_column type=&#8221;1_2&#8243; _builder_version=&#8221;4.16&#8243; _module_preset=&#8221;default&#8221; global_colors_info=&#8221;{}&#8221;][et_pb_image src=&#8221;http:\/\/wp5.louhi.net\/~nnterrie\/wp-content\/uploads\/2021\/01\/IMG-20210124-WA0026.jpg&#8221; title_text=&#8221;IMG-20210124-WA0026&#8243; _builder_version=&#8221;4.16&#8243; _module_preset=&#8221;default&#8221; global_colors_info=&#8221;{}&#8221;][\/et_pb_image][\/et_pb_column][\/et_pb_row][\/et_pb_section][et_pb_section fb_built=&#8221;1&#8243; _builder_version=&#8221;4.16&#8243; _module_preset=&#8221;default&#8221; custom_padding=&#8221;4px||4px||false|false&#8221; global_colors_info=&#8221;{}&#8221;][et_pb_row column_structure=&#8221;1_2,1_2&#8243; _builder_version=&#8221;4.19.4&#8243; _module_preset=&#8221;default&#8221; global_colors_info=&#8221;{}&#8221;][et_pb_column type=&#8221;1_2&#8243; _builder_version=&#8221;4.19.4&#8243; _module_preset=&#8221;default&#8221; global_colors_info=&#8221;{}&#8221;][et_pb_image src=&#8221;http:\/\/wp5.louhi.net\/~nnterrie\/wp-content\/uploads\/2020\/12\/Royal-Canin_logo_2020-scaled.jpg&#8221; title_text=&#8221;Royal Canin_logo_2020&#8243; url=&#8221;https:\/\/www.royalcanin.com\/fi&#8221; align=&#8221;center&#8221; _builder_version=&#8221;4.19.4&#8243; _module_preset=&#8221;default&#8221; width=&#8221;70%&#8221; custom_padding=&#8221;|0px||||&#8221; global_colors_info=&#8221;{}&#8221;][\/et_pb_image][\/et_pb_column][et_pb_column type=&#8221;1_2&#8243; _builder_version=&#8221;4.19.4&#8243; _module_preset=&#8221;default&#8221; global_colors_info=&#8221;{}&#8221;][et_pb_image src=&#8221;https:\/\/www.nnterrierit.fi\/wp-content\/uploads\/2024\/08\/Biofarm-elaintarkealla-logo_UUSI.png&#8221; title_text=&#8221;Biofarm-ela\u0308inta\u0308rkea\u0308lla\u0308-logo_UUSI&#8221; _builder_version=&#8221;4.27.0&#8243; _module_preset=&#8221;default&#8221; global_colors_info=&#8221;{}&#8221;][\/et_pb_image][\/et_pb_column][\/et_pb_row][et_pb_row column_structure=&#8221;1_2,1_2&#8243; _builder_version=&#8221;4.19.4&#8243; _module_preset=&#8221;default&#8221; global_colors_info=&#8221;{}&#8221;][et_pb_column type=&#8221;1_2&#8243; _builder_version=&#8221;4.19.4&#8243; _module_preset=&#8221;default&#8221; global_colors_info=&#8221;{}&#8221;][\/et_pb_column][et_pb_column type=&#8221;1_2&#8243; _builder_version=&#8221;4.19.4&#8243; _module_preset=&#8221;default&#8221; global_colors_info=&#8221;{}&#8221;][\/et_pb_column][\/et_pb_row][\/et_pb_section][et_pb_section fb_built=&#8221;1&#8243; _builder_version=&#8221;4.16&#8243; _module_preset=&#8221;default&#8221; background_color=&#8221;#d6d6d6&#8243; global_colors_info=&#8221;{}&#8221;][et_pb_row column_structure=&#8221;1_3,1_3,1_3&#8243; _builder_version=&#8221;4.16&#8243; _module_preset=&#8221;default&#8221; global_colors_info=&#8221;{}&#8221;][et_pb_column type=&#8221;1_3&#8243; _builder_version=&#8221;4.16&#8243; _module_preset=&#8221;default&#8221; global_colors_info=&#8221;{}&#8221;][et_pb_blurb title=&#8221;Puheenjohtaja&#8221; use_icon=&#8221;on&#8221; font_icon=&#8221;&#xe010;||divi||400&#8243; icon_color=&#8221;#e02b20&#8243; image_icon_width=&#8221;29px&#8221; _builder_version=&#8221;4.16&#8243; _module_preset=&#8221;default&#8221; header_font=&#8221;Staatliches||||||||&#8221; body_font=&#8221;Open Sans||||||||&#8221; text_orientation=&#8221;center&#8221; custom_margin=&#8221;||0px||false|false&#8221; custom_padding=&#8221;||0px||false|false&#8221; icon_font_size=&#8221;29px&#8221; global_colors_info=&#8221;{}&#8221;]<\/p>\n<h1><\/h1>\n<p>Tanja Seiloo<br \/> tanja@karloon.fi<\/p>\n<p>&nbsp;<\/p>\n<p>[\/et_pb_blurb][et_pb_blurb title=&#8221;Sihteeri&#8221; use_icon=&#8221;on&#8221; _builder_version=&#8221;4.16&#8243; _module_preset=&#8221;default&#8221; header_font=&#8221;Staatliches||||||||&#8221; header_text_align=&#8221;center&#8221; custom_margin=&#8221;0px||||false|false&#8221; custom_padding=&#8221;0px||||false|false&#8221; global_colors_info=&#8221;{}&#8221;]<\/p>\n<p style=\"text-align: center;\">Marja Salminen<br \/> porrigito@gmail.com<\/p>\n<p>[\/et_pb_blurb][\/et_pb_column][et_pb_column type=&#8221;1_3&#8243; _builder_version=&#8221;4.16&#8243; _module_preset=&#8221;default&#8221; global_colors_info=&#8221;{}&#8221;][\/et_pb_column][et_pb_column type=&#8221;1_3&#8243; _builder_version=&#8221;4.16&#8243; _module_preset=&#8221;default&#8221; global_colors_info=&#8221;{}&#8221;][et_pb_text _builder_version=&#8221;4.23.4&#8243; _module_preset=&#8221;default&#8221; text_font=&#8221;Open Sans||||||||&#8221; link_font=&#8221;||||||||&#8221; link_text_color=&#8221;#000000&#8243; header_font=&#8221;Staatliches||||||||&#8221; custom_padding=&#8221;||1px|||&#8221; global_colors_info=&#8221;{}&#8221;]<\/p>\n<h1>Hy\u00f6dyllisi\u00e4 linkkej\u00e4<\/h1>\n<p><a href=\"https:\/\/www.kennelliitto.fi\"><span style=\"text-decoration: line-through;\"><\/span>Kennelliitto<\/a><br \/><a href=\"http:\/\/www.norwichterrierclub.co.uk\">Norwich Terrier Club UK<\/a><br \/><a href=\"http:\/\/www.norwichterrierklubben.se\">Svenska Norwichterrierklubben<\/a><br \/><a href=\"https:\/\/norwichterrierclub.org\">Norwich Terrier Club of America<\/a><br \/><a href=\"http:\/\/www.norfolkterrierclub.co.uk\">The Norfolk Terrier Club of Great Britain<\/a><br \/><a href=\"https:\/\/www.mcnorfolkterriers.com\/#!about-the-club\/c1qt5\">Midland Counties Norfolk Terrier Association<\/a><br \/><a href=\"http:\/\/svenskanorfolkterrierklubben.se\">Svenska Norfolkterrierklubben<\/a><br \/><a href=\"http:\/\/norfolkterrierclub.org\">The Norfolk Terrier Club (of America)<\/a><br \/><a href=\"https:\/\/www.royalcanin.com\/fi\">Royal Canin Suomi<\/a><br \/><a href=\"https:\/\/www.faunapharma.fi\/\" target=\"_blank\" rel=\"noopener\">FaunaPharma<\/a><br \/><a href=\"https:\/\/vezer.fi\/\" target=\"_blank\" rel=\"noopener\">Vezer<\/a><\/p>\n<p>[\/et_pb_text][\/et_pb_column][\/et_pb_row][\/et_pb_section][et_pb_section fb_built=&#8221;1&#8243; _builder_version=&#8221;4.16&#8243; _module_preset=&#8221;default&#8221; background_color=&#8221;#6b6b6b&#8221; height=&#8221;45px&#8221; custom_margin=&#8221;0px||0px||false|false&#8221; custom_padding=&#8221;0px||0px||false|false&#8221; global_colors_info=&#8221;{}&#8221;][et_pb_row _builder_version=&#8221;4.16&#8243; _module_preset=&#8221;default&#8221; custom_padding=&#8221;10px||0px||false|false&#8221; global_colors_info=&#8221;{}&#8221;][et_pb_column type=&#8221;4_4&#8243; _builder_version=&#8221;4.16&#8243; _module_preset=&#8221;default&#8221; global_colors_info=&#8221;{}&#8221;][et_pb_text _builder_version=&#8221;4.16&#8243; _module_preset=&#8221;default&#8221; text_font=&#8221;Open Sans||||||||&#8221; text_text_color=&#8221;#000000&#8243; link_text_color=&#8221;#ffffff&#8221; global_colors_info=&#8221;{}&#8221;]<\/p>\n<p><a href=\"http:\/\/wp5.louhi.net\/~nnterrie\/wp-content\/uploads\/2021\/01\/Tietosuojaseloste_NN.pdf\">Tietosuojaseloste<\/a><\/p>\n<p>[\/et_pb_text][\/et_pb_column][\/et_pb_row][\/et_pb_section]<\/p>\n","protected":false},"excerpt":{"rendered":"<p>Yhdistys j\u00e4rjest\u00e4\u00e4 j\u00e4senilleen trimmikursseja kolmella eri paikkakunnalla. Tervetuloa mukaan!Helsinki PERUTTU kev\u00e4\u00e4lt\u00e4 2025. Paikka: Kerhohuone N\u00e4\u00e4t\u00e4tie 21, 00800 Helsinki Aika: 17.00-20.00 Kertahinta: 15e. Maksu MobilePay (044 2583555) heti ilmoittautumisen yhteydess\u00e4. Ilmoittautuminen (sek\u00e4 peruutus) etuk\u00e4teen viim. edellisen\u00e4 viikonloppun Ani Lehtoselle: sirakkaan@gmail.comTurku Vuoden 2024 kurssip\u00e4iv\u00e4t: 12.10.2024, 9.11.2024 ja 13.11.2024. Paikka: HAUska-HalliRuunikkokatu 3, Turku, Finland(huom! sis\u00e4keng\u00e4t tai sukkasillaan!)Aika: 13.00-16.00 [&hellip;]<\/p>\n","protected":false},"author":1,"featured_media":0,"parent":0,"menu_order":0,"comment_status":"closed","ping_status":"closed","template":"","meta":{"_et_pb_use_builder":"on","_et_pb_old_content":"<!-- wp:divi\/placeholder \/-->","_et_gb_content_width":"","footnotes":""},"class_list":["post-90","page","type-page","status-publish","hentry"],"yoast_head":"<!-- This site is optimized with the Yoast SEO plugin v25.5 - https:\/\/yoast.com\/wordpress\/plugins\/seo\/ -->\n<title>Trimmikurssit - Suomen Norwichin- ja Norfolkinterrierit ry<\/title>\n<meta name=\"robots\" content=\"index, follow, max-snippet:-1, max-image-preview:large, max-video-preview:-1\" \/>\n<link rel=\"canonical\" href=\"https:\/\/www.nnterrierit.fi\/?page_id=90\" \/>\n<meta property=\"og:locale\" content=\"en_US\" \/>\n<meta property=\"og:type\" content=\"article\" \/>\n<meta property=\"og:title\" content=\"Trimmikurssit - Suomen Norwichin- ja Norfolkinterrierit ry\" \/>\n<meta property=\"og:description\" content=\"Yhdistys j\u00e4rjest\u00e4\u00e4 j\u00e4senilleen trimmikursseja kolmella eri paikkakunnalla. Tervetuloa mukaan!Helsinki PERUTTU kev\u00e4\u00e4lt\u00e4 2025. Paikka: Kerhohuone N\u00e4\u00e4t\u00e4tie 21, 00800 Helsinki Aika: 17.00-20.00 Kertahinta: 15e. Maksu MobilePay (044 2583555) heti ilmoittautumisen yhteydess\u00e4. Ilmoittautuminen (sek\u00e4 peruutus) etuk\u00e4teen viim. edellisen\u00e4 viikonloppun Ani Lehtoselle: sirakkaan@gmail.comTurku Vuoden 2024 kurssip\u00e4iv\u00e4t: 12.10.2024, 9.11.2024 ja 13.11.2024. Paikka: HAUska-HalliRuunikkokatu 3, Turku, Finland(huom! sis\u00e4keng\u00e4t tai sukkasillaan!)Aika: 13.00-16.00 [&hellip;]\" \/>\n<meta property=\"og:url\" content=\"https:\/\/www.nnterrierit.fi\/?page_id=90\" \/>\n<meta property=\"og:site_name\" content=\"Suomen Norwichin- ja Norfolkinterrierit ry\" \/>\n<meta property=\"article:modified_time\" content=\"2024-12-01T15:46:50+00:00\" \/>\n<meta name=\"twitter:card\" content=\"summary_large_image\" \/>\n<meta name=\"twitter:label1\" content=\"Est. reading time\" \/>\n\t<meta name=\"twitter:data1\" content=\"1 minute\" \/>\n<script type=\"application\/ld+json\" class=\"yoast-schema-graph\">{\"@context\":\"https:\/\/schema.org\",\"@graph\":[{\"@type\":\"WebPage\",\"@id\":\"https:\/\/www.nnterrierit.fi\/?page_id=90\",\"url\":\"https:\/\/www.nnterrierit.fi\/?page_id=90\",\"name\":\"Trimmikurssit - Suomen Norwichin- ja Norfolkinterrierit ry\",\"isPartOf\":{\"@id\":\"https:\/\/www.nnterrierit.fi\/#website\"},\"datePublished\":\"2020-11-29T11:35:14+00:00\",\"dateModified\":\"2024-12-01T15:46:50+00:00\",\"breadcrumb\":{\"@id\":\"https:\/\/www.nnterrierit.fi\/?page_id=90#breadcrumb\"},\"inLanguage\":\"en\",\"potentialAction\":[{\"@type\":\"ReadAction\",\"target\":[\"https:\/\/www.nnterrierit.fi\/?page_id=90\"]}]},{\"@type\":\"BreadcrumbList\",\"@id\":\"https:\/\/www.nnterrierit.fi\/?page_id=90#breadcrumb\",\"itemListElement\":[{\"@type\":\"ListItem\",\"position\":1,\"name\":\"Home\",\"item\":\"https:\/\/www.nnterrierit.fi\/\"},{\"@type\":\"ListItem\",\"position\":2,\"name\":\"Trimmikurssit\"}]},{\"@type\":\"WebSite\",\"@id\":\"https:\/\/www.nnterrierit.fi\/#website\",\"url\":\"https:\/\/www.nnterrierit.fi\/\",\"name\":\"Suomen Norwichin- ja Norfolkinterrierit ry\",\"description\":\"\",\"potentialAction\":[{\"@type\":\"SearchAction\",\"target\":{\"@type\":\"EntryPoint\",\"urlTemplate\":\"https:\/\/www.nnterrierit.fi\/?s={search_term_string}\"},\"query-input\":{\"@type\":\"PropertyValueSpecification\",\"valueRequired\":true,\"valueName\":\"search_term_string\"}}],\"inLanguage\":\"en\"}]}<\/script>\n<!-- \/ Yoast SEO plugin. -->","yoast_head_json":{"title":"Trimmikurssit - Suomen Norwichin- ja Norfolkinterrierit ry","robots":{"index":"index","follow":"follow","max-snippet":"max-snippet:-1","max-image-preview":"max-image-preview:large","max-video-preview":"max-video-preview:-1"},"canonical":"https:\/\/www.nnterrierit.fi\/?page_id=90","og_locale":"en_US","og_type":"article","og_title":"Trimmikurssit - Suomen Norwichin- ja Norfolkinterrierit ry","og_description":"Yhdistys j\u00e4rjest\u00e4\u00e4 j\u00e4senilleen trimmikursseja kolmella eri paikkakunnalla. Tervetuloa mukaan!Helsinki PERUTTU kev\u00e4\u00e4lt\u00e4 2025. Paikka: Kerhohuone N\u00e4\u00e4t\u00e4tie 21, 00800 Helsinki Aika: 17.00-20.00 Kertahinta: 15e. Maksu MobilePay (044 2583555) heti ilmoittautumisen yhteydess\u00e4. Ilmoittautuminen (sek\u00e4 peruutus) etuk\u00e4teen viim. edellisen\u00e4 viikonloppun Ani Lehtoselle: sirakkaan@gmail.comTurku Vuoden 2024 kurssip\u00e4iv\u00e4t: 12.10.2024, 9.11.2024 ja 13.11.2024. Paikka: HAUska-HalliRuunikkokatu 3, Turku, Finland(huom! sis\u00e4keng\u00e4t tai sukkasillaan!)Aika: 13.00-16.00 [&hellip;]","og_url":"https:\/\/www.nnterrierit.fi\/?page_id=90","og_site_name":"Suomen Norwichin- ja Norfolkinterrierit ry","article_modified_time":"2024-12-01T15:46:50+00:00","twitter_card":"summary_large_image","twitter_misc":{"Est. reading time":"1 minute"},"schema":{"@context":"https:\/\/schema.org","@graph":[{"@type":"WebPage","@id":"https:\/\/www.nnterrierit.fi\/?page_id=90","url":"https:\/\/www.nnterrierit.fi\/?page_id=90","name":"Trimmikurssit - Suomen Norwichin- ja Norfolkinterrierit ry","isPartOf":{"@id":"https:\/\/www.nnterrierit.fi\/#website"},"datePublished":"2020-11-29T11:35:14+00:00","dateModified":"2024-12-01T15:46:50+00:00","breadcrumb":{"@id":"https:\/\/www.nnterrierit.fi\/?page_id=90#breadcrumb"},"inLanguage":"en","potentialAction":[{"@type":"ReadAction","target":["https:\/\/www.nnterrierit.fi\/?page_id=90"]}]},{"@type":"BreadcrumbList","@id":"https:\/\/www.nnterrierit.fi\/?page_id=90#breadcrumb","itemListElement":[{"@type":"ListItem","position":1,"name":"Home","item":"https:\/\/www.nnterrierit.fi\/"},{"@type":"ListItem","position":2,"name":"Trimmikurssit"}]},{"@type":"WebSite","@id":"https:\/\/www.nnterrierit.fi\/#website","url":"https:\/\/www.nnterrierit.fi\/","name":"Suomen Norwichin- ja Norfolkinterrierit ry","description":"","potentialAction":[{"@type":"SearchAction","target":{"@type":"EntryPoint","urlTemplate":"https:\/\/www.nnterrierit.fi\/?s={search_term_string}"},"query-input":{"@type":"PropertyValueSpecification","valueRequired":true,"valueName":"search_term_string"}}],"inLanguage":"en"}]}},"_links":{"self":[{"href":"https:\/\/www.nnterrierit.fi\/index.php?rest_route=\/wp\/v2\/pages\/90","targetHints":{"allow":["GET"]}}],"collection":[{"href":"https:\/\/www.nnterrierit.fi\/index.php?rest_route=\/wp\/v2\/pages"}],"about":[{"href":"https:\/\/www.nnterrierit.fi\/index.php?rest_route=\/wp\/v2\/types\/page"}],"author":[{"embeddable":true,"href":"https:\/\/www.nnterrierit.fi\/index.php?rest_route=\/wp\/v2\/users\/1"}],"replies":[{"embeddable":true,"href":"https:\/\/www.nnterrierit.fi\/index.php?rest_route=%2Fwp%2Fv2%2Fcomments&post=90"}],"version-history":[{"count":31,"href":"https:\/\/www.nnterrierit.fi\/index.php?rest_route=\/wp\/v2\/pages\/90\/revisions"}],"predecessor-version":[{"id":1728,"href":"https:\/\/www.nnterrierit.fi\/index.php?rest_route=\/wp\/v2\/pages\/90\/revisions\/1728"}],"wp:attachment":[{"href":"https:\/\/www.nnterrierit.fi\/index.php?rest_route=%2Fwp%2Fv2%2Fmedia&parent=90"}],"curies":[{"name":"wp","href":"https:\/\/api.w.org\/{rel}","templated":true}]}}