{"id":86,"date":"2020-11-29T11:34:32","date_gmt":"2020-11-29T11:34:32","guid":{"rendered":"http:\/\/wp5.louhi.net\/~nnterrie\/?page_id=86"},"modified":"2026-03-31T18:30:47","modified_gmt":"2026-03-31T18:30:47","slug":"pikku-nn-show","status":"publish","type":"page","link":"https:\/\/www.nnterrierit.fi\/?page_id=86","title":{"rendered":"Pikku NN Show"},"content":{"rendered":"<p>[et_pb_section fb_built=&#8221;1&#8243; fullwidth=&#8221;on&#8221; _builder_version=&#8221;4.16&#8243; _module_preset=&#8221;default&#8221; global_colors_info=&#8221;{}&#8221;][et_pb_fullwidth_header title=&#8221;Pikku NN Show&#8221; button_one_text=&#8221;S\u00e4\u00e4nn\u00f6t&#8221; button_one_url=&#8221;https:\/\/www.nnterrierit.fi\/wp-content\/uploads\/2024\/09\/Pikku-NN_ShowSaannot.pdf&#8221; _builder_version=&#8221;4.16&#8243; _dynamic_attributes=&#8221;button_url&#8221; _module_preset=&#8221;default&#8221; title_font=&#8221;Staatliches||||||||&#8221; title_font_size=&#8221;44px&#8221; content_font_size=&#8221;18px&#8221; background_color=&#8221;#6b6b6b&#8221; custom_button_one=&#8221;on&#8221; button_one_font=&#8221;Staatliches||||||||&#8221; global_colors_info=&#8221;{}&#8221;]<\/p>\n<p><span>Pikku NN Show on yhdistyksen j\u00e4rjest\u00e4m\u00e4 ep\u00e4virallinen n\u00e4yttely alle 2 -vuotiaille koirille.\u00a0<\/span><\/p>\n<p>[\/et_pb_fullwidth_header][\/et_pb_section][et_pb_section fb_built=&#8221;1&#8243; _builder_version=&#8221;4.16&#8243; _module_preset=&#8221;default&#8221; global_colors_info=&#8221;{}&#8221;][et_pb_row _builder_version=&#8221;4.16&#8243; _module_preset=&#8221;default&#8221; custom_padding=&#8221;0px||0px||false|false&#8221; global_colors_info=&#8221;{}&#8221;][et_pb_column type=&#8221;4_4&#8243; _builder_version=&#8221;4.16&#8243; _module_preset=&#8221;default&#8221; global_colors_info=&#8221;{}&#8221;][et_pb_text _builder_version=&#8221;4.26.1&#8243; _module_preset=&#8221;default&#8221; text_font_size=&#8221;18px&#8221; header_font=&#8221;Staatliches||||||||&#8221; header_4_font=&#8221;Staatliches||||||||&#8221; global_colors_info=&#8221;{}&#8221;]<\/p>\n<h1>Pikku NN SHOW 2026<\/h1>\n<h1><strong style=\"color: #666666; font-family: 'Open Sans', Arial, sans-serif; font-size: 18px;\">Aika<\/strong><span style=\"color: #666666; font-family: 'Open Sans', Arial, sans-serif; font-size: 18px;\">: Lauantai 14.3.2026<\/span><\/h1>\n<p><strong>Paikka<\/strong>: Akaan haukkuhalli, Turuntie 3 37830 Akaa<\/p>\n<p><strong>Tuomarit<\/strong>:<\/p>\n<p>Norwichinterrieri: Anna Pyykk\u00f6<\/p>\n<p>Norfolkinterrieri: Mari Langinkoski<\/p>\n<p><strong>Ennen n\u00e4yttely\u00e4 palkitaan vuoden 2025 voitokkaimmat koirat.<br \/><\/strong><\/p>\n<p>KLO 10:00<br \/>Ennen kehien alkua palkitsemme Vuoden 2025 voitokkaimmat NN-Koirat<\/p>\n<p>KLO 11:00<br \/>Arvostelu alkaa molemmissa kehiss\u00e4<br \/>Keh\u00e4 1: Norwichinterrieri 30 koiraa<br \/>Keh\u00e4 2: Norfolkinterrieri 36 koiraa<\/p>\n<div class=\"page\" title=\"Page 1\">\n<div class=\"section\">\n<div class=\"layoutArea\">\n<div class=\"column\">\n<p><span>Ilmoittautumismaksut 1-2 koiraa 27 \u20ac, 3.jne koira 20 \u20ac<br \/><\/span><\/p>\n<\/div>\n<\/div>\n<\/div>\n<\/div>\n<p><b> <\/b><\/p>\n<p><b>Ilmoittautuminen avautuu 5.1.2026 ja p\u00e4\u00e4ttyy 1.3.2026<\/b><\/p>\n<p><strong>Yhteisty\u00f6kumppanina Royal Canin, Biofarm Oy<\/strong><\/p>\n<p><strong>Kilpailuluokat ovat:<\/strong><br \/><strong>Pentu: 5kk &lt; 7kk<\/strong><strong><br \/>Pentu: 7kk &lt; 9kk <\/strong><\/p>\n<p><strong>Juniori: 9kk &lt; 12kk <\/strong><br \/><strong>Juniori: 12kk &lt; 15kk <\/strong><\/p>\n<p><strong>Nuori:15kk &lt; 20kk<\/strong><br \/><strong>Nuori: 20kk &lt; 24k <\/strong><\/p>\n<p><strong>Kasvattajaryhm\u00e4<\/strong><br \/><strong><\/strong><span>muodostuu saman kasvattajan kolmesta t\u00e4h\u00e4n ep\u00e4viralliseen n\u00e4yttelyyn ilmoitetusta koirasta.<\/span><\/p>\n<p><strong><\/strong><strong><\/strong><strong>J\u00e4lkel\u00e4isryhm\u00e4<br \/><\/strong><strong><\/strong><span>muodostuu saman uroksen tai nartun kolmesta t\u00e4h\u00e4n ep\u00e4viralliseen n\u00e4yttelyyn ilmoitetusta j\u00e4lkel\u00e4isest\u00e4.<\/span><\/p>\n<p><span><\/span><\/p>\n<p><span><\/span><\/p>\n<p>&nbsp;<\/p>\n<div><\/div>\n<p>[\/et_pb_text][\/et_pb_column][\/et_pb_row][et_pb_row _builder_version=&#8221;4.16&#8243; _module_preset=&#8221;default&#8221; global_colors_info=&#8221;{}&#8221;][et_pb_column type=&#8221;4_4&#8243; _builder_version=&#8221;4.16&#8243; _module_preset=&#8221;default&#8221; global_colors_info=&#8221;{}&#8221;][et_pb_text _builder_version=&#8221;4.27.4&#8243; _module_preset=&#8221;default&#8221; text_font_size=&#8221;16px&#8221; global_colors_info=&#8221;{}&#8221;]<\/p>\n<p><strong>Ilmoittautumismaksu 27 euroa\/koira, saman omistajan 3. jne koira 20 euroa.<\/strong><\/p>\n<p><span>Suorita maksu yhdistyksen tilille\u00a0<\/span><strong>FI10 8000 1000 3591 59<\/strong><span> (DBAFIHH) ennen ilmoittautumista. Ilmoittautumislomakkeessa kysyt\u00e4\u00e4n suoritetun maksun arkistointitunnusta. <strong>Maksaessasi k\u00e4yt\u00e4 viitett\u00e4 7773.<\/strong><\/span><\/p>\n<p>[\/et_pb_text][\/et_pb_column][\/et_pb_row][et_pb_row _builder_version=&#8221;4.27.4&#8243; _module_preset=&#8221;default&#8221; global_colors_info=&#8221;{}&#8221;][et_pb_column type=&#8221;4_4&#8243; _builder_version=&#8221;4.27.4&#8243; _module_preset=&#8221;default&#8221; global_colors_info=&#8221;{}&#8221;][et_pb_button button_url=&#8221;https:\/\/www.nnterrierit.fi\/wp-content\/uploads\/2026\/03\/Pikku-NN-Show-2026-Aikataulukirje.pdf&#8221; url_new_window=&#8221;on&#8221; button_text=&#8221;AIKATAULUKIRJE&#8221; button_alignment=&#8221;center&#8221; _builder_version=&#8221;4.27.4&#8243; _module_preset=&#8221;default&#8221; custom_button=&#8221;on&#8221; button_text_size=&#8221;31px&#8221; button_text_color=&#8221;#000000&#8243; button_font=&#8221;Staatliches||||||||&#8221; global_colors_info=&#8221;{}&#8221;][\/et_pb_button][\/et_pb_column][\/et_pb_row][et_pb_row _builder_version=&#8221;4.16&#8243; _module_preset=&#8221;default&#8221; global_colors_info=&#8221;{}&#8221;][et_pb_column type=&#8221;4_4&#8243; _builder_version=&#8221;4.16&#8243; _module_preset=&#8221;default&#8221; global_colors_info=&#8221;{}&#8221;][et_pb_button button_url=&#8221;https:\/\/docs.google.com\/forms\/d\/e\/1FAIpQLSe_eoNc0UJleA9mczhn2-xBG6pYho-6Muc6C3tjAbWxYaB_cA\/viewform?usp=sharing&#038;ouid=116252887425314125752&#8243; url_new_window=&#8221;on&#8221; button_text=&#8221;Ilmoittautumislomake&#8221; button_alignment=&#8221;center&#8221; _builder_version=&#8221;4.27.4&#8243; _module_preset=&#8221;default&#8221; custom_button=&#8221;on&#8221; button_text_size=&#8221;30px&#8221; button_text_color=&#8221;#000000&#8243; button_font=&#8221;Staatliches||||||||&#8221; global_colors_info=&#8221;{}&#8221;][\/et_pb_button][\/et_pb_column][\/et_pb_row][et_pb_row column_structure=&#8221;1_3,1_3,1_3&#8243; _builder_version=&#8221;4.16&#8243; _module_preset=&#8221;default&#8221; global_colors_info=&#8221;{}&#8221;][et_pb_column type=&#8221;1_3&#8243; _builder_version=&#8221;4.16&#8243; _module_preset=&#8221;default&#8221; global_colors_info=&#8221;{}&#8221;][et_pb_image src=&#8221;https:\/\/www.nnterrierit.fi\/wp-content\/uploads\/2022\/01\/Royal-Canin_logo_2020.jpg&#8221; title_text=&#8221;Royal Canin_logo_2020&#8243; _builder_version=&#8221;4.27.4&#8243; _module_preset=&#8221;default&#8221; global_colors_info=&#8221;{}&#8221;][\/et_pb_image][\/et_pb_column][et_pb_column type=&#8221;1_3&#8243; _builder_version=&#8221;4.27.4&#8243; _module_preset=&#8221;default&#8221; global_colors_info=&#8221;{}&#8221;][et_pb_image src=&#8221;https:\/\/www.nnterrierit.fi\/wp-content\/uploads\/2024\/08\/Biofarm-elaintarkealla-logo_UUSI.png&#8221; title_text=&#8221;Biofarm-ela\u0308inta\u0308rkea\u0308lla\u0308-logo_UUSI&#8221; _builder_version=&#8221;4.27.4&#8243; _module_preset=&#8221;default&#8221; global_colors_info=&#8221;{}&#8221;][\/et_pb_image][\/et_pb_column][et_pb_column type=&#8221;1_3&#8243; _builder_version=&#8221;4.27.4&#8243; _module_preset=&#8221;default&#8221; global_colors_info=&#8221;{}&#8221;][et_pb_image src=&#8221;https:\/\/www.nnterrierit.fi\/wp-content\/uploads\/2025\/03\/Best_Friend_1c_red.jpg&#8221; title_text=&#8221;Best_Friend_1c_red&#8221; _builder_version=&#8221;4.27.4&#8243; _module_preset=&#8221;default&#8221; global_colors_info=&#8221;{}&#8221;][\/et_pb_image][\/et_pb_column][\/et_pb_row][et_pb_row _builder_version=&#8221;4.16&#8243; _module_preset=&#8221;default&#8221; global_colors_info=&#8221;{}&#8221;][et_pb_column type=&#8221;4_4&#8243; _builder_version=&#8221;4.16&#8243; _module_preset=&#8221;default&#8221; global_colors_info=&#8221;{}&#8221;][et_pb_text _builder_version=&#8221;4.16&#8243; _module_preset=&#8221;default&#8221; header_font=&#8221;Staatliches||||||||&#8221; global_colors_info=&#8221;{}&#8221;]<\/p>\n<h1>Aikaisempien vuosien tuloksia<\/h1>\n<p>[\/et_pb_text][\/et_pb_column][\/et_pb_row][et_pb_row column_structure=&#8221;1_5,1_5,1_5,1_5,1_5&#8243; use_custom_gutter=&#8221;on&#8221; gutter_width=&#8221;1&#8243; _builder_version=&#8221;4.16&#8243; _module_preset=&#8221;default&#8221; custom_padding=&#8221;0px||||false|false&#8221; global_colors_info=&#8221;{}&#8221;][et_pb_column type=&#8221;1_5&#8243; _builder_version=&#8221;4.16&#8243; _module_preset=&#8221;default&#8221; global_colors_info=&#8221;{}&#8221;][\/et_pb_column][et_pb_column type=&#8221;1_5&#8243; _builder_version=&#8221;4.16&#8243; _module_preset=&#8221;default&#8221; global_colors_info=&#8221;{}&#8221;][et_pb_button button_url=&#8221;https:\/\/nnterrierit.fi\/reviews\/#?breed=0&#038;search=Pikku-NN%20Show%2C%20Turku%2013.9.2025&#8243; button_text=&#8221;2025&#8243; button_alignment=&#8221;center&#8221; _builder_version=&#8221;4.27.4&#8243; _module_preset=&#8221;default&#8221; custom_button=&#8221;on&#8221; button_text_color=&#8221;#000000&#8243; button_font=&#8221;Staatliches||||||||&#8221; global_colors_info=&#8221;{}&#8221;][\/et_pb_button][\/et_pb_column][et_pb_column type=&#8221;1_5&#8243; _builder_version=&#8221;4.16&#8243; _module_preset=&#8221;default&#8221; global_colors_info=&#8221;{}&#8221;][et_pb_button button_url=&#8221;http:\/\/www.kennelrattraps.com\/reviews\/#?breed=0&#038;search=Pikku%20NN-Show%2013.10.2024&#8243; button_text=&#8221;2024&#8243; button_alignment=&#8221;center&#8221; _builder_version=&#8221;4.27.4&#8243; _module_preset=&#8221;default&#8221; custom_button=&#8221;on&#8221; button_text_color=&#8221;#000000&#8243; button_font=&#8221;Staatliches||||||||&#8221; global_colors_info=&#8221;{}&#8221;][\/et_pb_button][\/et_pb_column][et_pb_column type=&#8221;1_5&#8243; _builder_version=&#8221;4.16&#8243; _module_preset=&#8221;default&#8221; global_colors_info=&#8221;{}&#8221;][et_pb_button button_url=&#8221;http:\/\/www.kennelrattraps.com\/reviews\/#?breed=0&#038;search=Pikku-NN%20Show%2C%20Yl\u00f6j\u00e4rvi%2028.10.2023&#8243; button_text=&#8221;2023&#8243; button_alignment=&#8221;center&#8221; _builder_version=&#8221;4.27.4&#8243; _module_preset=&#8221;default&#8221; custom_button=&#8221;on&#8221; button_text_color=&#8221;#000000&#8243; button_font=&#8221;Staatliches||||||||&#8221; global_colors_info=&#8221;{}&#8221;][\/et_pb_button][\/et_pb_column][et_pb_column type=&#8221;1_5&#8243; _builder_version=&#8221;4.16&#8243; _module_preset=&#8221;default&#8221; global_colors_info=&#8221;{}&#8221;][et_pb_button button_url=&#8221;http:\/\/www.kennelrattraps.com\/reviews\/#?breed=0&#038;search=Pikku-NN%2C%20Lahti%208.10.2022&#8243; button_text=&#8221;2022&#8243; button_alignment=&#8221;center&#8221; _builder_version=&#8221;4.22.1&#8243; _module_preset=&#8221;default&#8221; custom_button=&#8221;on&#8221; button_text_color=&#8221;#000000&#8243; button_font=&#8221;Staatliches||||||||&#8221; global_colors_info=&#8221;{}&#8221;][\/et_pb_button][\/et_pb_column][\/et_pb_row][et_pb_row column_structure=&#8221;1_5,1_5,1_5,1_5,1_5&#8243; use_custom_gutter=&#8221;on&#8221; gutter_width=&#8221;1&#8243; _builder_version=&#8221;4.16&#8243; _module_preset=&#8221;default&#8221; custom_padding=&#8221;0px||||false|false&#8221; global_colors_info=&#8221;{}&#8221;][et_pb_column type=&#8221;1_5&#8243; _builder_version=&#8221;4.16&#8243; _module_preset=&#8221;default&#8221; global_colors_info=&#8221;{}&#8221;][et_pb_button button_url=&#8221;http:\/\/www.kennelrattraps.com\/reviews\/#?breed=0&#038;search=Pikku%20NN%20Show%202021&#8243; url_new_window=&#8221;on&#8221; button_text=&#8221;2021&#8243; button_alignment=&#8221;center&#8221; _builder_version=&#8221;4.16&#8243; _module_preset=&#8221;default&#8221; custom_button=&#8221;on&#8221; button_text_color=&#8221;#000000&#8243; button_font=&#8221;Staatliches||||||||&#8221; global_colors_info=&#8221;{}&#8221;][\/et_pb_button][\/et_pb_column][et_pb_column type=&#8221;1_5&#8243; _builder_version=&#8221;4.16&#8243; _module_preset=&#8221;default&#8221; global_colors_info=&#8221;{}&#8221;][et_pb_button button_text=&#8221;2019&#8243; button_alignment=&#8221;center&#8221; _builder_version=&#8221;4.16&#8243; _module_preset=&#8221;default&#8221; custom_button=&#8221;on&#8221; button_text_color=&#8221;#000000&#8243; button_font=&#8221;Staatliches||||||||&#8221; global_colors_info=&#8221;{}&#8221;][\/et_pb_button][\/et_pb_column][et_pb_column type=&#8221;1_5&#8243; _builder_version=&#8221;4.16&#8243; _module_preset=&#8221;default&#8221; global_colors_info=&#8221;{}&#8221;][et_pb_button button_text=&#8221;2018&#8243; button_alignment=&#8221;center&#8221; _builder_version=&#8221;4.16&#8243; _module_preset=&#8221;default&#8221; custom_button=&#8221;on&#8221; button_text_color=&#8221;#000000&#8243; button_font=&#8221;Staatliches||||||||&#8221; global_colors_info=&#8221;{}&#8221;][\/et_pb_button][\/et_pb_column][et_pb_column type=&#8221;1_5&#8243; _builder_version=&#8221;4.16&#8243; _module_preset=&#8221;default&#8221; global_colors_info=&#8221;{}&#8221;][et_pb_button button_text=&#8221;2017&#8243; button_alignment=&#8221;center&#8221; _builder_version=&#8221;4.16&#8243; _module_preset=&#8221;default&#8221; custom_button=&#8221;on&#8221; button_text_color=&#8221;#000000&#8243; button_font=&#8221;Staatliches||||||||&#8221; global_colors_info=&#8221;{}&#8221;][\/et_pb_button][\/et_pb_column][et_pb_column type=&#8221;1_5&#8243; _builder_version=&#8221;4.16&#8243; _module_preset=&#8221;default&#8221; global_colors_info=&#8221;{}&#8221;][et_pb_button button_text=&#8221;2016&#8243; button_alignment=&#8221;center&#8221; _builder_version=&#8221;4.16&#8243; _module_preset=&#8221;default&#8221; custom_button=&#8221;on&#8221; button_text_color=&#8221;#000000&#8243; button_font=&#8221;Staatliches||||||||&#8221; global_colors_info=&#8221;{}&#8221;][\/et_pb_button][\/et_pb_column][\/et_pb_row][\/et_pb_section]<\/p>\n","protected":false},"excerpt":{"rendered":"<p>Pikku NN Show on yhdistyksen j\u00e4rjest\u00e4m\u00e4 ep\u00e4virallinen n\u00e4yttely alle 2 -vuotiaille koirille.\u00a0Pikku NN SHOW 2026 Aika: Lauantai 14.3.2026 Paikka: Akaan haukkuhalli, Turuntie 3 37830 Akaa Tuomarit: Norwichinterrieri: Anna Pyykk\u00f6 Norfolkinterrieri: Mari Langinkoski Ennen n\u00e4yttely\u00e4 palkitaan vuoden 2025 voitokkaimmat koirat. KLO 10:00Ennen kehien alkua palkitsemme Vuoden 2025 voitokkaimmat NN-Koirat KLO 11:00Arvostelu alkaa molemmissa kehiss\u00e4Keh\u00e4 1: Norwichinterrieri [&hellip;]<\/p>\n","protected":false},"author":1,"featured_media":0,"parent":0,"menu_order":0,"comment_status":"closed","ping_status":"closed","template":"","meta":{"_et_pb_use_builder":"on","_et_pb_old_content":"<!-- wp:divi\/placeholder \/-->","_et_gb_content_width":"","footnotes":""},"class_list":["post-86","page","type-page","status-publish","hentry"],"yoast_head":"<!-- This site is optimized with the Yoast SEO plugin v25.5 - https:\/\/yoast.com\/wordpress\/plugins\/seo\/ -->\n<title>Pikku NN Show - Suomen Norwichin- ja Norfolkinterrierit ry<\/title>\n<meta name=\"robots\" content=\"index, follow, max-snippet:-1, max-image-preview:large, max-video-preview:-1\" \/>\n<link rel=\"canonical\" href=\"https:\/\/www.nnterrierit.fi\/?page_id=86\" \/>\n<meta property=\"og:locale\" content=\"en_US\" \/>\n<meta property=\"og:type\" content=\"article\" \/>\n<meta property=\"og:title\" content=\"Pikku NN Show - Suomen Norwichin- ja Norfolkinterrierit ry\" \/>\n<meta property=\"og:description\" content=\"Pikku NN Show on yhdistyksen j\u00e4rjest\u00e4m\u00e4 ep\u00e4virallinen n\u00e4yttely alle 2 -vuotiaille koirille.\u00a0Pikku NN SHOW 2026 Aika: Lauantai 14.3.2026 Paikka: Akaan haukkuhalli, Turuntie 3 37830 Akaa Tuomarit: Norwichinterrieri: Anna Pyykk\u00f6 Norfolkinterrieri: Mari Langinkoski Ennen n\u00e4yttely\u00e4 palkitaan vuoden 2025 voitokkaimmat koirat. KLO 10:00Ennen kehien alkua palkitsemme Vuoden 2025 voitokkaimmat NN-Koirat KLO 11:00Arvostelu alkaa molemmissa kehiss\u00e4Keh\u00e4 1: Norwichinterrieri [&hellip;]\" \/>\n<meta property=\"og:url\" content=\"https:\/\/www.nnterrierit.fi\/?page_id=86\" \/>\n<meta property=\"og:site_name\" content=\"Suomen Norwichin- ja Norfolkinterrierit ry\" \/>\n<meta property=\"article:modified_time\" content=\"2026-03-31T18:30:47+00:00\" \/>\n<meta name=\"twitter:card\" content=\"summary_large_image\" \/>\n<meta name=\"twitter:label1\" content=\"Est. reading time\" \/>\n\t<meta name=\"twitter:data1\" content=\"6 minutes\" \/>\n<script type=\"application\/ld+json\" class=\"yoast-schema-graph\">{\"@context\":\"https:\/\/schema.org\",\"@graph\":[{\"@type\":\"WebPage\",\"@id\":\"https:\/\/www.nnterrierit.fi\/?page_id=86\",\"url\":\"https:\/\/www.nnterrierit.fi\/?page_id=86\",\"name\":\"Pikku NN Show - Suomen Norwichin- ja Norfolkinterrierit ry\",\"isPartOf\":{\"@id\":\"https:\/\/www.nnterrierit.fi\/#website\"},\"datePublished\":\"2020-11-29T11:34:32+00:00\",\"dateModified\":\"2026-03-31T18:30:47+00:00\",\"breadcrumb\":{\"@id\":\"https:\/\/www.nnterrierit.fi\/?page_id=86#breadcrumb\"},\"inLanguage\":\"en\",\"potentialAction\":[{\"@type\":\"ReadAction\",\"target\":[\"https:\/\/www.nnterrierit.fi\/?page_id=86\"]}]},{\"@type\":\"BreadcrumbList\",\"@id\":\"https:\/\/www.nnterrierit.fi\/?page_id=86#breadcrumb\",\"itemListElement\":[{\"@type\":\"ListItem\",\"position\":1,\"name\":\"Home\",\"item\":\"https:\/\/www.nnterrierit.fi\/\"},{\"@type\":\"ListItem\",\"position\":2,\"name\":\"Pikku NN Show\"}]},{\"@type\":\"WebSite\",\"@id\":\"https:\/\/www.nnterrierit.fi\/#website\",\"url\":\"https:\/\/www.nnterrierit.fi\/\",\"name\":\"Suomen Norwichin- ja Norfolkinterrierit ry\",\"description\":\"\",\"potentialAction\":[{\"@type\":\"SearchAction\",\"target\":{\"@type\":\"EntryPoint\",\"urlTemplate\":\"https:\/\/www.nnterrierit.fi\/?s={search_term_string}\"},\"query-input\":{\"@type\":\"PropertyValueSpecification\",\"valueRequired\":true,\"valueName\":\"search_term_string\"}}],\"inLanguage\":\"en\"}]}<\/script>\n<!-- \/ Yoast SEO plugin. -->","yoast_head_json":{"title":"Pikku NN Show - Suomen Norwichin- ja Norfolkinterrierit ry","robots":{"index":"index","follow":"follow","max-snippet":"max-snippet:-1","max-image-preview":"max-image-preview:large","max-video-preview":"max-video-preview:-1"},"canonical":"https:\/\/www.nnterrierit.fi\/?page_id=86","og_locale":"en_US","og_type":"article","og_title":"Pikku NN Show - Suomen Norwichin- ja Norfolkinterrierit ry","og_description":"Pikku NN Show on yhdistyksen j\u00e4rjest\u00e4m\u00e4 ep\u00e4virallinen n\u00e4yttely alle 2 -vuotiaille koirille.\u00a0Pikku NN SHOW 2026 Aika: Lauantai 14.3.2026 Paikka: Akaan haukkuhalli, Turuntie 3 37830 Akaa Tuomarit: Norwichinterrieri: Anna Pyykk\u00f6 Norfolkinterrieri: Mari Langinkoski Ennen n\u00e4yttely\u00e4 palkitaan vuoden 2025 voitokkaimmat koirat. KLO 10:00Ennen kehien alkua palkitsemme Vuoden 2025 voitokkaimmat NN-Koirat KLO 11:00Arvostelu alkaa molemmissa kehiss\u00e4Keh\u00e4 1: Norwichinterrieri [&hellip;]","og_url":"https:\/\/www.nnterrierit.fi\/?page_id=86","og_site_name":"Suomen Norwichin- ja Norfolkinterrierit ry","article_modified_time":"2026-03-31T18:30:47+00:00","twitter_card":"summary_large_image","twitter_misc":{"Est. reading time":"6 minutes"},"schema":{"@context":"https:\/\/schema.org","@graph":[{"@type":"WebPage","@id":"https:\/\/www.nnterrierit.fi\/?page_id=86","url":"https:\/\/www.nnterrierit.fi\/?page_id=86","name":"Pikku NN Show - Suomen Norwichin- ja Norfolkinterrierit ry","isPartOf":{"@id":"https:\/\/www.nnterrierit.fi\/#website"},"datePublished":"2020-11-29T11:34:32+00:00","dateModified":"2026-03-31T18:30:47+00:00","breadcrumb":{"@id":"https:\/\/www.nnterrierit.fi\/?page_id=86#breadcrumb"},"inLanguage":"en","potentialAction":[{"@type":"ReadAction","target":["https:\/\/www.nnterrierit.fi\/?page_id=86"]}]},{"@type":"BreadcrumbList","@id":"https:\/\/www.nnterrierit.fi\/?page_id=86#breadcrumb","itemListElement":[{"@type":"ListItem","position":1,"name":"Home","item":"https:\/\/www.nnterrierit.fi\/"},{"@type":"ListItem","position":2,"name":"Pikku NN Show"}]},{"@type":"WebSite","@id":"https:\/\/www.nnterrierit.fi\/#website","url":"https:\/\/www.nnterrierit.fi\/","name":"Suomen Norwichin- ja Norfolkinterrierit ry","description":"","potentialAction":[{"@type":"SearchAction","target":{"@type":"EntryPoint","urlTemplate":"https:\/\/www.nnterrierit.fi\/?s={search_term_string}"},"query-input":{"@type":"PropertyValueSpecification","valueRequired":true,"valueName":"search_term_string"}}],"inLanguage":"en"}]}},"_links":{"self":[{"href":"https:\/\/www.nnterrierit.fi\/index.php?rest_route=\/wp\/v2\/pages\/86","targetHints":{"allow":["GET"]}}],"collection":[{"href":"https:\/\/www.nnterrierit.fi\/index.php?rest_route=\/wp\/v2\/pages"}],"about":[{"href":"https:\/\/www.nnterrierit.fi\/index.php?rest_route=\/wp\/v2\/types\/page"}],"author":[{"embeddable":true,"href":"https:\/\/www.nnterrierit.fi\/index.php?rest_route=\/wp\/v2\/users\/1"}],"replies":[{"embeddable":true,"href":"https:\/\/www.nnterrierit.fi\/index.php?rest_route=%2Fwp%2Fv2%2Fcomments&post=86"}],"version-history":[{"count":46,"href":"https:\/\/www.nnterrierit.fi\/index.php?rest_route=\/wp\/v2\/pages\/86\/revisions"}],"predecessor-version":[{"id":2125,"href":"https:\/\/www.nnterrierit.fi\/index.php?rest_route=\/wp\/v2\/pages\/86\/revisions\/2125"}],"wp:attachment":[{"href":"https:\/\/www.nnterrierit.fi\/index.php?rest_route=%2Fwp%2Fv2%2Fmedia&parent=86"}],"curies":[{"name":"wp","href":"https:\/\/api.w.org\/{rel}","templated":true}]}}