{"id":84,"date":"2020-11-29T11:34:16","date_gmt":"2020-11-29T11:34:16","guid":{"rendered":"http:\/\/wp5.louhi.net\/~nnterrie\/?page_id=84"},"modified":"2026-03-31T18:32:49","modified_gmt":"2026-03-31T18:32:49","slug":"nn-show","status":"publish","type":"page","link":"https:\/\/www.nnterrierit.fi\/?page_id=84","title":{"rendered":"NN Show"},"content":{"rendered":"<p>[et_pb_section fb_built=&#8221;1&#8243; fullwidth=&#8221;on&#8221; _builder_version=&#8221;4.16&#8243; _module_preset=&#8221;default&#8221; global_colors_info=&#8221;{}&#8221;][et_pb_fullwidth_header title=&#8221;NN Show&#8221; button_one_text=&#8221;S\u00e4\u00e4nn\u00f6t&#8221; button_one_url=&#8221;https:\/\/www.nnterrierit.fi\/wp-content\/uploads\/2024\/09\/NN-Show_Saannot05_06_2024.pdf&#8221; _builder_version=&#8221;4.27.0&#8243; _module_preset=&#8221;default&#8221; title_font=&#8221;Staatliches||||||||&#8221; title_font_size=&#8221;44px&#8221; content_font_size=&#8221;18px&#8221; background_color=&#8221;#6b6b6b&#8221; custom_button_one=&#8221;on&#8221; button_one_font=&#8221;Staatliches||||||||&#8221; global_colors_info=&#8221;{}&#8221;]<\/p>\n<p>NN Show on vuosittain j\u00e4rjestett\u00e4v\u00e4 ep\u00e4virallinen erikoisn\u00e4yttely norwichin- ja norfolkinterriereille. Tuomareina n\u00e4yttelyss\u00e4 voivat toimia ulkomuototuomarit tai rodun pitk\u00e4aikaiset kasvattajat tai harrastajat.<\/p>\n<p>[\/et_pb_fullwidth_header][\/et_pb_section][et_pb_section fb_built=&#8221;1&#8243; _builder_version=&#8221;4.16&#8243; _module_preset=&#8221;default&#8221; global_colors_info=&#8221;{}&#8221;][et_pb_row _builder_version=&#8221;4.23.1&#8243; _module_preset=&#8221;default&#8221; global_colors_info=&#8221;{}&#8221;][et_pb_column type=&#8221;4_4&#8243; _builder_version=&#8221;4.23.1&#8243; _module_preset=&#8221;default&#8221; global_colors_info=&#8221;{}&#8221;][et_pb_text _builder_version=&#8221;4.24.2&#8243; _module_preset=&#8221;default&#8221; text_font_size=&#8221;19px&#8221; header_font=&#8221;Staatliches||||||||&#8221; header_font_size=&#8221;56px&#8221; global_colors_info=&#8221;{}&#8221;]<\/p>\n<h1>NN SHOW 2026<\/h1>\n<p>Yhdistyksen j\u00e4rjest\u00e4m\u00e4 ep\u00e4virallinen NN-show j\u00e4rjestet\u00e4\u00e4n j\u00e4rjestet\u00e4\u00e4n Ikaallisten Kylpyl\u00e4ll\u00e4 lauantaina 1.8.2026<\/p>\n<p>Aika: Lauantai 1.8.2026<\/p>\n<p>Paikka: Ikaalinen,<span>\u00a0<\/span><span>Ikaalinen Spa &amp; Resort<\/span><\/p>\n<p><strong>Tuomarit:<\/strong><br \/><strong><\/strong><\/p>\n<p>Norfolkinterrierit: <strong>Frauke Hinsch, DE <\/strong>(kennel Allright)<\/p>\n<p>Norwichinterrierit:<b> Uliva Guicciardini, IT <\/b>(kennel Degli Acquisti)<\/p>\n<p>[\/et_pb_text][\/et_pb_column][\/et_pb_row][et_pb_row _builder_version=&#8221;4.16&#8243; _module_preset=&#8221;default&#8221; custom_padding=&#8221;0px||0px||false|false&#8221; global_colors_info=&#8221;{}&#8221;][et_pb_column type=&#8221;4_4&#8243; _builder_version=&#8221;4.16&#8243; _module_preset=&#8221;default&#8221; global_colors_info=&#8221;{}&#8221;][et_pb_text _builder_version=&#8221;4.23.4&#8243; _module_preset=&#8221;default&#8221; text_font_size=&#8221;18px&#8221; header_font=&#8221;Staatliches||||||||&#8221; global_colors_info=&#8221;{}&#8221;]<\/p>\n<p><strong><\/strong><\/p>\n<p><strong>Sponsorit:<\/strong> Royal Canin ja Biofarm Oy<\/p>\n<p><strong style=\"font-size: 18px;\">Ik\u00e4luokat, my\u00f6s pikkupennut 5-7 kk ja j\u00e4lkel\u00e4isryhm\u00e4t. <\/strong><span style=\"font-size: 18px;\">Koira ilmoitetaan siihen ik\u00e4luokkaan, jonka i\u00e4n se saavuttaa viimeist\u00e4\u00e4n n\u00e4yttelyp\u00e4iv\u00e4n\u00e4. N\u00e4in esim. n\u00e4yttelyp\u00e4iv\u00e4n\u00e4 9 kk t\u00e4ytt\u00e4v\u00e4t koirat kilpailevat vuonna 2025 syntyneiss\u00e4, ei en\u00e4\u00e4 7-9 kk ik\u00e4isiss\u00e4 pennuissa.<\/span><\/p>\n<p><span style=\"font-size: 18px;\"><\/span><\/p>\n<div>\n<p>Koirat kilpailevat pentui\u00e4n j\u00e4lkeen vuosiluokittain.<\/p>\n<p><strong>Kasvattajaryhm\u00e4 muodostuu saman kasvattajan nelj\u00e4st\u00e4 koirasta<\/strong>. Pennut saavat osallistua kasvattajaryhm\u00e4\u00e4n.<\/p>\n<p><strong>J\u00e4lkel\u00e4isryhm\u00e4 muodostuu saman uroksen tai nartun nelj\u00e4st\u00e4 j\u00e4lkel\u00e4isest\u00e4.<\/strong> Pennut saavat osallistua j\u00e4lkel\u00e4isryhm\u00e4\u00e4n.<\/p>\n<p>Huomioithan ett\u00e4 kasvattaja- ja j\u00e4lkel\u00e4isluokkia ei tarvitse erikseen ilmottaa vaan luokat kootaan automaattisesti ilmottautuneiden koirien perusteella. Luokan saaneille kasvattajille ja koirien omistajille ilmoitetaan toteutuneesta luokasta ilmoittautumisajan p\u00e4\u00e4tytty\u00e4.<\/p>\n<p>N &amp; N Show\u2019ssa palkitaan my\u00f6s pentujen, aikuisten ja veteraanien BIS-VSP.<br \/>N\u00e4yttelyss\u00e4 valitaan kummankin rodun paras itse trimmattu ja esitetty koira.<\/p>\n<p><strong>Ilmoittautumisaika 1.3.-5.7.2026<\/strong><\/p>\n<p><strong>Ilmoittautumismaksut:<\/strong><\/p>\n<p>Pennut, veteraanit ja turistit 25e, Still going Strong (yli 10v) maksuton. Eri ik\u00e4luokat 35 euroa\/koira, saman omistajan 2. koira 30 euroa ja 3. jne. koira 25 euroa.<\/p>\n<p>Suorita maksu yhdistyksen tilille\u00a0<strong>FI10 8000 1000 3591 59<\/strong> (DBAFIHH) ennen ilmoittautumista. Ilmoittautumislomakkeessa kysyt\u00e4\u00e4n suoritetun maksun arkistointitunnusta. Maksaessasi k\u00e4yt\u00e4 viitett\u00e4 <strong>3117<\/strong>.<\/p>\n<p><strong> <\/strong><\/p>\n<p><strong><\/strong><\/p>\n<\/div>\n<p>[\/et_pb_text][\/et_pb_column][\/et_pb_row][et_pb_row _builder_version=&#8221;4.27.4&#8243; _module_preset=&#8221;default&#8221; global_colors_info=&#8221;{}&#8221;][et_pb_column type=&#8221;4_4&#8243; _builder_version=&#8221;4.27.4&#8243; _module_preset=&#8221;default&#8221; global_colors_info=&#8221;{}&#8221;][et_pb_button button_url=&#8221;https:\/\/forms.gle\/4YyfMaX1VK7fQKbd7&#8243; url_new_window=&#8221;on&#8221; button_text=&#8221;Ilmoittaudu t\u00e4st\u00e4!&#8221; button_alignment=&#8221;center&#8221; _builder_version=&#8221;4.27.4&#8243; _module_preset=&#8221;default&#8221; custom_button=&#8221;on&#8221; button_text_size=&#8221;30px&#8221; button_text_color=&#8221;#000000&#8243; button_font=&#8221;Staatliches||||||||&#8221; locked=&#8221;off&#8221; global_colors_info=&#8221;{}&#8221;][\/et_pb_button][\/et_pb_column][\/et_pb_row][et_pb_row column_structure=&#8221;1_2,1_2&#8243; _builder_version=&#8221;4.16&#8243; _module_preset=&#8221;default&#8221; global_colors_info=&#8221;{}&#8221;][et_pb_column type=&#8221;1_2&#8243; _builder_version=&#8221;4.16&#8243; _module_preset=&#8221;default&#8221; global_colors_info=&#8221;{}&#8221;][et_pb_image src=&#8221;https:\/\/www.nnterrierit.fi\/wp-content\/uploads\/2022\/01\/Royal-Canin_logo_2020.jpg&#8221; title_text=&#8221;Royal Canin_logo_2020&#8243; _builder_version=&#8221;4.27.4&#8243; _module_preset=&#8221;default&#8221; global_colors_info=&#8221;{}&#8221;][\/et_pb_image][\/et_pb_column][et_pb_column type=&#8221;1_2&#8243; _builder_version=&#8221;4.27.4&#8243; _module_preset=&#8221;default&#8221; global_colors_info=&#8221;{}&#8221;][et_pb_image src=&#8221;https:\/\/www.nnterrierit.fi\/wp-content\/uploads\/2024\/08\/Biofarm-elaintarkealla-logo_UUSI.png&#8221; title_text=&#8221;Biofarm-ela\u0308inta\u0308rkea\u0308lla\u0308-logo_UUSI&#8221; _builder_version=&#8221;4.27.4&#8243; _module_preset=&#8221;default&#8221; global_colors_info=&#8221;{}&#8221;][\/et_pb_image][\/et_pb_column][\/et_pb_row][et_pb_row _builder_version=&#8221;4.27.4&#8243; _module_preset=&#8221;default&#8221; global_colors_info=&#8221;{}&#8221; locked=&#8221;off&#8221;][et_pb_column type=&#8221;4_4&#8243; _builder_version=&#8221;4.27.4&#8243; _module_preset=&#8221;default&#8221; global_colors_info=&#8221;{}&#8221;][et_pb_text _builder_version=&#8221;4.27.4&#8243; _module_preset=&#8221;default&#8221; custom_padding=&#8221;||14px|||&#8221; global_colors_info=&#8221;{}&#8221;]<\/p>\n<h1 style=\"background-color: #ffffff; font-family: Staatliches, display;\">Majoitus juhlaviikonloppuna<\/h1>\n<p>[\/et_pb_text][\/et_pb_column][\/et_pb_row][et_pb_row column_structure=&#8221;1_2,1_2&#8243; _builder_version=&#8221;4.27.4&#8243; _module_preset=&#8221;default&#8221; global_colors_info=&#8221;{}&#8221; locked=&#8221;off&#8221;][et_pb_column type=&#8221;1_2&#8243; _builder_version=&#8221;4.27.4&#8243; _module_preset=&#8221;default&#8221; global_colors_info=&#8221;{}&#8221;][et_pb_text _builder_version=&#8221;4.27.4&#8243; _module_preset=&#8221;default&#8221; global_colors_info=&#8221;{}&#8221;]<\/p>\n<p><span style=\"background-color: #ffffff; font-size: 18px; font-weight: bold;\">Lauantai-Sunnuntai<\/span><a href=\"https:\/\/ikaalinenspa.fi\/\"><\/a><\/p>\n<p><a href=\"https:\/\/ikaalinenspa.fi\/\">Ikaalinen Spa &amp; Resort<\/a><br \/><span>Varauskoodi:\u00a0<\/span>Suomen Norwichin- ja Norfolkinterrierit<span><br \/><\/span><a href=\"mailto:myynti@ikaalinenspa.fi\" target=\"_blank\" rel=\"noopener\">myynti@ikaalinenspa.fi<\/a><br \/>0600 12340<a href=\"mailto:myynti@ikaalinenspa.fi\" style=\"background-color: rgba(21, 68, 55, 0.6); color: #baffeb; font-family: Montserrat, sans-serif; font-size: 15px;\"><\/a><\/p>\n<p><span>Sis\u00e4lt\u00e4\u00e4 aamupalan, kylpyl\u00e4n ja kuntosalin k\u00e4yt\u00f6n majoituksen aikana.<\/span><\/p>\n<p><span style=\"font-size: 14px; background-color: #ffffff;\"><strong>Hotelli on ohjeistanut tekem\u00e4\u00e4n varauksen mieluiten soittamalla tai s\u00e4hk\u00f6postitse.<\/strong><br \/><\/span><br \/>Hotelli on varattu yksityisk\u00e4ytt\u00f6\u00f6n viel\u00e4 perjantaiksi miksi varaus ei ole mahdollinen.<\/p>\n<p>&nbsp;<\/p>\n<p>&nbsp;<\/p>\n<p><span><\/span><\/p>\n<p>[\/et_pb_text][\/et_pb_column][et_pb_column type=&#8221;1_2&#8243; _builder_version=&#8221;4.27.4&#8243; _module_preset=&#8221;default&#8221; global_colors_info=&#8221;{}&#8221;][et_pb_text _builder_version=&#8221;4.27.4&#8243; _module_preset=&#8221;default&#8221; global_colors_info=&#8221;{}&#8221;]<\/p>\n<p style=\"font-size: 14px; background-color: #ffffff;\"><span style=\"font-size: 18px; background-color: #ffffff; font-weight: bold;\">Perjantai-Sunnuntai<\/span><a href=\"https:\/\/ikaalinenspa.fi\/\" style=\"font-size: 14px;\"><\/a><\/p>\n<p style=\"font-size: 14px; background-color: #ffffff;\"><span style=\"font-size: 14px;\">Jos haluat majoittua Ikaalisissa jo perjantaina, alueella on useampia yksityisi\u00e4 majoituksentarjoajia. Lis\u00e4ksi voit varata majoitusta esimerkiksi booking.com tai airbnb.com sivustojen kautta. Esimerkiksi hauilla Kylpyl\u00e4-hotelli, Terme tai Lomarinne<\/span><\/p>\n<p>JP-Lomat<br \/>Jari Pihkoluoma<br \/>040-8610101<br \/><a href=\"www.jplomat.fi\">www.jplomat.fi<\/a><br \/><a href=\"jari.pihkoluoma@gmail.com\">jari.pihkoluoma@gmail.com<\/a><\/p>\n<p>Helena Kauppi<br \/>040-4286279<br \/>helena.kauppi@hotmail.com<\/p>\n<p>Aulis Nuuja<br \/>0400-664444<br \/><a href=\"www.aulisnuuja.fi\">www.aulisnuuja.fi<\/a><\/p>\n<p>Kylpyl\u00e4-Hotelli<br \/>P\u00e4ivi Tiukka<br \/>040-7676558<\/p>\n<p>Kylpyl\u00e4hotelli \/ Terme<br \/>Jaakkola<br \/>050-5903081<\/p>\n<p>&nbsp;<\/p>\n<p style=\"font-size: 14px; background-color: #ffffff;\">\n<p>[\/et_pb_text][\/et_pb_column][\/et_pb_row][et_pb_row _builder_version=&#8221;4.16&#8243; _module_preset=&#8221;default&#8221; global_colors_info=&#8221;{}&#8221;][et_pb_column type=&#8221;4_4&#8243; _builder_version=&#8221;4.16&#8243; _module_preset=&#8221;default&#8221; global_colors_info=&#8221;{}&#8221;][et_pb_text _builder_version=&#8221;4.16&#8243; _module_preset=&#8221;default&#8221; header_font=&#8221;Staatliches||||||||&#8221; global_colors_info=&#8221;{}&#8221;]<\/p>\n<h1>Aikaisempien vuosien tuloksia<\/h1>\n<p>[\/et_pb_text][\/et_pb_column][\/et_pb_row][et_pb_row column_structure=&#8221;1_6,1_6,1_6,1_6,1_6,1_6&#8243; _builder_version=&#8221;4.27.3&#8243; _module_preset=&#8221;default&#8221; module_alignment=&#8221;center&#8221; global_colors_info=&#8221;{}&#8221;][et_pb_column type=&#8221;1_6&#8243; _builder_version=&#8221;4.23&#8243; _module_preset=&#8221;default&#8221; global_colors_info=&#8221;{}&#8221;][\/et_pb_column][et_pb_column type=&#8221;1_6&#8243; _builder_version=&#8221;4.23&#8243; _module_preset=&#8221;default&#8221; global_colors_info=&#8221;{}&#8221;][\/et_pb_column][et_pb_column type=&#8221;1_6&#8243; _builder_version=&#8221;4.23&#8243; _module_preset=&#8221;default&#8221; global_colors_info=&#8221;{}&#8221;][\/et_pb_column][et_pb_column type=&#8221;1_6&#8243; _builder_version=&#8221;4.23&#8243; _module_preset=&#8221;default&#8221; global_colors_info=&#8221;{}&#8221;][\/et_pb_column][et_pb_column type=&#8221;1_6&#8243; _builder_version=&#8221;4.23&#8243; _module_preset=&#8221;default&#8221; global_colors_info=&#8221;{}&#8221;][et_pb_button button_url=&#8221;http:\/\/www.kennelrattraps.com\/reviews\/#?breed=0&#038;search=NN-Show%2C%20Hyvink\u00e4\u00e4%2016.3.2024&#8243; button_text=&#8221;2024&#8243; button_alignment=&#8221;left&#8221; _builder_version=&#8221;4.27.3&#8243; _module_preset=&#8221;default&#8221; custom_button=&#8221;on&#8221; button_text_color=&#8221;#000000&#8243; button_font=&#8221;Staatliches||||||||&#8221; global_colors_info=&#8221;{}&#8221;][\/et_pb_button][\/et_pb_column][et_pb_column type=&#8221;1_6&#8243; _builder_version=&#8221;4.23&#8243; _module_preset=&#8221;default&#8221; global_colors_info=&#8221;{}&#8221;][et_pb_button button_url=&#8221;http:\/\/www.kennelrattraps.com\/reviews\/#?breed=0&#038;search=NN-Show%2C%20Tuusula%2025.3.2023&#8243; button_text=&#8221;2023&#8243; button_alignment=&#8221;left&#8221; _builder_version=&#8221;4.23&#8243; _module_preset=&#8221;default&#8221; custom_button=&#8221;on&#8221; button_text_color=&#8221;#000000&#8243; button_font=&#8221;Staatliches||||||||&#8221; global_colors_info=&#8221;{}&#8221;][\/et_pb_button][\/et_pb_column][\/et_pb_row][et_pb_row column_structure=&#8221;1_6,1_6,1_6,1_6,1_6,1_6&#8243; use_custom_gutter=&#8221;on&#8221; gutter_width=&#8221;1&#8243; _builder_version=&#8221;4.16&#8243; _module_preset=&#8221;default&#8221; custom_padding=&#8221;0px||||false|false&#8221; global_colors_info=&#8221;{}&#8221;][et_pb_column type=&#8221;1_6&#8243; _builder_version=&#8221;4.16&#8243; _module_preset=&#8221;default&#8221; global_colors_info=&#8221;{}&#8221;][et_pb_button button_url=&#8221;http:\/\/www.kennelrattraps.com\/reviews\/#?breed=0&#038;search=NN-Show%2C%20Kaarina%2030.7.2022&#8243; url_new_window=&#8221;on&#8221; button_text=&#8221;2022&#8243; button_alignment=&#8221;center&#8221; _builder_version=&#8221;4.18.0&#8243; _module_preset=&#8221;default&#8221; custom_button=&#8221;on&#8221; button_text_color=&#8221;#000000&#8243; button_font=&#8221;Staatliches||||||||&#8221; global_colors_info=&#8221;{}&#8221;][\/et_pb_button][\/et_pb_column][et_pb_column type=&#8221;1_6&#8243; _builder_version=&#8221;4.18.0&#8243; _module_preset=&#8221;default&#8221; global_colors_info=&#8221;{}&#8221;][et_pb_button button_url=&#8221;http:\/\/www.kennelrattraps.com\/reviews\/#?breed=0&#038;search=NN-Show%2021.8.2021&#8243; url_new_window=&#8221;on&#8221; button_text=&#8221;2021&#8243; button_alignment=&#8221;center&#8221; _builder_version=&#8221;4.16&#8243; _module_preset=&#8221;default&#8221; custom_button=&#8221;on&#8221; button_text_color=&#8221;#000000&#8243; button_font=&#8221;Staatliches||||||||&#8221; locked=&#8221;off&#8221; global_colors_info=&#8221;{}&#8221;][\/et_pb_button][\/et_pb_column][et_pb_column type=&#8221;1_6&#8243; _builder_version=&#8221;4.16&#8243; _module_preset=&#8221;default&#8221; global_colors_info=&#8221;{}&#8221;][et_pb_button button_text=&#8221;2019&#8243; button_alignment=&#8221;center&#8221; _builder_version=&#8221;4.16&#8243; _module_preset=&#8221;default&#8221; custom_button=&#8221;on&#8221; button_text_color=&#8221;#000000&#8243; button_font=&#8221;Staatliches||||||||&#8221; global_colors_info=&#8221;{}&#8221;][\/et_pb_button][\/et_pb_column][et_pb_column type=&#8221;1_6&#8243; _builder_version=&#8221;4.16&#8243; _module_preset=&#8221;default&#8221; global_colors_info=&#8221;{}&#8221;][et_pb_button button_text=&#8221;2018&#8243; button_alignment=&#8221;center&#8221; _builder_version=&#8221;4.16&#8243; _module_preset=&#8221;default&#8221; custom_button=&#8221;on&#8221; button_text_color=&#8221;#000000&#8243; button_font=&#8221;Staatliches||||||||&#8221; global_colors_info=&#8221;{}&#8221;][\/et_pb_button][\/et_pb_column][et_pb_column type=&#8221;1_6&#8243; _builder_version=&#8221;4.16&#8243; _module_preset=&#8221;default&#8221; global_colors_info=&#8221;{}&#8221;][et_pb_button button_text=&#8221;2017&#8243; button_alignment=&#8221;center&#8221; _builder_version=&#8221;4.27.3&#8243; _module_preset=&#8221;default&#8221; custom_button=&#8221;on&#8221; button_text_color=&#8221;#000000&#8243; button_font=&#8221;Staatliches||||||||&#8221; global_colors_info=&#8221;{}&#8221;][\/et_pb_button][\/et_pb_column][et_pb_column type=&#8221;1_6&#8243; _builder_version=&#8221;4.16&#8243; _module_preset=&#8221;default&#8221; global_colors_info=&#8221;{}&#8221;][et_pb_button button_text=&#8221;2016&#8243; button_alignment=&#8221;center&#8221; _builder_version=&#8221;4.16&#8243; _module_preset=&#8221;default&#8221; custom_button=&#8221;on&#8221; button_text_color=&#8221;#000000&#8243; button_font=&#8221;Staatliches||||||||&#8221; global_colors_info=&#8221;{}&#8221;][\/et_pb_button][\/et_pb_column][\/et_pb_row][\/et_pb_section]<\/p>\n","protected":false},"excerpt":{"rendered":"<p>NN Show on vuosittain j\u00e4rjestett\u00e4v\u00e4 ep\u00e4virallinen erikoisn\u00e4yttely norwichin- ja norfolkinterriereille. Tuomareina n\u00e4yttelyss\u00e4 voivat toimia ulkomuototuomarit tai rodun pitk\u00e4aikaiset kasvattajat tai harrastajat.NN SHOW 2026 Yhdistyksen j\u00e4rjest\u00e4m\u00e4 ep\u00e4virallinen NN-show j\u00e4rjestet\u00e4\u00e4n j\u00e4rjestet\u00e4\u00e4n Ikaallisten Kylpyl\u00e4ll\u00e4 lauantaina 1.8.2026 Aika: Lauantai 1.8.2026 Paikka: Ikaalinen,\u00a0Ikaalinen Spa &amp; Resort Tuomarit: Norfolkinterrierit: Frauke Hinsch, DE (kennel Allright) Norwichinterrierit: Uliva Guicciardini, IT (kennel Degli Acquisti) [&hellip;]<\/p>\n","protected":false},"author":1,"featured_media":0,"parent":0,"menu_order":0,"comment_status":"closed","ping_status":"closed","template":"","meta":{"_et_pb_use_builder":"on","_et_pb_old_content":"<!-- wp:divi\/placeholder \/-->","_et_gb_content_width":"","footnotes":""},"class_list":["post-84","page","type-page","status-publish","hentry"],"yoast_head":"<!-- This site is optimized with the Yoast SEO plugin v25.5 - https:\/\/yoast.com\/wordpress\/plugins\/seo\/ -->\n<title>NN Show - Suomen Norwichin- ja Norfolkinterrierit ry<\/title>\n<meta name=\"robots\" content=\"index, follow, max-snippet:-1, max-image-preview:large, max-video-preview:-1\" \/>\n<link rel=\"canonical\" href=\"https:\/\/www.nnterrierit.fi\/?page_id=84\" \/>\n<meta property=\"og:locale\" content=\"en_US\" \/>\n<meta property=\"og:type\" content=\"article\" \/>\n<meta property=\"og:title\" content=\"NN Show - Suomen Norwichin- ja Norfolkinterrierit ry\" \/>\n<meta property=\"og:description\" content=\"NN Show on vuosittain j\u00e4rjestett\u00e4v\u00e4 ep\u00e4virallinen erikoisn\u00e4yttely norwichin- ja norfolkinterriereille. Tuomareina n\u00e4yttelyss\u00e4 voivat toimia ulkomuototuomarit tai rodun pitk\u00e4aikaiset kasvattajat tai harrastajat.NN SHOW 2026 Yhdistyksen j\u00e4rjest\u00e4m\u00e4 ep\u00e4virallinen NN-show j\u00e4rjestet\u00e4\u00e4n j\u00e4rjestet\u00e4\u00e4n Ikaallisten Kylpyl\u00e4ll\u00e4 lauantaina 1.8.2026 Aika: Lauantai 1.8.2026 Paikka: Ikaalinen,\u00a0Ikaalinen Spa &amp; Resort Tuomarit: Norfolkinterrierit: Frauke Hinsch, DE (kennel Allright) Norwichinterrierit: Uliva Guicciardini, IT (kennel Degli Acquisti) [&hellip;]\" \/>\n<meta property=\"og:url\" content=\"https:\/\/www.nnterrierit.fi\/?page_id=84\" \/>\n<meta property=\"og:site_name\" content=\"Suomen Norwichin- ja Norfolkinterrierit ry\" \/>\n<meta property=\"article:modified_time\" content=\"2026-03-31T18:32:49+00:00\" \/>\n<meta name=\"twitter:card\" content=\"summary_large_image\" \/>\n<meta name=\"twitter:label1\" content=\"Est. reading time\" \/>\n\t<meta name=\"twitter:data1\" content=\"2 minutes\" \/>\n<script type=\"application\/ld+json\" class=\"yoast-schema-graph\">{\"@context\":\"https:\/\/schema.org\",\"@graph\":[{\"@type\":\"WebPage\",\"@id\":\"https:\/\/www.nnterrierit.fi\/?page_id=84\",\"url\":\"https:\/\/www.nnterrierit.fi\/?page_id=84\",\"name\":\"NN Show - Suomen Norwichin- ja Norfolkinterrierit ry\",\"isPartOf\":{\"@id\":\"https:\/\/www.nnterrierit.fi\/#website\"},\"datePublished\":\"2020-11-29T11:34:16+00:00\",\"dateModified\":\"2026-03-31T18:32:49+00:00\",\"breadcrumb\":{\"@id\":\"https:\/\/www.nnterrierit.fi\/?page_id=84#breadcrumb\"},\"inLanguage\":\"en\",\"potentialAction\":[{\"@type\":\"ReadAction\",\"target\":[\"https:\/\/www.nnterrierit.fi\/?page_id=84\"]}]},{\"@type\":\"BreadcrumbList\",\"@id\":\"https:\/\/www.nnterrierit.fi\/?page_id=84#breadcrumb\",\"itemListElement\":[{\"@type\":\"ListItem\",\"position\":1,\"name\":\"Home\",\"item\":\"https:\/\/www.nnterrierit.fi\/\"},{\"@type\":\"ListItem\",\"position\":2,\"name\":\"NN Show\"}]},{\"@type\":\"WebSite\",\"@id\":\"https:\/\/www.nnterrierit.fi\/#website\",\"url\":\"https:\/\/www.nnterrierit.fi\/\",\"name\":\"Suomen Norwichin- ja Norfolkinterrierit ry\",\"description\":\"\",\"potentialAction\":[{\"@type\":\"SearchAction\",\"target\":{\"@type\":\"EntryPoint\",\"urlTemplate\":\"https:\/\/www.nnterrierit.fi\/?s={search_term_string}\"},\"query-input\":{\"@type\":\"PropertyValueSpecification\",\"valueRequired\":true,\"valueName\":\"search_term_string\"}}],\"inLanguage\":\"en\"}]}<\/script>\n<!-- \/ Yoast SEO plugin. -->","yoast_head_json":{"title":"NN Show - Suomen Norwichin- ja Norfolkinterrierit ry","robots":{"index":"index","follow":"follow","max-snippet":"max-snippet:-1","max-image-preview":"max-image-preview:large","max-video-preview":"max-video-preview:-1"},"canonical":"https:\/\/www.nnterrierit.fi\/?page_id=84","og_locale":"en_US","og_type":"article","og_title":"NN Show - Suomen Norwichin- ja Norfolkinterrierit ry","og_description":"NN Show on vuosittain j\u00e4rjestett\u00e4v\u00e4 ep\u00e4virallinen erikoisn\u00e4yttely norwichin- ja norfolkinterriereille. Tuomareina n\u00e4yttelyss\u00e4 voivat toimia ulkomuototuomarit tai rodun pitk\u00e4aikaiset kasvattajat tai harrastajat.NN SHOW 2026 Yhdistyksen j\u00e4rjest\u00e4m\u00e4 ep\u00e4virallinen NN-show j\u00e4rjestet\u00e4\u00e4n j\u00e4rjestet\u00e4\u00e4n Ikaallisten Kylpyl\u00e4ll\u00e4 lauantaina 1.8.2026 Aika: Lauantai 1.8.2026 Paikka: Ikaalinen,\u00a0Ikaalinen Spa &amp; Resort Tuomarit: Norfolkinterrierit: Frauke Hinsch, DE (kennel Allright) Norwichinterrierit: Uliva Guicciardini, IT (kennel Degli Acquisti) [&hellip;]","og_url":"https:\/\/www.nnterrierit.fi\/?page_id=84","og_site_name":"Suomen Norwichin- ja Norfolkinterrierit ry","article_modified_time":"2026-03-31T18:32:49+00:00","twitter_card":"summary_large_image","twitter_misc":{"Est. reading time":"2 minutes"},"schema":{"@context":"https:\/\/schema.org","@graph":[{"@type":"WebPage","@id":"https:\/\/www.nnterrierit.fi\/?page_id=84","url":"https:\/\/www.nnterrierit.fi\/?page_id=84","name":"NN Show - Suomen Norwichin- ja Norfolkinterrierit ry","isPartOf":{"@id":"https:\/\/www.nnterrierit.fi\/#website"},"datePublished":"2020-11-29T11:34:16+00:00","dateModified":"2026-03-31T18:32:49+00:00","breadcrumb":{"@id":"https:\/\/www.nnterrierit.fi\/?page_id=84#breadcrumb"},"inLanguage":"en","potentialAction":[{"@type":"ReadAction","target":["https:\/\/www.nnterrierit.fi\/?page_id=84"]}]},{"@type":"BreadcrumbList","@id":"https:\/\/www.nnterrierit.fi\/?page_id=84#breadcrumb","itemListElement":[{"@type":"ListItem","position":1,"name":"Home","item":"https:\/\/www.nnterrierit.fi\/"},{"@type":"ListItem","position":2,"name":"NN Show"}]},{"@type":"WebSite","@id":"https:\/\/www.nnterrierit.fi\/#website","url":"https:\/\/www.nnterrierit.fi\/","name":"Suomen Norwichin- ja Norfolkinterrierit ry","description":"","potentialAction":[{"@type":"SearchAction","target":{"@type":"EntryPoint","urlTemplate":"https:\/\/www.nnterrierit.fi\/?s={search_term_string}"},"query-input":{"@type":"PropertyValueSpecification","valueRequired":true,"valueName":"search_term_string"}}],"inLanguage":"en"}]}},"_links":{"self":[{"href":"https:\/\/www.nnterrierit.fi\/index.php?rest_route=\/wp\/v2\/pages\/84","targetHints":{"allow":["GET"]}}],"collection":[{"href":"https:\/\/www.nnterrierit.fi\/index.php?rest_route=\/wp\/v2\/pages"}],"about":[{"href":"https:\/\/www.nnterrierit.fi\/index.php?rest_route=\/wp\/v2\/types\/page"}],"author":[{"embeddable":true,"href":"https:\/\/www.nnterrierit.fi\/index.php?rest_route=\/wp\/v2\/users\/1"}],"replies":[{"embeddable":true,"href":"https:\/\/www.nnterrierit.fi\/index.php?rest_route=%2Fwp%2Fv2%2Fcomments&post=84"}],"version-history":[{"count":41,"href":"https:\/\/www.nnterrierit.fi\/index.php?rest_route=\/wp\/v2\/pages\/84\/revisions"}],"predecessor-version":[{"id":2126,"href":"https:\/\/www.nnterrierit.fi\/index.php?rest_route=\/wp\/v2\/pages\/84\/revisions\/2126"}],"wp:attachment":[{"href":"https:\/\/www.nnterrierit.fi\/index.php?rest_route=%2Fwp%2Fv2%2Fmedia&parent=84"}],"curies":[{"name":"wp","href":"https:\/\/api.w.org\/{rel}","templated":true}]}}