{"id":70,"date":"2020-11-29T11:23:56","date_gmt":"2020-11-29T11:23:56","guid":{"rendered":"http:\/\/wp5.louhi.net\/~nnterrie\/?page_id=70"},"modified":"2026-03-26T19:54:51","modified_gmt":"2026-03-26T19:54:51","slug":"norfolkinterrierikasvattajat","status":"publish","type":"page","link":"https:\/\/www.nnterrierit.fi\/?page_id=70","title":{"rendered":"Norfolkinterrierikasvattajat"},"content":{"rendered":"<p>[et_pb_section fb_built=&#8221;1&#8243; fullwidth=&#8221;on&#8221; _builder_version=&#8221;4.16&#8243; _module_preset=&#8221;default&#8221; global_colors_info=&#8221;{}&#8221;][et_pb_fullwidth_header title=&#8221;Norfolkinterrierikasvattajat&#8221; button_one_text=&#8221;T\u00e4rke\u00e4\u00e4 tietoa pennunostajille&#8221; _builder_version=&#8221;4.16&#8243; _module_preset=&#8221;default&#8221; title_font=&#8221;Staatliches||||||||&#8221; title_font_size=&#8221;42px&#8221; content_font_size=&#8221;20px&#8221; background_image=&#8221;http:\/\/wp5.louhi.net\/~nnterrie\/wp-content\/uploads\/2021\/01\/36512956791_a6818c19bd_k-1.jpg&#8221; custom_button_one=&#8221;on&#8221; button_one_text_size=&#8221;25px&#8221; button_one_font=&#8221;Staatliches||||||||&#8221; height=&#8221;600px&#8221; height_tablet=&#8221;500px&#8221; height_phone=&#8221;500px&#8221; height_last_edited=&#8221;on|desktop&#8221; custom_padding=&#8221;175px||0px||false|false&#8221; custom_padding_tablet=&#8221;250px||||false|false&#8221; custom_padding_phone=&#8221;&#8221; custom_padding_last_edited=&#8221;on|desktop&#8221; global_colors_info=&#8221;{}&#8221;]<\/p>\n<p>Oheiset kasvattajat ovat rotuyhdistyksen j\u00e4seni\u00e4. Rotuyhdistys ei vastaa kasvattajiensa toiminnasta.<\/p>\n<p>[\/et_pb_fullwidth_header][\/et_pb_section][et_pb_section fb_built=&#8221;1&#8243; _builder_version=&#8221;4.16&#8243; _module_preset=&#8221;default&#8221; custom_margin=&#8221;0px|0px||0px|false|true&#8221; custom_margin_tablet=&#8221;&#8221; custom_margin_phone=&#8221;&#8221; custom_margin_last_edited=&#8221;on|phone&#8221; custom_padding=&#8221;20px||||false|false&#8221; global_colors_info=&#8221;{}&#8221;][et_pb_row column_structure=&#8221;1_4,1_4,1_4,1_4&#8243; _builder_version=&#8221;4.16&#8243; _module_preset=&#8221;default&#8221; custom_margin=&#8221;0px||0px||false|false&#8221; custom_padding=&#8221;16px||0px||false|false&#8221; global_colors_info=&#8221;{}&#8221;][et_pb_column type=&#8221;1_4&#8243; _builder_version=&#8221;4.16&#8243; _module_preset=&#8221;default&#8221; global_colors_info=&#8221;{}&#8221;][et_pb_text _builder_version=&#8221;4.16&#8243; _module_preset=&#8221;default&#8221; header_font=&#8221;Staatliches||||||||&#8221; link_option_url_new_window=&#8221;on&#8221; global_colors_info=&#8221;{}&#8221;]<\/p>\n<h1>Binacan<\/h1>\n<p>Sari Piril\u00e4<br \/> <span>Kankaanp\u00e4\u00e4<\/span><br \/> <span>040 511 2105<\/span><br \/> <span><a href=\"mailto:kennelbinacan@gmail.com\">kennelbinacan@gmail.com<\/a><\/span><br \/> <a href=\"http:\/\/www.binacan.com\"><span>Nettisivut<\/span><\/a><\/p>\n<p>[\/et_pb_text][\/et_pb_column][et_pb_column type=&#8221;1_4&#8243; _builder_version=&#8221;4.16&#8243; _module_preset=&#8221;default&#8221; global_colors_info=&#8221;{}&#8221;][et_pb_text _builder_version=&#8221;4.16&#8243; _module_preset=&#8221;default&#8221; header_font=&#8221;Staatliches||||||||&#8221; global_colors_info=&#8221;{}&#8221;]<\/p>\n<h1>Cobbybuddies<\/h1>\n<p><span>Ursula Johansson<\/span><br \/> <span>J\u00e4rvenp\u00e4\u00e4<\/span><br \/> <span>045 2634636 <\/span><a href=\"mailto:cobbybuddies@gmail.com\"><\/a><br \/> <a href=\"mailto:cobbybuddies@gmail.com\">cobbybuddies@gmail.com<\/a><\/p>\n<p>[\/et_pb_text][\/et_pb_column][et_pb_column type=&#8221;1_4&#8243; _builder_version=&#8221;4.16&#8243; _module_preset=&#8221;default&#8221; global_colors_info=&#8221;{}&#8221;][et_pb_text _builder_version=&#8221;4.16&#8243; _module_preset=&#8221;default&#8221; header_font=&#8221;Staatliches||||||||&#8221; global_colors_info=&#8221;{}&#8221;]<\/p>\n<h1>Donut&#8217;s<\/h1>\n<p><span>Piia Laetsalo-Saarela<\/span><br \/><span>Kouvola<\/span><br \/><span>040-5719 338 <\/span><br \/><a href=\"mailto:tmi.trimdo@gmail.com\" target=\"_blank\" rel=\"noopener\">tmi.trimdo@gmail.com<\/a><span>\u00a0<\/span><\/p>\n<p>[\/et_pb_text][\/et_pb_column][et_pb_column type=&#8221;1_4&#8243; _builder_version=&#8221;4.16&#8243; _module_preset=&#8221;default&#8221; global_colors_info=&#8221;{}&#8221;][et_pb_text _builder_version=&#8221;4.16&#8243; _module_preset=&#8221;default&#8221; header_font=&#8221;Staatliches||||||||&#8221; global_colors_info=&#8221;{}&#8221;]<\/p>\n<h1>Dustcake<\/h1>\n<p><span class=\"redactor-invisible-space\">Sanna Julku<\/span><br \/> <span>Saimaanharju<\/span><br \/> <span>050 527 7515<\/span><br \/> <a href=\"mailto:sannajulku@hotmail.com\">sannajulku@hotmail.com<\/a><\/p>\n<p>[\/et_pb_text][\/et_pb_column][\/et_pb_row][et_pb_row column_structure=&#8221;1_4,1_4,1_4,1_4&#8243; _builder_version=&#8221;4.27.4&#8243; _module_preset=&#8221;default&#8221; custom_margin=&#8221;||0px||false|false&#8221; custom_padding=&#8221;16px||0px||false|false&#8221; hover_enabled=&#8221;0&#8243; global_colors_info=&#8221;{}&#8221; sticky_enabled=&#8221;0&#8243;][et_pb_column type=&#8221;1_4&#8243; _builder_version=&#8221;4.16&#8243; _module_preset=&#8221;default&#8221; global_colors_info=&#8221;{}&#8221;][et_pb_text _builder_version=&#8221;4.27.4&#8243; _module_preset=&#8221;default&#8221; header_font=&#8221;Staatliches||||||||&#8221; hover_enabled=&#8221;0&#8243; global_colors_info=&#8221;{}&#8221; min_height=&#8221;63.8px&#8221; sticky_enabled=&#8221;0&#8243;]<\/p>\n<h1>Fantabulous<\/h1>\n<p><span>Kaarina &amp; Paula Valakari<\/span><br \/><span>Helsinki <\/span><br \/><span>09 308 036<\/span><br \/><a href=\"mailto:paula.valakari@kolumbus.fi\">paula.valakari@kolumbus.fi<\/a><\/p>\n<p>[\/et_pb_text][\/et_pb_column][et_pb_column type=&#8221;1_4&#8243; _builder_version=&#8221;4.16&#8243; _module_preset=&#8221;default&#8221; global_colors_info=&#8221;{}&#8221;][et_pb_text _builder_version=&#8221;4.16&#8243; _module_preset=&#8221;default&#8221; header_font=&#8221;Staatliches||||||||&#8221; global_colors_info=&#8221;{}&#8221;]<\/p>\n<h1>Glamorly<\/h1>\n<p><span>Antti Hokkanen<\/span><br \/><span>Pet\u00e4j\u00e4vesi<\/span><br \/><span>040 5312 491<\/span><br \/><a href=\"mailto:glamorlykennel@outlook.com\" target=\"_blank\" rel=\"noopener noreferrer\">glamorlykennel@outlook.com<\/a><br \/><a href=\"https:\/\/glamorly.wordpress.com\">Nettisivut<\/a><\/p>\n<p>[\/et_pb_text][\/et_pb_column][et_pb_column type=&#8221;1_4&#8243; _builder_version=&#8221;4.16&#8243; _module_preset=&#8221;default&#8221; global_colors_info=&#8221;{}&#8221;][et_pb_text _builder_version=&#8221;4.16&#8243; _module_preset=&#8221;default&#8221; header_font=&#8221;Staatliches||||||||&#8221; global_colors_info=&#8221;{}&#8221;]<\/p>\n<h1>Happylandian<\/h1>\n<p><span class=\"redactor-invisible-space\">Ida Holopainen<\/span><br \/><span class=\"redactor-invisible-space\">Kotka<br \/>044 9888 554<br \/><\/span><span class=\"redactor-invisible-space\"><\/span><span class=\"redactor-invisible-space\"><\/span><span class=\"redactor-invisible-space\"><\/span><span class=\"redactor-invisible-space\"><\/span><span class=\"redactor-invisible-space\"><\/span><span class=\"redactor-invisible-space\"><\/span><span class=\"redactor-invisible-space\"><\/span><span class=\"redactor-invisible-space\"><\/span><span class=\"redactor-invisible-space\"><\/span><span class=\"redactor-invisible-space\"><\/span><span class=\"redactor-invisible-space\"><\/span><span class=\"redactor-invisible-space\"><\/span><span class=\"redactor-invisible-space\"><\/span><span class=\"redactor-invisible-space\"><\/span><span class=\"redactor-invisible-space\"><\/span><span class=\"redactor-invisible-space\"><\/span><span class=\"redactor-invisible-space\"><\/span><span class=\"redactor-invisible-space\"><a href=\"mailto:kennel.happylandian@gmail.com\">kennel.happylandian@gmail.com<\/a><\/span><br \/><a href=\"http:\/\/happylandian.blogspot.com\"><span class=\"redactor-invisible-space\">Nettisivut<\/span><\/a><\/p>\n<p>[\/et_pb_text][\/et_pb_column][et_pb_column type=&#8221;1_4&#8243; _builder_version=&#8221;4.16&#8243; _module_preset=&#8221;default&#8221; global_colors_info=&#8221;{}&#8221;][et_pb_text _builder_version=&#8221;4.16&#8243; _module_preset=&#8221;default&#8221; header_font=&#8221;Staatliches||||||||&#8221; global_colors_info=&#8221;{}&#8221;]<\/p>\n<h1>Heilurih\u00e4nn\u00e4n<\/h1>\n<p><span>Kirsi Nieminen<\/span><br \/><span>Saarentaus <\/span><br \/><span>0400 641 866 <\/span><br \/><a href=\"mailto:kirsi.nieminen@metos.com\">kirsi.nieminen@metos.com<\/a><br \/><a href=\"https:\/\/www.kennelheilurihannan.fi\">Nettisivut<\/a><\/p>\n<p>[\/et_pb_text][\/et_pb_column][\/et_pb_row][et_pb_row column_structure=&#8221;1_4,1_4,1_4,1_4&#8243; _builder_version=&#8221;4.16&#8243; _module_preset=&#8221;default&#8221; custom_padding=&#8221;14px||12px||false|false&#8221; global_colors_info=&#8221;{}&#8221;][et_pb_column type=&#8221;1_4&#8243; _builder_version=&#8221;4.16&#8243; _module_preset=&#8221;default&#8221; global_colors_info=&#8221;{}&#8221;][et_pb_text _builder_version=&#8221;4.16&#8243; _module_preset=&#8221;default&#8221; header_font=&#8221;Staatliches||||||||&#8221; global_colors_info=&#8221;{}&#8221;]<\/p>\n<h1>Hooligan<\/h1>\n<p><span>Arja Koskelo<\/span><br \/><span>Turku <\/span><br \/><span>0400 225 926<\/span><br \/><a href=\"mailto:kennel.hooligan@gmail.com\">kennel.hooligan@gmail.com<\/a><\/p>\n<div>\n<p>Sari Juuti<br \/>Helsinki<br \/>040 5805807<\/p>\n<div><\/div>\n<div><\/div>\n<div><a href=\"https:\/\/www.koskelo.net\">Nettisivut<\/a><\/div>\n<\/div>\n<p>[\/et_pb_text][\/et_pb_column][et_pb_column type=&#8221;1_4&#8243; _builder_version=&#8221;4.16&#8243; _module_preset=&#8221;default&#8221; global_colors_info=&#8221;{}&#8221;][et_pb_text _builder_version=&#8221;4.16&#8243; _module_preset=&#8221;default&#8221; header_font=&#8221;Staatliches||||||||&#8221; global_colors_info=&#8221;{}&#8221;]<\/p>\n<h1>Isonniityn<\/h1>\n<div dir=\"auto\">Eija Kangas-Virtanen<\/div>\n<div dir=\"auto\">Tuusula<\/div>\n<div dir=\"auto\">0400 709 596<\/div>\n<div dir=\"auto\"><a href=\"mailto:eijakv@gmail.com\" target=\"_blank\" rel=\"noopener\">eijakv@gmail.com<\/a><\/div>\n<div><\/div>\n<p>[\/et_pb_text][\/et_pb_column][et_pb_column type=&#8221;1_4&#8243; _builder_version=&#8221;4.16&#8243; _module_preset=&#8221;default&#8221; global_colors_info=&#8221;{}&#8221;][et_pb_text _builder_version=&#8221;4.27.4&#8243; _module_preset=&#8221;default&#8221; header_font=&#8221;Staatliches||||||||&#8221; hover_enabled=&#8221;0&#8243; global_colors_info=&#8221;{}&#8221; sticky_enabled=&#8221;0&#8243;]<\/p>\n<h1>Karloon<\/h1>\n<p><span>Tanja Seiloo ja Ira Karvo<\/span><br \/><span>Kangasala <\/span><br \/><span>Tanja: 050 555 7558\u00a0<\/span><br \/><span>Ira: 050 912 1156 <\/span><br \/><a href=\"mailto:tanja@karloon.fi\">tanja@karloon.fi<\/a><br \/><a href=\"mailto:ira@karloon.fi\">ira@karloon.fi<\/a><br \/><a href=\"https:\/\/www.karloon.fi\">Nettisivut<\/a><\/p>\n<p>[\/et_pb_text][\/et_pb_column][et_pb_column type=&#8221;1_4&#8243; _builder_version=&#8221;4.16&#8243; _module_preset=&#8221;default&#8221; global_colors_info=&#8221;{}&#8221;][et_pb_text _builder_version=&#8221;4.16&#8243; _module_preset=&#8221;default&#8221; header_font=&#8221;Staatliches||||||||&#8221; global_colors_info=&#8221;{}&#8221;]<\/p>\n<h1>Karlux<\/h1>\n<p><span>Eija Johansson<\/span><br \/><span>Singsby<\/span><br \/><span>040 5552972<\/span><br \/><a href=\"mailto:karluxkennel@gmail.com\">karluxkennel@gmail.com<\/a><\/p>\n<p>[\/et_pb_text][\/et_pb_column][\/et_pb_row][et_pb_row column_structure=&#8221;1_4,1_4,1_4,1_4&#8243; _builder_version=&#8221;4.16&#8243; _module_preset=&#8221;default&#8221; custom_padding=&#8221;10px||||false|false&#8221; global_colors_info=&#8221;{}&#8221;][et_pb_column type=&#8221;1_4&#8243; _builder_version=&#8221;4.16&#8243; _module_preset=&#8221;default&#8221; global_colors_info=&#8221;{}&#8221;][et_pb_text _builder_version=&#8221;4.27.4&#8243; _module_preset=&#8221;default&#8221; header_font=&#8221;Staatliches||||||||&#8221; global_colors_info=&#8221;{}&#8221;]<\/p>\n<h1>Mainly<\/h1>\n<p><span class=\"redactor-invisible-space\">Mari Taipale<\/span><br \/><span class=\"redactor-invisible-space\">Kouvola<\/span><br \/><span class=\"redactor-invisible-space\">040 8204015<br \/><\/span><span class=\"redactor-invisible-space\"><\/span><span class=\"redactor-invisible-space\"><\/span><span class=\"redactor-invisible-space\"><a href=\"mailto:kennelmainly@gmail.com\">kennelmainly@gmail.com<\/a><\/span><\/p>\n<p>[\/et_pb_text][\/et_pb_column][et_pb_column type=&#8221;1_4&#8243; _builder_version=&#8221;4.16&#8243; _module_preset=&#8221;default&#8221; global_colors_info=&#8221;{}&#8221;][et_pb_text _builder_version=&#8221;4.16&#8243; _module_preset=&#8221;default&#8221; header_font=&#8221;Staatliches||||||||&#8221; global_colors_info=&#8221;{}&#8221;]<\/p>\n<h1>Meryfield&#8217;s<\/h1>\n<p><span>Taina Palve<\/span><br \/><span>Vesanka<\/span><br \/><span>0400 413640 <\/span><br \/><a href=\"mailto:tainams@yahoo.com\">tainams@yahoo.com<\/a><\/p>\n<p>[\/et_pb_text][\/et_pb_column][et_pb_column type=&#8221;1_4&#8243; _builder_version=&#8221;4.16&#8243; _module_preset=&#8221;default&#8221; global_colors_info=&#8221;{}&#8221;][et_pb_text _builder_version=&#8221;4.16&#8243; _module_preset=&#8221;default&#8221; header_font=&#8221;Staatliches||||||||&#8221; global_colors_info=&#8221;{}&#8221;]<\/p>\n<h1>NONSEQUITUR<\/h1>\n<p><span>Nina Kallberg<\/span><br \/><span>Kirkkonummi<\/span><br \/><span>040 536 2641<\/span><br \/><a href=\"mailto:kallbergn@gmail.com\" target=\"_blank\" rel=\"noopener\">kallbergn@gmail.com<\/a><\/p>\n<p>[\/et_pb_text][\/et_pb_column][et_pb_column type=&#8221;1_4&#8243; _builder_version=&#8221;4.16&#8243; _module_preset=&#8221;default&#8221; global_colors_info=&#8221;{}&#8221;][et_pb_text _builder_version=&#8221;4.19.1&#8243; _module_preset=&#8221;default&#8221; header_font=&#8221;Staatliches||||||||&#8221; global_colors_info=&#8221;{}&#8221;]<\/p>\n<h1>Norchid<\/h1>\n<p><span>Tarja Kalme<\/span><br \/><span>Espoo<\/span><br \/><span>040 539 3935 <\/span><br \/><a href=\"mailto:tarja.kalme@gmail.com\">tarja.kalme@gmail.com<\/a><\/p>\n<p>[\/et_pb_text][\/et_pb_column][\/et_pb_row][et_pb_row column_structure=&#8221;1_4,1_4,1_4,1_4&#8243; _builder_version=&#8221;4.16&#8243; _module_preset=&#8221;default&#8221; custom_padding=&#8221;0px||||false|false&#8221; global_colors_info=&#8221;{}&#8221;][et_pb_column type=&#8221;1_4&#8243; _builder_version=&#8221;4.16&#8243; _module_preset=&#8221;default&#8221; global_colors_info=&#8221;{}&#8221;][et_pb_text _builder_version=&#8221;4.16&#8243; _module_preset=&#8221;default&#8221; header_font=&#8221;Staatliches||||||||&#8221; global_colors_info=&#8221;{}&#8221;]<\/p>\n<h1 style=\"text-align: left;\">Pihlajapirtin<\/h1>\n<p><span>Terhi Helaja<\/span><br \/><span>Kotka<\/span><br \/><span>050 536 9295 <\/span><a href=\"mailto:pihlajapirtin@elisanet.fi\"><\/a><br \/><a href=\"mailto:pihlajapirtin@gmail.com\">pihlajapirtin@gmail.com<\/a><\/p>\n<p>[\/et_pb_text][\/et_pb_column][et_pb_column type=&#8221;1_4&#8243; _builder_version=&#8221;4.16&#8243; _module_preset=&#8221;default&#8221; global_colors_info=&#8221;{}&#8221;][et_pb_text _builder_version=&#8221;4.16&#8243; _module_preset=&#8221;default&#8221; header_font=&#8221;Staatliches||||||||&#8221; global_colors_info=&#8221;{}&#8221;]<\/p>\n<h1>Porrigito<\/h1>\n<p><span>Marja Salminen<\/span><br \/><span>Turku <\/span><br \/><span>050 5985 220<\/span><br \/><a href=\"mailto:porrigito@gmail.com\">porrigito@gmail.com<\/a><\/p>\n<p>[\/et_pb_text][\/et_pb_column][et_pb_column type=&#8221;1_4&#8243; _builder_version=&#8221;4.16&#8243; _module_preset=&#8221;default&#8221; global_colors_info=&#8221;{}&#8221;][et_pb_text _builder_version=&#8221;4.16&#8243; _module_preset=&#8221;default&#8221; header_font=&#8221;Staatliches||||||||&#8221; global_colors_info=&#8221;{}&#8221;]<\/p>\n<h1>Tappuraface&#8217;s<\/h1>\n<p><span>Jaana Harmoinen<\/span><br \/><span>J\u00e4rvenp\u00e4\u00e4<\/span><br \/><span>050 405 0826 <\/span><br \/><a href=\"mailto:tappuraface@gmail.com\">tappuraface@gmail.com<\/a><br \/><a href=\"https:\/\/tappuraface.wordpress.com\">Nettisivut<\/a><\/p>\n<p>[\/et_pb_text][\/et_pb_column][et_pb_column type=&#8221;1_4&#8243; _builder_version=&#8221;4.16&#8243; _module_preset=&#8221;default&#8221; global_colors_info=&#8221;{}&#8221;][et_pb_text _builder_version=&#8221;4.27.4&#8243; _module_preset=&#8221;default&#8221; header_font=&#8221;Staatliches||||||||&#8221; hover_enabled=&#8221;0&#8243; global_colors_info=&#8221;{}&#8221; min_height=&#8221;40.8px&#8221; sticky_enabled=&#8221;0&#8243;]<\/p>\n<h1>Tiny Trotter&#8217;s<\/h1>\n<div><span>Taia Kiiskil\u00e4<\/span><\/div>\n<div><\/div>\n<div><span><\/span><\/div>\n<div><span>Tampere<\/span><\/div>\n<div><span>040-5700455<\/span><\/div>\n<div><span><a href=\"mailto:taia.kiiskila@gmail.com\" target=\"_blank\" rel=\"noopener\"><span style=\"font-family: tahoma, sans-serif;\">taia.kiiskila@gmail.com<\/span><\/a><\/span><\/div>\n<p><a href=\"https:\/\/tinytrotterskennel.wordpress.com\">Nettisivut<\/a><\/p>\n<p>[\/et_pb_text][\/et_pb_column][\/et_pb_row][et_pb_row column_structure=&#8221;1_4,1_4,1_4,1_4&#8243; _builder_version=&#8221;4.16&#8243; _module_preset=&#8221;default&#8221; custom_padding=&#8221;0px||||false|false&#8221; global_colors_info=&#8221;{}&#8221;][et_pb_column type=&#8221;1_4&#8243; _builder_version=&#8221;4.16&#8243; _module_preset=&#8221;default&#8221; global_colors_info=&#8221;{}&#8221;][et_pb_text _builder_version=&#8221;4.16&#8243; _module_preset=&#8221;default&#8221; header_font=&#8221;Staatliches||||||||&#8221; global_colors_info=&#8221;{}&#8221;]<\/p>\n<h1>Wanasay&#8217;s<\/h1>\n<div>Vilma Vestelin<br \/>Tampere<br \/>0400 245139<\/div>\n<p><a href=\"mailto:vilma.vestelin@gmail.com\"><\/a><a href=\"mailto:vilma.vestelin@gmail.com\">vilma.vestelin@gmail.com<\/a><br \/><a href=\"https:\/\/wanasays.wordpress.com\">Nettisivut<\/a><\/p>\n<p>[\/et_pb_text][\/et_pb_column][et_pb_column type=&#8221;1_4&#8243; _builder_version=&#8221;4.16&#8243; _module_preset=&#8221;default&#8221; global_colors_info=&#8221;{}&#8221;][et_pb_text _builder_version=&#8221;4.20.2&#8243; _module_preset=&#8221;default&#8221; header_font=&#8221;Staatliches||||||||&#8221; global_colors_info=&#8221;{}&#8221;]<\/p>\n<h1>\u00a0 \u00a0\u00a0<\/h1>\n<p>[\/et_pb_text][\/et_pb_column][et_pb_column type=&#8221;1_4&#8243; _builder_version=&#8221;4.16&#8243; _module_preset=&#8221;default&#8221; global_colors_info=&#8221;{}&#8221;][et_pb_text _builder_version=&#8221;4.20.2&#8243; _module_preset=&#8221;default&#8221; header_font=&#8221;Staatliches||||||||&#8221; global_colors_info=&#8221;{}&#8221;]<\/p>\n<h1>\u00a0 \u00a0\u00a0<\/h1>\n<p>[\/et_pb_text][\/et_pb_column][et_pb_column type=&#8221;1_4&#8243; _builder_version=&#8221;4.16&#8243; _module_preset=&#8221;default&#8221; global_colors_info=&#8221;{}&#8221;][\/et_pb_column][\/et_pb_row][\/et_pb_section]<\/p>\n","protected":false},"excerpt":{"rendered":"<p>Oheiset kasvattajat ovat rotuyhdistyksen j\u00e4seni\u00e4. Rotuyhdistys ei vastaa kasvattajiensa toiminnasta.Binacan Sari Piril\u00e4 Kankaanp\u00e4\u00e4 040 511 2105 kennelbinacan@gmail.com NettisivutCobbybuddies Ursula Johansson J\u00e4rvenp\u00e4\u00e4 045 2634636 cobbybuddies@gmail.comDonut&#8217;s Piia Laetsalo-SaarelaKouvola040-5719 338 tmi.trimdo@gmail.com\u00a0Dustcake Sanna Julku Saimaanharju 050 527 7515 sannajulku@hotmail.comFantabulous Kaarina &amp; Paula ValakariHelsinki 09 308 036paula.valakari@kolumbus.fiGlamorly Antti HokkanenPet\u00e4j\u00e4vesi040 5312 491glamorlykennel@outlook.comNettisivutHappylandian Ida HolopainenKotka044 9888 554kennel.happylandian@gmail.comNettisivutHeilurih\u00e4nn\u00e4n Kirsi NieminenSaarentaus 0400 641 866 [&hellip;]<\/p>\n","protected":false},"author":1,"featured_media":0,"parent":0,"menu_order":0,"comment_status":"closed","ping_status":"closed","template":"","meta":{"_et_pb_use_builder":"on","_et_pb_old_content":"<!-- wp:divi\/placeholder \/-->","_et_gb_content_width":"","footnotes":""},"class_list":["post-70","page","type-page","status-publish","hentry"],"yoast_head":"<!-- This site is optimized with the Yoast SEO plugin v25.5 - https:\/\/yoast.com\/wordpress\/plugins\/seo\/ -->\n<title>Norfolkinterrierikasvattajat - Suomen Norwichin- ja Norfolkinterrierit ry<\/title>\n<meta name=\"robots\" content=\"index, follow, max-snippet:-1, max-image-preview:large, max-video-preview:-1\" \/>\n<link rel=\"canonical\" href=\"https:\/\/www.nnterrierit.fi\/?page_id=70\" \/>\n<meta property=\"og:locale\" content=\"en_US\" \/>\n<meta property=\"og:type\" content=\"article\" \/>\n<meta property=\"og:title\" content=\"Norfolkinterrierikasvattajat - Suomen Norwichin- ja Norfolkinterrierit ry\" \/>\n<meta property=\"og:description\" content=\"Oheiset kasvattajat ovat rotuyhdistyksen j\u00e4seni\u00e4. Rotuyhdistys ei vastaa kasvattajiensa toiminnasta.Binacan Sari Piril\u00e4 Kankaanp\u00e4\u00e4 040 511 2105 kennelbinacan@gmail.com NettisivutCobbybuddies Ursula Johansson J\u00e4rvenp\u00e4\u00e4 045 2634636 cobbybuddies@gmail.comDonut&#039;s Piia Laetsalo-SaarelaKouvola040-5719 338 tmi.trimdo@gmail.com\u00a0Dustcake Sanna Julku Saimaanharju 050 527 7515 sannajulku@hotmail.comFantabulous Kaarina &amp; Paula ValakariHelsinki 09 308 036paula.valakari@kolumbus.fiGlamorly Antti HokkanenPet\u00e4j\u00e4vesi040 5312 491glamorlykennel@outlook.comNettisivutHappylandian Ida HolopainenKotka044 9888 554kennel.happylandian@gmail.comNettisivutHeilurih\u00e4nn\u00e4n Kirsi NieminenSaarentaus 0400 641 866 [&hellip;]\" \/>\n<meta property=\"og:url\" content=\"https:\/\/www.nnterrierit.fi\/?page_id=70\" \/>\n<meta property=\"og:site_name\" content=\"Suomen Norwichin- ja Norfolkinterrierit ry\" \/>\n<meta property=\"article:modified_time\" content=\"2026-03-26T19:54:51+00:00\" \/>\n<meta name=\"twitter:card\" content=\"summary_large_image\" \/>\n<meta name=\"twitter:label1\" content=\"Est. reading time\" \/>\n\t<meta name=\"twitter:data1\" content=\"6 minutes\" \/>\n<script type=\"application\/ld+json\" class=\"yoast-schema-graph\">{\"@context\":\"https:\/\/schema.org\",\"@graph\":[{\"@type\":\"WebPage\",\"@id\":\"https:\/\/www.nnterrierit.fi\/?page_id=70\",\"url\":\"https:\/\/www.nnterrierit.fi\/?page_id=70\",\"name\":\"Norfolkinterrierikasvattajat - Suomen Norwichin- ja Norfolkinterrierit ry\",\"isPartOf\":{\"@id\":\"https:\/\/www.nnterrierit.fi\/#website\"},\"datePublished\":\"2020-11-29T11:23:56+00:00\",\"dateModified\":\"2026-03-26T19:54:51+00:00\",\"breadcrumb\":{\"@id\":\"https:\/\/www.nnterrierit.fi\/?page_id=70#breadcrumb\"},\"inLanguage\":\"en\",\"potentialAction\":[{\"@type\":\"ReadAction\",\"target\":[\"https:\/\/www.nnterrierit.fi\/?page_id=70\"]}]},{\"@type\":\"BreadcrumbList\",\"@id\":\"https:\/\/www.nnterrierit.fi\/?page_id=70#breadcrumb\",\"itemListElement\":[{\"@type\":\"ListItem\",\"position\":1,\"name\":\"Home\",\"item\":\"https:\/\/www.nnterrierit.fi\/\"},{\"@type\":\"ListItem\",\"position\":2,\"name\":\"Norfolkinterrierikasvattajat\"}]},{\"@type\":\"WebSite\",\"@id\":\"https:\/\/www.nnterrierit.fi\/#website\",\"url\":\"https:\/\/www.nnterrierit.fi\/\",\"name\":\"Suomen Norwichin- ja Norfolkinterrierit ry\",\"description\":\"\",\"potentialAction\":[{\"@type\":\"SearchAction\",\"target\":{\"@type\":\"EntryPoint\",\"urlTemplate\":\"https:\/\/www.nnterrierit.fi\/?s={search_term_string}\"},\"query-input\":{\"@type\":\"PropertyValueSpecification\",\"valueRequired\":true,\"valueName\":\"search_term_string\"}}],\"inLanguage\":\"en\"}]}<\/script>\n<!-- \/ Yoast SEO plugin. -->","yoast_head_json":{"title":"Norfolkinterrierikasvattajat - Suomen Norwichin- ja Norfolkinterrierit ry","robots":{"index":"index","follow":"follow","max-snippet":"max-snippet:-1","max-image-preview":"max-image-preview:large","max-video-preview":"max-video-preview:-1"},"canonical":"https:\/\/www.nnterrierit.fi\/?page_id=70","og_locale":"en_US","og_type":"article","og_title":"Norfolkinterrierikasvattajat - Suomen Norwichin- ja Norfolkinterrierit ry","og_description":"Oheiset kasvattajat ovat rotuyhdistyksen j\u00e4seni\u00e4. Rotuyhdistys ei vastaa kasvattajiensa toiminnasta.Binacan Sari Piril\u00e4 Kankaanp\u00e4\u00e4 040 511 2105 kennelbinacan@gmail.com NettisivutCobbybuddies Ursula Johansson J\u00e4rvenp\u00e4\u00e4 045 2634636 cobbybuddies@gmail.comDonut's Piia Laetsalo-SaarelaKouvola040-5719 338 tmi.trimdo@gmail.com\u00a0Dustcake Sanna Julku Saimaanharju 050 527 7515 sannajulku@hotmail.comFantabulous Kaarina &amp; Paula ValakariHelsinki 09 308 036paula.valakari@kolumbus.fiGlamorly Antti HokkanenPet\u00e4j\u00e4vesi040 5312 491glamorlykennel@outlook.comNettisivutHappylandian Ida HolopainenKotka044 9888 554kennel.happylandian@gmail.comNettisivutHeilurih\u00e4nn\u00e4n Kirsi NieminenSaarentaus 0400 641 866 [&hellip;]","og_url":"https:\/\/www.nnterrierit.fi\/?page_id=70","og_site_name":"Suomen Norwichin- ja Norfolkinterrierit ry","article_modified_time":"2026-03-26T19:54:51+00:00","twitter_card":"summary_large_image","twitter_misc":{"Est. reading time":"6 minutes"},"schema":{"@context":"https:\/\/schema.org","@graph":[{"@type":"WebPage","@id":"https:\/\/www.nnterrierit.fi\/?page_id=70","url":"https:\/\/www.nnterrierit.fi\/?page_id=70","name":"Norfolkinterrierikasvattajat - Suomen Norwichin- ja Norfolkinterrierit ry","isPartOf":{"@id":"https:\/\/www.nnterrierit.fi\/#website"},"datePublished":"2020-11-29T11:23:56+00:00","dateModified":"2026-03-26T19:54:51+00:00","breadcrumb":{"@id":"https:\/\/www.nnterrierit.fi\/?page_id=70#breadcrumb"},"inLanguage":"en","potentialAction":[{"@type":"ReadAction","target":["https:\/\/www.nnterrierit.fi\/?page_id=70"]}]},{"@type":"BreadcrumbList","@id":"https:\/\/www.nnterrierit.fi\/?page_id=70#breadcrumb","itemListElement":[{"@type":"ListItem","position":1,"name":"Home","item":"https:\/\/www.nnterrierit.fi\/"},{"@type":"ListItem","position":2,"name":"Norfolkinterrierikasvattajat"}]},{"@type":"WebSite","@id":"https:\/\/www.nnterrierit.fi\/#website","url":"https:\/\/www.nnterrierit.fi\/","name":"Suomen Norwichin- ja Norfolkinterrierit ry","description":"","potentialAction":[{"@type":"SearchAction","target":{"@type":"EntryPoint","urlTemplate":"https:\/\/www.nnterrierit.fi\/?s={search_term_string}"},"query-input":{"@type":"PropertyValueSpecification","valueRequired":true,"valueName":"search_term_string"}}],"inLanguage":"en"}]}},"_links":{"self":[{"href":"https:\/\/www.nnterrierit.fi\/index.php?rest_route=\/wp\/v2\/pages\/70","targetHints":{"allow":["GET"]}}],"collection":[{"href":"https:\/\/www.nnterrierit.fi\/index.php?rest_route=\/wp\/v2\/pages"}],"about":[{"href":"https:\/\/www.nnterrierit.fi\/index.php?rest_route=\/wp\/v2\/types\/page"}],"author":[{"embeddable":true,"href":"https:\/\/www.nnterrierit.fi\/index.php?rest_route=\/wp\/v2\/users\/1"}],"replies":[{"embeddable":true,"href":"https:\/\/www.nnterrierit.fi\/index.php?rest_route=%2Fwp%2Fv2%2Fcomments&post=70"}],"version-history":[{"count":27,"href":"https:\/\/www.nnterrierit.fi\/index.php?rest_route=\/wp\/v2\/pages\/70\/revisions"}],"predecessor-version":[{"id":2111,"href":"https:\/\/www.nnterrierit.fi\/index.php?rest_route=\/wp\/v2\/pages\/70\/revisions\/2111"}],"wp:attachment":[{"href":"https:\/\/www.nnterrierit.fi\/index.php?rest_route=%2Fwp%2Fv2%2Fmedia&parent=70"}],"curies":[{"name":"wp","href":"https:\/\/api.w.org\/{rel}","templated":true}]}}