{"id":64,"date":"2020-11-29T11:22:51","date_gmt":"2020-11-29T11:22:51","guid":{"rendered":"http:\/\/wp5.louhi.net\/~nnterrie\/?page_id=64"},"modified":"2022-02-06T15:41:09","modified_gmt":"2022-02-06T15:41:09","slug":"jalostustarkastus","status":"publish","type":"page","link":"https:\/\/www.nnterrierit.fi\/?page_id=64","title":{"rendered":"Jalostustarkastus"},"content":{"rendered":"<p>[et_pb_section fb_built=&#8221;1&#8243; fullwidth=&#8221;on&#8221; _builder_version=&#8221;4.7.4&#8243; _module_preset=&#8221;default&#8221;][et_pb_fullwidth_header title=&#8221;Jalostustarkastukset&#8221; _builder_version=&#8221;4.7.4&#8243; _module_preset=&#8221;default&#8221; title_font=&#8221;Staatliches||||||||&#8221; title_font_size=&#8221;35px&#8221; content_font_size=&#8221;29px&#8221; background_image=&#8221;http:\/\/wp5.louhi.net\/~nnterrie\/wp-content\/uploads\/2021\/01\/20200425-BY1A0297-scaled.jpg&#8221; height=&#8221;821px&#8221; custom_margin=&#8221;-150px||||false|false&#8221; custom_margin_tablet=&#8221;&#8221; custom_margin_phone=&#8221;-181px||||false|false&#8221; custom_margin_last_edited=&#8221;on|desktop&#8221; custom_padding=&#8221;350px||||false|false&#8221; hover_enabled=&#8221;0&#8243; title_font_tablet=&#8221;&#8221; title_font_phone=&#8221;&#8221; title_font_last_edited=&#8221;on|phone&#8221; content_font_size_last_edited=&#8221;on|phone&#8221; sticky_enabled=&#8221;0&#8243; content_text_color=&#8221;#ffffff&#8221; content_font_size_phone=&#8221;18px&#8221;]<\/p>\n<p>Yhdistys j\u00e4rjest\u00e4\u00e4 tarvittaessa jalostustarkastuksia. Jalostustarkastuksessa v\u00e4hint\u00e4\u00e4n kaksi rodun ulkomuototuomarioikeudet omaavaa tuomaria k\u00e4y l\u00e4pi koiran kohta kohdalta arvioiden, miten hyvin se vastaa rotum\u00e4\u00e4ritelm\u00e4\u00e4. Hyv\u00e4ksytty jalostustarkastus korvaa jalostuksen tavoiteohjelmassa asetetut jalostukseen k\u00e4ytett\u00e4vien koirien n\u00e4yttelyiden minimitulosvaatimukset.<\/p>\n<p>[\/et_pb_fullwidth_header][\/et_pb_section][et_pb_section fb_built=&#8221;1&#8243; _builder_version=&#8221;4.7.4&#8243; _module_preset=&#8221;default&#8221; custom_margin=&#8221;0px||0px||false|false&#8221; custom_padding=&#8221;0px||0px||false|false&#8221;][et_pb_row _builder_version=&#8221;4.7.4&#8243; _module_preset=&#8221;default&#8221; custom_margin=&#8221;0px||0px||false|false&#8221; custom_padding=&#8221;0px||0px||false|false&#8221;][et_pb_column type=&#8221;4_4&#8243; _builder_version=&#8221;4.7.4&#8243; _module_preset=&#8221;default&#8221;][et_pb_text _builder_version=&#8221;4.7.4&#8243; _module_preset=&#8221;default&#8221; text_font_size=&#8221;9px&#8221; custom_margin=&#8221;0px||0px||false|false&#8221; custom_padding=&#8221;0px||0px||false|false&#8221;]<\/p>\n<p>Kuva: Hanna Heinonen<\/p>\n<p>[\/et_pb_text][\/et_pb_column][\/et_pb_row][\/et_pb_section][et_pb_section fb_built=&#8221;1&#8243; _builder_version=&#8221;4.7.4&#8243; _module_preset=&#8221;default&#8221;][et_pb_row _builder_version=&#8221;4.7.4&#8243; _module_preset=&#8221;default&#8221;][et_pb_column type=&#8221;4_4&#8243; _builder_version=&#8221;4.7.4&#8243; _module_preset=&#8221;default&#8221;][et_pb_text _builder_version=&#8221;4.7.4&#8243; _module_preset=&#8221;default&#8221; text_font_size=&#8221;17px&#8221; header_font=&#8221;Staatliches||||||||&#8221;]<\/p>\n<h1>Jalostustarkastus ulkomuodon osalta 3.10.2020, Hyvink\u00e4\u00e4<\/h1>\n<p>Tarkastavina tuomareina Marja Salminen (Porrigito) ja Kirsi Nieminen (Heilurih\u00e4nn\u00e4n).<\/p>\n<p>[\/et_pb_text][et_pb_button button_url=&#8221;http:\/\/www.kennelrattraps.com\/reviews\/#?breed=0&#038;search=Jalostustarkastus%2C%20Hyvink\u00e4\u00e4%203.10.2020&#8243; button_text=&#8221;Katso tulokset arvostelutietokannassa&#8221; _builder_version=&#8221;4.7.4&#8243; _module_preset=&#8221;default&#8221; custom_button=&#8221;on&#8221; button_text_color=&#8221;#000000&#8243; button_bg_color=&#8221;rgba(0,0,0,0)&#8221; button_font=&#8221;Staatliches||||||||&#8221;][\/et_pb_button][\/et_pb_column][\/et_pb_row][et_pb_row _builder_version=&#8221;4.7.4&#8243; _module_preset=&#8221;default&#8221;][et_pb_column type=&#8221;4_4&#8243; _builder_version=&#8221;4.7.4&#8243; _module_preset=&#8221;default&#8221;][et_pb_text _builder_version=&#8221;4.7.4&#8243; _module_preset=&#8221;default&#8221; text_font_size=&#8221;17px&#8221; header_font=&#8221;Staatliches||||||||&#8221; header_3_font=&#8221;Staatliches||||||||&#8221;]<\/p>\n<h1>Jalostustarkastus ulkomuodon osalta 8.10.2017, Vantaa<\/h1>\n<p>Tarkastavina tuomareina Marja Salminen (Porrigito) ja Johan Juslin (Rivale).<\/p>\n<p>[\/et_pb_text][\/et_pb_column][\/et_pb_row][et_pb_row column_structure=&#8221;1_2,1_2&#8243; _builder_version=&#8221;4.7.4&#8243; _module_preset=&#8221;default&#8221; custom_padding=&#8221;0px||||false|false&#8221;][et_pb_column type=&#8221;1_2&#8243; _builder_version=&#8221;4.7.4&#8243; _module_preset=&#8221;default&#8221;][et_pb_text _builder_version=&#8221;4.7.4&#8243; _module_preset=&#8221;default&#8221; header_2_font=&#8221;Staatliches||||||||&#8221; header_2_text_align=&#8221;center&#8221; header_4_font=&#8221;Staatliches||||||||&#8221;]<\/p>\n<h2>Norfolkit<\/h2>\n<h4>Urokset<\/h4>\n<p><strong><\/strong><a href=\"https:\/\/www.nnterrierit.fi\/files\/nnterrierit.kotisivukone.com\/Jalostustarkastus_2017\/FI_26741_16.pdf\"><\/a><span><a href=\"http:\/\/wp5.louhi.net\/~nnterrie\/wp-content\/uploads\/2021\/02\/Hansolo.pdf\">Hooligan Hansolo<\/a> REK:FI26741\/16 Synt. 26.3.2016<\/span><br \/> <span>(Strathinver Smart Enough x Hooligan Haltia) Kasvattaja: Arja Koskelo<\/span><\/p>\n<p><a href=\"http:\/\/wp5.louhi.net\/~nnterrie\/wp-content\/uploads\/2021\/02\/torfinn.pdf\">Sanderfield Torrfinn<\/a> \u00a0REK10669\/14 Synt. 17.11.2013<br \/> (Adorabel Red King x Sanderfield Cookie)<br \/> Kasvattaja: Theresa Silfver ja Marjut From<\/p>\n<h4>Nartut<\/h4>\n<p><span><a href=\"http:\/\/wp5.louhi.net\/~nnterrie\/wp-content\/uploads\/2021\/02\/marquee.pdf\">Marquee Bonnie Tyler<\/a> REK: FI51558\/12 Synt. 2.8.2012 <\/span><br \/> <span>(Heilurih\u00e4nn\u00e4n Shake Before Use x Mainly VivaVersace) Kasvattaja: Marika Jussila<\/span><\/p>\n<p><strong><\/strong><a href=\"https:\/\/www.nnterrierit.fi\/files\/nnterrierit.kotisivukone.com\/Jalostustarkastus_2017\/FI_53984_15.pdf\"><\/a><span><a href=\"http:\/\/wp5.louhi.net\/~nnterrie\/wp-content\/uploads\/2021\/02\/fidelma.pdf\">Tappuraface&#8217;s Fidelma<\/a> REK: FI53984\/15 Synt. 21.10.2015 <\/span><br \/> <span>(Hooligan H\u00e4my x Tappuraface\u2019s Cara) Kasvattaja: Jaana Harmoinen<\/span><\/p>\n<p><a href=\"http:\/\/wp5.louhi.net\/~nnterrie\/wp-content\/uploads\/2021\/02\/clota.pdf\">Cobbybuddie&#8217;s Clota<\/a> REK:FI25808\/15 Synt. 15.3.2015<br \/> <span>(Adorabel Red King x Hypericum Golden Coins) Kasvattaja: Ursula Johansson<\/span><\/p>\n<p>[\/et_pb_text][\/et_pb_column][et_pb_column type=&#8221;1_2&#8243; _builder_version=&#8221;4.7.4&#8243; _module_preset=&#8221;default&#8221;][et_pb_text _builder_version=&#8221;4.7.4&#8243; _module_preset=&#8221;default&#8221; header_2_font=&#8221;Staatliches||||||||&#8221; header_4_font=&#8221;Staatliches||||||||&#8221;]<\/p>\n<h2 style=\"text-align: center;\">Norwichit<\/h2>\n<h4>Urokset<\/h4>\n<p><span><a href=\"http:\/\/wp5.louhi.net\/~nnterrie\/wp-content\/uploads\/2021\/02\/timon.pdf\">Norwestsko Timon<\/a> REK: FI24712\/15 Synt. 19.3.2015\u00a0<\/span><br \/> <span>(North Witch Wild Devil x Norwestsko Red Liana) Kasvattaja: Marjatta Moisander<\/span><\/p>\n<p><span><a href=\"http:\/\/wp5.louhi.net\/~nnterrie\/wp-content\/uploads\/2021\/02\/prince.pdf\">Terriwichin Prince Charming<\/a> REK: 19453\/16 Synt. 8.2.2016<br \/> North Witch Deep Purple x Teemer\u2019in Titta-Tuulikki) Kasvattaja. Hanna Laurila-Nokelainen<\/span><\/p>\n<p><span><a href=\"http:\/\/wp5.louhi.net\/~nnterrie\/wp-content\/uploads\/2021\/02\/dodumbo.pdf\">Annelin Ipanat Dodumbo<\/a> REK:41504\/14 Synt. 15.6.2014,<br \/> (Zondas Xtra Smart Guy x Annelin Ipanat Bettina) Kasvattaja: Anneli Leskinen, Sein\u00e4joki<\/span><\/p>\n<h4><span>Nartut<\/span><\/h4>\n<p><span><a href=\"http:\/\/wp5.louhi.net\/~nnterrie\/wp-content\/uploads\/2021\/02\/nissmandi.pdf\">Norwestsko Niss Mandi <\/a>REK: FI29755\/12 Synt. 22.3.2012<br \/>(Jaeva Catch Phrase x Norwestsko Miss Marilyn) Kasvattaja: Marjatta Moisander<\/span><\/p>\n<p><span><a href=\"http:\/\/wp5.louhi.net\/~nnterrie\/wp-content\/uploads\/2021\/02\/bonita.pdf\">Norwestsko Bonita<\/a> REK:FI21976\/16 Synt. 29.2.2016\u00a0<br \/>(Brait Nouz Exciting Storm x Norwestsko Miss Mandy) Kasvattaja. Marjatta Moisander<\/span><\/p>\n<p><span><a href=\"http:\/\/wp5.louhi.net\/~nnterrie\/wp-content\/uploads\/2021\/02\/betty.pdf\">Norwestsko Betty<\/a> REK: FI21977\/16 Synt. 29.2.2016<br \/>Brait Nouz Exciting Storm x Norwestsko Miss Mandy) Kasvattaja. Marjatta Moisander<\/span><\/p>\n<p>[\/et_pb_text][\/et_pb_column][\/et_pb_row][\/et_pb_section]<\/p>\n","protected":false},"excerpt":{"rendered":"<p>Yhdistys j\u00e4rjest\u00e4\u00e4 tarvittaessa jalostustarkastuksia. Jalostustarkastuksessa v\u00e4hint\u00e4\u00e4n kaksi rodun ulkomuototuomarioikeudet omaavaa tuomaria k\u00e4y l\u00e4pi koiran kohta kohdalta arvioiden, miten hyvin se vastaa rotum\u00e4\u00e4ritelm\u00e4\u00e4. Hyv\u00e4ksytty jalostustarkastus korvaa jalostuksen tavoiteohjelmassa asetetut jalostukseen k\u00e4ytett\u00e4vien koirien n\u00e4yttelyiden minimitulosvaatimukset.Kuva: Hanna HeinonenJalostustarkastus ulkomuodon osalta 3.10.2020, Hyvink\u00e4\u00e4 Tarkastavina tuomareina Marja Salminen (Porrigito) ja Kirsi Nieminen (Heilurih\u00e4nn\u00e4n).Jalostustarkastus ulkomuodon osalta 8.10.2017, Vantaa Tarkastavina tuomareina Marja [&hellip;]<\/p>\n","protected":false},"author":1,"featured_media":0,"parent":0,"menu_order":0,"comment_status":"closed","ping_status":"closed","template":"","meta":{"_et_pb_use_builder":"on","_et_pb_old_content":"<!-- wp:divi\/placeholder \/-->","_et_gb_content_width":"","footnotes":""},"class_list":["post-64","page","type-page","status-publish","hentry"],"yoast_head":"<!-- This site is optimized with the Yoast SEO plugin v25.5 - https:\/\/yoast.com\/wordpress\/plugins\/seo\/ -->\n<title>Jalostustarkastus - Suomen Norwichin- ja Norfolkinterrierit ry<\/title>\n<meta name=\"robots\" content=\"index, follow, max-snippet:-1, max-image-preview:large, max-video-preview:-1\" \/>\n<link rel=\"canonical\" href=\"https:\/\/www.nnterrierit.fi\/?page_id=64\" \/>\n<meta property=\"og:locale\" content=\"en_US\" \/>\n<meta property=\"og:type\" content=\"article\" \/>\n<meta property=\"og:title\" content=\"Jalostustarkastus - Suomen Norwichin- ja Norfolkinterrierit ry\" \/>\n<meta property=\"og:description\" content=\"Yhdistys j\u00e4rjest\u00e4\u00e4 tarvittaessa jalostustarkastuksia. Jalostustarkastuksessa v\u00e4hint\u00e4\u00e4n kaksi rodun ulkomuototuomarioikeudet omaavaa tuomaria k\u00e4y l\u00e4pi koiran kohta kohdalta arvioiden, miten hyvin se vastaa rotum\u00e4\u00e4ritelm\u00e4\u00e4. Hyv\u00e4ksytty jalostustarkastus korvaa jalostuksen tavoiteohjelmassa asetetut jalostukseen k\u00e4ytett\u00e4vien koirien n\u00e4yttelyiden minimitulosvaatimukset.Kuva: Hanna HeinonenJalostustarkastus ulkomuodon osalta 3.10.2020, Hyvink\u00e4\u00e4 Tarkastavina tuomareina Marja Salminen (Porrigito) ja Kirsi Nieminen (Heilurih\u00e4nn\u00e4n).Jalostustarkastus ulkomuodon osalta 8.10.2017, Vantaa Tarkastavina tuomareina Marja [&hellip;]\" \/>\n<meta property=\"og:url\" content=\"https:\/\/www.nnterrierit.fi\/?page_id=64\" \/>\n<meta property=\"og:site_name\" content=\"Suomen Norwichin- ja Norfolkinterrierit ry\" \/>\n<meta property=\"article:modified_time\" content=\"2022-02-06T15:41:09+00:00\" \/>\n<meta name=\"twitter:card\" content=\"summary_large_image\" \/>\n<meta name=\"twitter:label1\" content=\"Est. reading time\" \/>\n\t<meta name=\"twitter:data1\" content=\"3 minutes\" \/>\n<script type=\"application\/ld+json\" class=\"yoast-schema-graph\">{\"@context\":\"https:\/\/schema.org\",\"@graph\":[{\"@type\":\"WebPage\",\"@id\":\"https:\/\/www.nnterrierit.fi\/?page_id=64\",\"url\":\"https:\/\/www.nnterrierit.fi\/?page_id=64\",\"name\":\"Jalostustarkastus - Suomen Norwichin- ja Norfolkinterrierit ry\",\"isPartOf\":{\"@id\":\"https:\/\/www.nnterrierit.fi\/#website\"},\"datePublished\":\"2020-11-29T11:22:51+00:00\",\"dateModified\":\"2022-02-06T15:41:09+00:00\",\"breadcrumb\":{\"@id\":\"https:\/\/www.nnterrierit.fi\/?page_id=64#breadcrumb\"},\"inLanguage\":\"en\",\"potentialAction\":[{\"@type\":\"ReadAction\",\"target\":[\"https:\/\/www.nnterrierit.fi\/?page_id=64\"]}]},{\"@type\":\"BreadcrumbList\",\"@id\":\"https:\/\/www.nnterrierit.fi\/?page_id=64#breadcrumb\",\"itemListElement\":[{\"@type\":\"ListItem\",\"position\":1,\"name\":\"Home\",\"item\":\"https:\/\/www.nnterrierit.fi\/\"},{\"@type\":\"ListItem\",\"position\":2,\"name\":\"Jalostustarkastus\"}]},{\"@type\":\"WebSite\",\"@id\":\"https:\/\/www.nnterrierit.fi\/#website\",\"url\":\"https:\/\/www.nnterrierit.fi\/\",\"name\":\"Suomen Norwichin- ja Norfolkinterrierit ry\",\"description\":\"\",\"potentialAction\":[{\"@type\":\"SearchAction\",\"target\":{\"@type\":\"EntryPoint\",\"urlTemplate\":\"https:\/\/www.nnterrierit.fi\/?s={search_term_string}\"},\"query-input\":{\"@type\":\"PropertyValueSpecification\",\"valueRequired\":true,\"valueName\":\"search_term_string\"}}],\"inLanguage\":\"en\"}]}<\/script>\n<!-- \/ Yoast SEO plugin. -->","yoast_head_json":{"title":"Jalostustarkastus - Suomen Norwichin- ja Norfolkinterrierit ry","robots":{"index":"index","follow":"follow","max-snippet":"max-snippet:-1","max-image-preview":"max-image-preview:large","max-video-preview":"max-video-preview:-1"},"canonical":"https:\/\/www.nnterrierit.fi\/?page_id=64","og_locale":"en_US","og_type":"article","og_title":"Jalostustarkastus - Suomen Norwichin- ja Norfolkinterrierit ry","og_description":"Yhdistys j\u00e4rjest\u00e4\u00e4 tarvittaessa jalostustarkastuksia. Jalostustarkastuksessa v\u00e4hint\u00e4\u00e4n kaksi rodun ulkomuototuomarioikeudet omaavaa tuomaria k\u00e4y l\u00e4pi koiran kohta kohdalta arvioiden, miten hyvin se vastaa rotum\u00e4\u00e4ritelm\u00e4\u00e4. Hyv\u00e4ksytty jalostustarkastus korvaa jalostuksen tavoiteohjelmassa asetetut jalostukseen k\u00e4ytett\u00e4vien koirien n\u00e4yttelyiden minimitulosvaatimukset.Kuva: Hanna HeinonenJalostustarkastus ulkomuodon osalta 3.10.2020, Hyvink\u00e4\u00e4 Tarkastavina tuomareina Marja Salminen (Porrigito) ja Kirsi Nieminen (Heilurih\u00e4nn\u00e4n).Jalostustarkastus ulkomuodon osalta 8.10.2017, Vantaa Tarkastavina tuomareina Marja [&hellip;]","og_url":"https:\/\/www.nnterrierit.fi\/?page_id=64","og_site_name":"Suomen Norwichin- ja Norfolkinterrierit ry","article_modified_time":"2022-02-06T15:41:09+00:00","twitter_card":"summary_large_image","twitter_misc":{"Est. reading time":"3 minutes"},"schema":{"@context":"https:\/\/schema.org","@graph":[{"@type":"WebPage","@id":"https:\/\/www.nnterrierit.fi\/?page_id=64","url":"https:\/\/www.nnterrierit.fi\/?page_id=64","name":"Jalostustarkastus - Suomen Norwichin- ja Norfolkinterrierit ry","isPartOf":{"@id":"https:\/\/www.nnterrierit.fi\/#website"},"datePublished":"2020-11-29T11:22:51+00:00","dateModified":"2022-02-06T15:41:09+00:00","breadcrumb":{"@id":"https:\/\/www.nnterrierit.fi\/?page_id=64#breadcrumb"},"inLanguage":"en","potentialAction":[{"@type":"ReadAction","target":["https:\/\/www.nnterrierit.fi\/?page_id=64"]}]},{"@type":"BreadcrumbList","@id":"https:\/\/www.nnterrierit.fi\/?page_id=64#breadcrumb","itemListElement":[{"@type":"ListItem","position":1,"name":"Home","item":"https:\/\/www.nnterrierit.fi\/"},{"@type":"ListItem","position":2,"name":"Jalostustarkastus"}]},{"@type":"WebSite","@id":"https:\/\/www.nnterrierit.fi\/#website","url":"https:\/\/www.nnterrierit.fi\/","name":"Suomen Norwichin- ja Norfolkinterrierit ry","description":"","potentialAction":[{"@type":"SearchAction","target":{"@type":"EntryPoint","urlTemplate":"https:\/\/www.nnterrierit.fi\/?s={search_term_string}"},"query-input":{"@type":"PropertyValueSpecification","valueRequired":true,"valueName":"search_term_string"}}],"inLanguage":"en"}]}},"_links":{"self":[{"href":"https:\/\/www.nnterrierit.fi\/index.php?rest_route=\/wp\/v2\/pages\/64","targetHints":{"allow":["GET"]}}],"collection":[{"href":"https:\/\/www.nnterrierit.fi\/index.php?rest_route=\/wp\/v2\/pages"}],"about":[{"href":"https:\/\/www.nnterrierit.fi\/index.php?rest_route=\/wp\/v2\/types\/page"}],"author":[{"embeddable":true,"href":"https:\/\/www.nnterrierit.fi\/index.php?rest_route=\/wp\/v2\/users\/1"}],"replies":[{"embeddable":true,"href":"https:\/\/www.nnterrierit.fi\/index.php?rest_route=%2Fwp%2Fv2%2Fcomments&post=64"}],"version-history":[{"count":9,"href":"https:\/\/www.nnterrierit.fi\/index.php?rest_route=\/wp\/v2\/pages\/64\/revisions"}],"predecessor-version":[{"id":978,"href":"https:\/\/www.nnterrierit.fi\/index.php?rest_route=\/wp\/v2\/pages\/64\/revisions\/978"}],"wp:attachment":[{"href":"https:\/\/www.nnterrierit.fi\/index.php?rest_route=%2Fwp%2Fv2%2Fmedia&parent=64"}],"curies":[{"name":"wp","href":"https:\/\/api.w.org\/{rel}","templated":true}]}}