{"id":605,"date":"2021-02-04T17:42:23","date_gmt":"2021-02-04T17:42:23","guid":{"rendered":"http:\/\/wp5.louhi.net\/~nnterrie\/?page_id=605"},"modified":"2021-02-11T16:49:15","modified_gmt":"2021-02-11T16:49:15","slug":"pentukuolleisuustutkimus","status":"publish","type":"page","link":"https:\/\/www.nnterrierit.fi\/?page_id=605","title":{"rendered":"Pentukuolleisuustutkimus"},"content":{"rendered":"<p>[et_pb_section fb_built=&#8221;1&#8243; fullwidth=&#8221;on&#8221; _builder_version=&#8221;4.7.4&#8243; _module_preset=&#8221;default&#8221;][et_pb_fullwidth_header title=&#8221;Norwichinterriereiden pentukuolleisuustutkimus&#8221; _builder_version=&#8221;4.7.4&#8243; _module_preset=&#8221;default&#8221; title_font=&#8221;Staatliches||||||||&#8221; title_font_size=&#8221;42px&#8221; content_font_size=&#8221;24px&#8221; subhead_font_size=&#8221;20px&#8221; background_image=&#8221;http:\/\/wp5.louhi.net\/~nnterrie\/wp-content\/uploads\/2021\/02\/image00001.jpeg&#8221; height=&#8221;600px&#8221; custom_padding=&#8221;200px||||false|false&#8221; hover_enabled=&#8221;0&#8243; custom_padding_last_edited=&#8221;on|desktop&#8221; sticky_enabled=&#8221;0&#8243; title_text=&#8221;image00001&#8243;]<\/p>\n<p>Norwichinterriereiden pentukuolleisuutta on tutkittu vuodesta 2017 l\u00e4htien.<\/p>\n<p>[\/et_pb_fullwidth_header][\/et_pb_section][et_pb_section fb_built=&#8221;1&#8243; _builder_version=&#8221;4.7.4&#8243; _module_preset=&#8221;default&#8221;][et_pb_row _builder_version=&#8221;4.7.4&#8243; _module_preset=&#8221;default&#8221; custom_margin=&#8221;0px||||false|false&#8221; custom_padding=&#8221;0px||||false|false&#8221;][et_pb_column type=&#8221;4_4&#8243; _builder_version=&#8221;4.7.4&#8243; _module_preset=&#8221;default&#8221;][et_pb_text _builder_version=&#8221;4.7.4&#8243; _module_preset=&#8221;default&#8221; header_2_font=&#8221;Staatliches||||||||&#8221; custom_margin=&#8221;0px||||false|false&#8221; custom_padding=&#8221;0px||||false|false&#8221;]<\/p>\n<p>Norwichinterriereiden pentukuolleisuus tutkimus jatkuu\u00a0edelleen Eviran Seurael\u00e4inpatologian laboratoriossa ja yhteisty\u00f6ss\u00e4 Helsingin Yliopiston ja Folkh\u00e4lsanin Koirien geenitutkimusryhm\u00e4n kanssa. Norwichien pentukuolleisuuden selvitt\u00e4misess\u00e4 olemme p\u00e4\u00e4sseet isoja harppauksia eteenp\u00e4in ja yhteisty\u00f6n tarkoituksena on l\u00f6yt\u00e4\u00e4 taustalla olevat geenivirheet.<\/p>\n<p>Osa ruumiinavauksissa todetuista pennun menehtymisen aiheuttaneista muutoksista vaikuttavat olevan perinn\u00f6llisi\u00e4. Geneettiset tutkimukset ovat meneill\u00e4\u00e4n ja tuloksista tullaan informoimaan tutkimuksen edetess\u00e4. L\u00f6ydettyjen geenivirheiden avulla pystyt\u00e4\u00e4n selvitt\u00e4m\u00e4\u00e4n menehtymisen aiheuttavia solutason mekanismeja.<\/p>\n<p>Geenivirheiden l\u00f6yt\u00e4minen my\u00f6s mahdollistaa geenitestin kehitt\u00e4misen\u00a0jalostuksen avuksi, jolloin sairaiden pentujen syntyminen voidaan est\u00e4\u00e4.\u00a0Geenitutkimuksissa hy\u00f6dynnet\u00e4\u00e4n sek\u00e4 Eviraan ett\u00e4 Koirien geenitutkimusryhm\u00e4lle l\u00e4hetettyj\u00e4 n\u00e4ytteit\u00e4.<\/p>\n<p><span>Mik\u00e4li pentu menehtyy voi kasvattaja edelleen halutessaan l\u00e4hett\u00e4\u00e4 sen Eviran Seurael\u00e4inpatologian laboratorioon tutkittavaksi. <\/span><\/p>\n<p><span>Ruumiinavauksellavoidaan my\u00f6s selvitt\u00e4\u00e4 kaiken ik\u00e4isten Norwichin \u2013 tai Norfolkinterrierin sairauden \/ kuolinsyyt\u00e4 omistajan niin halutessa. Patologisanatomiset tutkimukset ovat maksullisia.<\/span><\/p>\n<p><span>N\u00e4ytteist\u00e4 teht\u00e4v\u00e4t jatkotutkimukset ovat kasvattajalle \/ omistajalle maksuttomia.<br \/> <\/span><\/p>\n<p><span>Tutkimuksessa el\u00e4imelle tehd\u00e4\u00e4n t\u00e4ydellinen ruumiinavaus ja sen yhteydess\u00e4 otetaan talteen DNA-n\u00e4yte geneettisi\u00e4 tutkimuksia varten. Patologisanatomisen tutkimuksen j\u00e4lkeen omistajalla on halutessaan mahdollisuus saada el\u00e4imelle maksullinen yksil\u00f6tuhkaus ja omistaja saa kirjallisen tutkimusselostuksen. Kaikki aineisto ja yhteydenotottutkimuksen tekij\u00f6ihin ovat luottamuksellisia.<\/span><\/p>\n<p>Oheisista linkeist\u00e4 l\u00f6ytyy lis\u00e4\u00e4 tietoa Evirassa teht\u00e4vist\u00e4 tutkimuksista ja hinnasto.<\/p>\n<p><a href=\"https:\/\/www.evira.fi\/elaimet\/elainten-terveys-ja-elaintaudit\/harrastuselainten-hyvinvointi-ja-terveys\/\">https:\/\/www.evira.fi\/elaimet\/elainten-terveys-ja-elaintaudit\/harrastuselainten-hyvinvointi-ja-terveys\/<\/a><\/p>\n<p><a href=\"https:\/\/palvelut2.evira.fi\/hinnasto\/lista.php?source=1&amp;order=a\">https:\/\/palvelut2.evira.fi\/hinnasto\/lista.php?source=1&amp;order=a<\/a><\/p>\n<p>&nbsp;<\/p>\n<h2><strong>Miten toimia, kun<\/strong><strong> pentu kuolee tai syntyy kuolleena ja haluatte l\u00e4hett\u00e4\u00e4 sen tutkittavaksi?<\/strong><\/h2>\n<p><strong><span>Tutkittavaksi l\u00e4hetett\u00e4v\u00e4 pentu tulisi toimittaa mahdollisimman nopeasti, j\u00e4\u00e4hdytettyin\u00e4, sanomalehteen k\u00e4\u00e4rittyn\u00e4 <\/span>kylm\u00e4varaajalla varustetussa kylm\u00e4laukussa tai laatikossa, <span>joko<\/span> Matkahuollon <span>kautta osoitteella, <\/span>Evira, Seurael\u00e4inpatologia, Matkahuolto, Helsinki<br \/> <span>tai pennun voi my\u00f6s itse tuoda tutkittavaksi, <\/span><br \/> Evira, Mustialankatu 3, 00790 Helsinki.<\/strong><\/p>\n<p><span>Pennun mukana tulee olla t\u00e4ytettyn\u00e4 Evira.fi sivuilta saatava seurael\u00e4inten ruumiinavausl\u00e4hete <\/span><br \/> <a href=\"https:\/\/www.evira.fi\/tietoa-evirasta\/lomakkeet-ja-ohjeet\/elaimet\/elaintautitutkimus\/\">https:\/\/www.evira.fi\/tietoa-evirasta\/lomakkeet-ja-ohjeet\/elaimet\/elaintautitutkimus\/<\/a><\/p>\n<p>Mik\u00e4li l\u00e4hetteen k\u00e4yt\u00f6ss\u00e4 on ongelmia, voitte liitt\u00e4\u00e4 mukaan vapaamuotoisen kirjeen, jossa kerrotte mahdollisimman yksityiskohtaisesti nartun synnytyksest\u00e4, pennun oireista, mahdollisesta lis\u00e4ruokinnasta ja l\u00e4\u00e4kityksist\u00e4.<\/p>\n<p><strong><span>Mik\u00e4li pentu tai pennut kuolevat viikonlopun aikana, tulisi ne s\u00e4ilytt\u00e4\u00e4 j\u00e4\u00e4kaappil\u00e4mp\u00f6tilassa ja l\u00e4hett\u00e4\u00e4 \/ toimittaa Eviraan seuraavana arkip\u00e4iv\u00e4n\u00e4.<\/span><\/strong><\/p>\n<p>[\/et_pb_text][\/et_pb_column][\/et_pb_row][\/et_pb_section]<\/p>\n","protected":false},"excerpt":{"rendered":"<p>Norwichinterriereiden pentukuolleisuutta on tutkittu vuodesta 2017 l\u00e4htien.Norwichinterriereiden pentukuolleisuus tutkimus jatkuu\u00a0edelleen Eviran Seurael\u00e4inpatologian laboratoriossa ja yhteisty\u00f6ss\u00e4 Helsingin Yliopiston ja Folkh\u00e4lsanin Koirien geenitutkimusryhm\u00e4n kanssa. Norwichien pentukuolleisuuden selvitt\u00e4misess\u00e4 olemme p\u00e4\u00e4sseet isoja harppauksia eteenp\u00e4in ja yhteisty\u00f6n tarkoituksena on l\u00f6yt\u00e4\u00e4 taustalla olevat geenivirheet. Osa ruumiinavauksissa todetuista pennun menehtymisen aiheuttaneista muutoksista vaikuttavat olevan perinn\u00f6llisi\u00e4. Geneettiset tutkimukset ovat meneill\u00e4\u00e4n ja tuloksista tullaan [&hellip;]<\/p>\n","protected":false},"author":1,"featured_media":0,"parent":0,"menu_order":0,"comment_status":"closed","ping_status":"closed","template":"","meta":{"_et_pb_use_builder":"on","_et_pb_old_content":"<!-- wp:divi\/placeholder \/-->","_et_gb_content_width":"","footnotes":""},"class_list":["post-605","page","type-page","status-publish","hentry"],"yoast_head":"<!-- This site is optimized with the Yoast SEO plugin v25.5 - https:\/\/yoast.com\/wordpress\/plugins\/seo\/ -->\n<title>Pentukuolleisuustutkimus - Suomen Norwichin- ja Norfolkinterrierit ry<\/title>\n<meta name=\"robots\" content=\"index, follow, max-snippet:-1, max-image-preview:large, max-video-preview:-1\" \/>\n<link rel=\"canonical\" href=\"https:\/\/www.nnterrierit.fi\/?page_id=605\" \/>\n<meta property=\"og:locale\" content=\"en_US\" \/>\n<meta property=\"og:type\" content=\"article\" \/>\n<meta property=\"og:title\" content=\"Pentukuolleisuustutkimus - Suomen Norwichin- ja Norfolkinterrierit ry\" \/>\n<meta property=\"og:description\" content=\"Norwichinterriereiden pentukuolleisuutta on tutkittu vuodesta 2017 l\u00e4htien.Norwichinterriereiden pentukuolleisuus tutkimus jatkuu\u00a0edelleen Eviran Seurael\u00e4inpatologian laboratoriossa ja yhteisty\u00f6ss\u00e4 Helsingin Yliopiston ja Folkh\u00e4lsanin Koirien geenitutkimusryhm\u00e4n kanssa. Norwichien pentukuolleisuuden selvitt\u00e4misess\u00e4 olemme p\u00e4\u00e4sseet isoja harppauksia eteenp\u00e4in ja yhteisty\u00f6n tarkoituksena on l\u00f6yt\u00e4\u00e4 taustalla olevat geenivirheet. Osa ruumiinavauksissa todetuista pennun menehtymisen aiheuttaneista muutoksista vaikuttavat olevan perinn\u00f6llisi\u00e4. Geneettiset tutkimukset ovat meneill\u00e4\u00e4n ja tuloksista tullaan [&hellip;]\" \/>\n<meta property=\"og:url\" content=\"https:\/\/www.nnterrierit.fi\/?page_id=605\" \/>\n<meta property=\"og:site_name\" content=\"Suomen Norwichin- ja Norfolkinterrierit ry\" \/>\n<meta property=\"article:modified_time\" content=\"2021-02-11T16:49:15+00:00\" \/>\n<meta name=\"twitter:card\" content=\"summary_large_image\" \/>\n<meta name=\"twitter:label1\" content=\"Est. reading time\" \/>\n\t<meta name=\"twitter:data1\" content=\"3 minutes\" \/>\n<script type=\"application\/ld+json\" class=\"yoast-schema-graph\">{\"@context\":\"https:\/\/schema.org\",\"@graph\":[{\"@type\":\"WebPage\",\"@id\":\"https:\/\/www.nnterrierit.fi\/?page_id=605\",\"url\":\"https:\/\/www.nnterrierit.fi\/?page_id=605\",\"name\":\"Pentukuolleisuustutkimus - Suomen Norwichin- ja Norfolkinterrierit ry\",\"isPartOf\":{\"@id\":\"https:\/\/www.nnterrierit.fi\/#website\"},\"datePublished\":\"2021-02-04T17:42:23+00:00\",\"dateModified\":\"2021-02-11T16:49:15+00:00\",\"breadcrumb\":{\"@id\":\"https:\/\/www.nnterrierit.fi\/?page_id=605#breadcrumb\"},\"inLanguage\":\"en\",\"potentialAction\":[{\"@type\":\"ReadAction\",\"target\":[\"https:\/\/www.nnterrierit.fi\/?page_id=605\"]}]},{\"@type\":\"BreadcrumbList\",\"@id\":\"https:\/\/www.nnterrierit.fi\/?page_id=605#breadcrumb\",\"itemListElement\":[{\"@type\":\"ListItem\",\"position\":1,\"name\":\"Home\",\"item\":\"https:\/\/www.nnterrierit.fi\/\"},{\"@type\":\"ListItem\",\"position\":2,\"name\":\"Pentukuolleisuustutkimus\"}]},{\"@type\":\"WebSite\",\"@id\":\"https:\/\/www.nnterrierit.fi\/#website\",\"url\":\"https:\/\/www.nnterrierit.fi\/\",\"name\":\"Suomen Norwichin- ja Norfolkinterrierit ry\",\"description\":\"\",\"potentialAction\":[{\"@type\":\"SearchAction\",\"target\":{\"@type\":\"EntryPoint\",\"urlTemplate\":\"https:\/\/www.nnterrierit.fi\/?s={search_term_string}\"},\"query-input\":{\"@type\":\"PropertyValueSpecification\",\"valueRequired\":true,\"valueName\":\"search_term_string\"}}],\"inLanguage\":\"en\"}]}<\/script>\n<!-- \/ Yoast SEO plugin. -->","yoast_head_json":{"title":"Pentukuolleisuustutkimus - Suomen Norwichin- ja Norfolkinterrierit ry","robots":{"index":"index","follow":"follow","max-snippet":"max-snippet:-1","max-image-preview":"max-image-preview:large","max-video-preview":"max-video-preview:-1"},"canonical":"https:\/\/www.nnterrierit.fi\/?page_id=605","og_locale":"en_US","og_type":"article","og_title":"Pentukuolleisuustutkimus - Suomen Norwichin- ja Norfolkinterrierit ry","og_description":"Norwichinterriereiden pentukuolleisuutta on tutkittu vuodesta 2017 l\u00e4htien.Norwichinterriereiden pentukuolleisuus tutkimus jatkuu\u00a0edelleen Eviran Seurael\u00e4inpatologian laboratoriossa ja yhteisty\u00f6ss\u00e4 Helsingin Yliopiston ja Folkh\u00e4lsanin Koirien geenitutkimusryhm\u00e4n kanssa. Norwichien pentukuolleisuuden selvitt\u00e4misess\u00e4 olemme p\u00e4\u00e4sseet isoja harppauksia eteenp\u00e4in ja yhteisty\u00f6n tarkoituksena on l\u00f6yt\u00e4\u00e4 taustalla olevat geenivirheet. Osa ruumiinavauksissa todetuista pennun menehtymisen aiheuttaneista muutoksista vaikuttavat olevan perinn\u00f6llisi\u00e4. Geneettiset tutkimukset ovat meneill\u00e4\u00e4n ja tuloksista tullaan [&hellip;]","og_url":"https:\/\/www.nnterrierit.fi\/?page_id=605","og_site_name":"Suomen Norwichin- ja Norfolkinterrierit ry","article_modified_time":"2021-02-11T16:49:15+00:00","twitter_card":"summary_large_image","twitter_misc":{"Est. reading time":"3 minutes"},"schema":{"@context":"https:\/\/schema.org","@graph":[{"@type":"WebPage","@id":"https:\/\/www.nnterrierit.fi\/?page_id=605","url":"https:\/\/www.nnterrierit.fi\/?page_id=605","name":"Pentukuolleisuustutkimus - Suomen Norwichin- ja Norfolkinterrierit ry","isPartOf":{"@id":"https:\/\/www.nnterrierit.fi\/#website"},"datePublished":"2021-02-04T17:42:23+00:00","dateModified":"2021-02-11T16:49:15+00:00","breadcrumb":{"@id":"https:\/\/www.nnterrierit.fi\/?page_id=605#breadcrumb"},"inLanguage":"en","potentialAction":[{"@type":"ReadAction","target":["https:\/\/www.nnterrierit.fi\/?page_id=605"]}]},{"@type":"BreadcrumbList","@id":"https:\/\/www.nnterrierit.fi\/?page_id=605#breadcrumb","itemListElement":[{"@type":"ListItem","position":1,"name":"Home","item":"https:\/\/www.nnterrierit.fi\/"},{"@type":"ListItem","position":2,"name":"Pentukuolleisuustutkimus"}]},{"@type":"WebSite","@id":"https:\/\/www.nnterrierit.fi\/#website","url":"https:\/\/www.nnterrierit.fi\/","name":"Suomen Norwichin- ja Norfolkinterrierit ry","description":"","potentialAction":[{"@type":"SearchAction","target":{"@type":"EntryPoint","urlTemplate":"https:\/\/www.nnterrierit.fi\/?s={search_term_string}"},"query-input":{"@type":"PropertyValueSpecification","valueRequired":true,"valueName":"search_term_string"}}],"inLanguage":"en"}]}},"_links":{"self":[{"href":"https:\/\/www.nnterrierit.fi\/index.php?rest_route=\/wp\/v2\/pages\/605","targetHints":{"allow":["GET"]}}],"collection":[{"href":"https:\/\/www.nnterrierit.fi\/index.php?rest_route=\/wp\/v2\/pages"}],"about":[{"href":"https:\/\/www.nnterrierit.fi\/index.php?rest_route=\/wp\/v2\/types\/page"}],"author":[{"embeddable":true,"href":"https:\/\/www.nnterrierit.fi\/index.php?rest_route=\/wp\/v2\/users\/1"}],"replies":[{"embeddable":true,"href":"https:\/\/www.nnterrierit.fi\/index.php?rest_route=%2Fwp%2Fv2%2Fcomments&post=605"}],"version-history":[{"count":7,"href":"https:\/\/www.nnterrierit.fi\/index.php?rest_route=\/wp\/v2\/pages\/605\/revisions"}],"predecessor-version":[{"id":788,"href":"https:\/\/www.nnterrierit.fi\/index.php?rest_route=\/wp\/v2\/pages\/605\/revisions\/788"}],"wp:attachment":[{"href":"https:\/\/www.nnterrierit.fi\/index.php?rest_route=%2Fwp%2Fv2%2Fmedia&parent=605"}],"curies":[{"name":"wp","href":"https:\/\/api.w.org\/{rel}","templated":true}]}}