{"id":603,"date":"2021-02-04T17:42:07","date_gmt":"2021-02-04T17:42:07","guid":{"rendered":"http:\/\/wp5.louhi.net\/~nnterrie\/?page_id=603"},"modified":"2021-02-11T16:46:15","modified_gmt":"2021-02-11T16:46:15","slug":"norfolkien-silmapeilaus","status":"publish","type":"page","link":"https:\/\/www.nnterrierit.fi\/?page_id=603","title":{"rendered":"Norfolkien silm\u00e4peilaus"},"content":{"rendered":"<p>[et_pb_section fb_built=&#8221;1&#8243; fullwidth=&#8221;on&#8221; _builder_version=&#8221;4.7.4&#8243; _module_preset=&#8221;default&#8221;][et_pb_fullwidth_header title=&#8221;Silm\u00e4sairaustutkimus&#8221; _builder_version=&#8221;4.7.4&#8243; _module_preset=&#8221;default&#8221; title_font=&#8221;Staatliches||||||||&#8221; title_font_size=&#8221;42px&#8221; content_font_size=&#8221;24px&#8221; background_image=&#8221;http:\/\/wp5.louhi.net\/~nnterrie\/wp-content\/uploads\/2021\/02\/image00042.jpeg&#8221; height=&#8221;600px&#8221; custom_padding=&#8221;200px||||false|false&#8221; hover_enabled=&#8221;0&#8243; sticky_enabled=&#8221;0&#8243; custom_padding_last_edited=&#8221;on|desktop&#8221; custom_padding_tablet=&#8221;200px||||false|false&#8221;]<\/p>\n<p>Tutkimusprojekti norfolkinterriereiden silm\u00e4sairauksista\u00a027.04.2016 alkaen<\/p>\n<p>[\/et_pb_fullwidth_header][\/et_pb_section][et_pb_section fb_built=&#8221;1&#8243; _builder_version=&#8221;4.7.4&#8243; _module_preset=&#8221;default&#8221;][et_pb_row _builder_version=&#8221;4.7.4&#8243; _module_preset=&#8221;default&#8221; custom_padding=&#8221;0px||||false|false&#8221;][et_pb_column type=&#8221;4_4&#8243; _builder_version=&#8221;4.7.4&#8243; _module_preset=&#8221;default&#8221;][et_pb_text _builder_version=&#8221;4.7.4&#8243; _module_preset=&#8221;default&#8221; text_font_size=&#8221;16px&#8221;]<\/p>\n<p><span>Norfolkinterriereill\u00e4 on ajoittain syntynyt yksitt\u00e4isi\u00e4 pentueita joissa osalla pennuista on todettu eriasteisia synnynn\u00e4isi\u00e4 silm\u00e4n n\u00e4k\u00f6hermon tai n\u00e4k\u00f6hermonp\u00e4\u00e4n kehitysh\u00e4iri\u00f6it\u00e4 (virallisilta nimilt\u00e4\u00e4n coloboma, mikropapilla ja n\u00e4k\u00f6hermon hypoplasia).<\/span><\/p>\n<p>Sairaus voi ilmet\u00e4 molemmissa tai vain toisessa silm\u00e4ss\u00e4 ja k\u00e4yt\u00e4nn\u00f6ss\u00e4 pentu voi olla t\u00e4ysin tai osittain sokea. Vakavimmissa tapauksissa pentu on syntym\u00e4st\u00e4\u00e4n sokea. Kyseisi\u00e4 silm\u00e4sairauksia on todettu rodussa Suomen lis\u00e4ksi useassa eri maassa.<\/p>\n<p>Koiragenetiikan tutkimusryhm\u00e4 Helsingin Yliopistossa ja Folkh\u00e4lsanin tutkimuskeskuksessa on aloittamassa projektia, jonka tavoitteena on selvitt\u00e4\u00e4 n\u00e4iden silm\u00e4sairauksien geneettist\u00e4 taustaa norfolkinterriereill\u00e4. Tavoitteena on paikantaa sairautta aiheuttava geenivirhe, mik\u00e4 mahdollistaisi geenitestin kehitt\u00e4misen jalostuksen ja diagnostiikan avuksi.<\/p>\n<p>Tutkimusta varten Koiragenetiikan tutkimusryhm\u00e4 tarvitsee verin\u00e4ytteit\u00e4 sairaista koirista sek\u00e4 koirista, joiden l\u00e4hisuvussa edell\u00e4 mainittuja silm\u00e4sairauksia on todettu. Verin\u00e4ytteit\u00e4 tarvitaan my\u00f6s terveist\u00e4 kontrollikoirista, eli norfolkeista, jotka on todettu terveiksi silm\u00e4tutkimuksessa. Tutkimusryhm\u00e4n kotisivuilta <a href=\"http:\/\/www.koirangeenit.fi\/osallistuminen\">http:\/\/www.koirangeenit.fi\/osallistuminen<\/a> l\u00f6ytyv\u00e4t osallistumisohjeet ja verin\u00e4ytteen mukana l\u00e4hetett\u00e4v\u00e4 lomake.<\/p>\n<p>Mik\u00e4li koiralle on tehty silm\u00e4tarkastus (virallinen tai ep\u00e4virallinen), tulisi kopio lausunnosta liitt\u00e4\u00e4 verin\u00e4ytteen mukaan.<\/p>\n<p><span>Nyt on norfolkinterrierien kasvattajilla ja omistajilla ainutlaatuinen tilaisuus vaikuttaa siihen, ett\u00e4 t\u00e4m\u00e4n vakavan sairauden aiheuttava geenivirhe l\u00f6ydett\u00e4isiin!<\/span><\/p>\n<p>[\/et_pb_text][et_pb_text _builder_version=&#8221;4.7.4&#8243; _module_preset=&#8221;default&#8221; text_font_size=&#8221;16px&#8221; header_font=&#8221;Staatliches||||||||&#8221; header_2_font=&#8221;Staatliches||||||||&#8221;]<\/p>\n<h2>Yhteystiedot<\/h2>\n<p><span>Vastaava tutkija: Maria Kaukonen, <\/span><a href=\"mailto:maria.kaukonen@helsinki.fi\">maria.kaukonen@helsinki.fi<\/a><br \/><span>Laboratorio: <\/span><a href=\"mailto:lgl-kyselyt@helsinki.fi\">lgl-kyselyt@helsinki.fi<\/a><span>, puh. 02941 25680<\/span><br \/><span>Tutkimusryhm\u00e4n kotisivut: <\/span><a href=\"http:\/\/www.koirageenit.fi\/\">www.koirageenit.fi<\/a><br \/><span>Tutkimusryhm\u00e4n johtaja: Prof. Hannes Lohi<\/span>\u00a0<\/p>\n<p>[\/et_pb_text][\/et_pb_column][\/et_pb_row][\/et_pb_section]<\/p>\n","protected":false},"excerpt":{"rendered":"<p>Tutkimusprojekti norfolkinterriereiden silm\u00e4sairauksista\u00a027.04.2016 alkaenNorfolkinterriereill\u00e4 on ajoittain syntynyt yksitt\u00e4isi\u00e4 pentueita joissa osalla pennuista on todettu eriasteisia synnynn\u00e4isi\u00e4 silm\u00e4n n\u00e4k\u00f6hermon tai n\u00e4k\u00f6hermonp\u00e4\u00e4n kehitysh\u00e4iri\u00f6it\u00e4 (virallisilta nimilt\u00e4\u00e4n coloboma, mikropapilla ja n\u00e4k\u00f6hermon hypoplasia). Sairaus voi ilmet\u00e4 molemmissa tai vain toisessa silm\u00e4ss\u00e4 ja k\u00e4yt\u00e4nn\u00f6ss\u00e4 pentu voi olla t\u00e4ysin tai osittain sokea. Vakavimmissa tapauksissa pentu on syntym\u00e4st\u00e4\u00e4n sokea. Kyseisi\u00e4 silm\u00e4sairauksia on todettu [&hellip;]<\/p>\n","protected":false},"author":1,"featured_media":0,"parent":0,"menu_order":0,"comment_status":"closed","ping_status":"closed","template":"","meta":{"_et_pb_use_builder":"on","_et_pb_old_content":"<!-- wp:divi\/placeholder \/-->","_et_gb_content_width":"","footnotes":""},"class_list":["post-603","page","type-page","status-publish","hentry"],"yoast_head":"<!-- This site is optimized with the Yoast SEO plugin v25.5 - https:\/\/yoast.com\/wordpress\/plugins\/seo\/ -->\n<title>Norfolkien silm\u00e4peilaus - Suomen Norwichin- ja Norfolkinterrierit ry<\/title>\n<meta name=\"robots\" content=\"index, follow, max-snippet:-1, max-image-preview:large, max-video-preview:-1\" \/>\n<link rel=\"canonical\" href=\"https:\/\/www.nnterrierit.fi\/?page_id=603\" \/>\n<meta property=\"og:locale\" content=\"en_US\" \/>\n<meta property=\"og:type\" content=\"article\" \/>\n<meta property=\"og:title\" content=\"Norfolkien silm\u00e4peilaus - Suomen Norwichin- ja Norfolkinterrierit ry\" \/>\n<meta property=\"og:description\" content=\"Tutkimusprojekti norfolkinterriereiden silm\u00e4sairauksista\u00a027.04.2016 alkaenNorfolkinterriereill\u00e4 on ajoittain syntynyt yksitt\u00e4isi\u00e4 pentueita joissa osalla pennuista on todettu eriasteisia synnynn\u00e4isi\u00e4 silm\u00e4n n\u00e4k\u00f6hermon tai n\u00e4k\u00f6hermonp\u00e4\u00e4n kehitysh\u00e4iri\u00f6it\u00e4 (virallisilta nimilt\u00e4\u00e4n coloboma, mikropapilla ja n\u00e4k\u00f6hermon hypoplasia). Sairaus voi ilmet\u00e4 molemmissa tai vain toisessa silm\u00e4ss\u00e4 ja k\u00e4yt\u00e4nn\u00f6ss\u00e4 pentu voi olla t\u00e4ysin tai osittain sokea. Vakavimmissa tapauksissa pentu on syntym\u00e4st\u00e4\u00e4n sokea. Kyseisi\u00e4 silm\u00e4sairauksia on todettu [&hellip;]\" \/>\n<meta property=\"og:url\" content=\"https:\/\/www.nnterrierit.fi\/?page_id=603\" \/>\n<meta property=\"og:site_name\" content=\"Suomen Norwichin- ja Norfolkinterrierit ry\" \/>\n<meta property=\"article:modified_time\" content=\"2021-02-11T16:46:15+00:00\" \/>\n<meta name=\"twitter:card\" content=\"summary_large_image\" \/>\n<meta name=\"twitter:label1\" content=\"Est. reading time\" \/>\n\t<meta name=\"twitter:data1\" content=\"2 minutes\" \/>\n<script type=\"application\/ld+json\" class=\"yoast-schema-graph\">{\"@context\":\"https:\/\/schema.org\",\"@graph\":[{\"@type\":\"WebPage\",\"@id\":\"https:\/\/www.nnterrierit.fi\/?page_id=603\",\"url\":\"https:\/\/www.nnterrierit.fi\/?page_id=603\",\"name\":\"Norfolkien silm\u00e4peilaus - Suomen Norwichin- ja Norfolkinterrierit ry\",\"isPartOf\":{\"@id\":\"https:\/\/www.nnterrierit.fi\/#website\"},\"datePublished\":\"2021-02-04T17:42:07+00:00\",\"dateModified\":\"2021-02-11T16:46:15+00:00\",\"breadcrumb\":{\"@id\":\"https:\/\/www.nnterrierit.fi\/?page_id=603#breadcrumb\"},\"inLanguage\":\"en\",\"potentialAction\":[{\"@type\":\"ReadAction\",\"target\":[\"https:\/\/www.nnterrierit.fi\/?page_id=603\"]}]},{\"@type\":\"BreadcrumbList\",\"@id\":\"https:\/\/www.nnterrierit.fi\/?page_id=603#breadcrumb\",\"itemListElement\":[{\"@type\":\"ListItem\",\"position\":1,\"name\":\"Home\",\"item\":\"https:\/\/www.nnterrierit.fi\/\"},{\"@type\":\"ListItem\",\"position\":2,\"name\":\"Norfolkien silm\u00e4peilaus\"}]},{\"@type\":\"WebSite\",\"@id\":\"https:\/\/www.nnterrierit.fi\/#website\",\"url\":\"https:\/\/www.nnterrierit.fi\/\",\"name\":\"Suomen Norwichin- ja Norfolkinterrierit ry\",\"description\":\"\",\"potentialAction\":[{\"@type\":\"SearchAction\",\"target\":{\"@type\":\"EntryPoint\",\"urlTemplate\":\"https:\/\/www.nnterrierit.fi\/?s={search_term_string}\"},\"query-input\":{\"@type\":\"PropertyValueSpecification\",\"valueRequired\":true,\"valueName\":\"search_term_string\"}}],\"inLanguage\":\"en\"}]}<\/script>\n<!-- \/ Yoast SEO plugin. -->","yoast_head_json":{"title":"Norfolkien silm\u00e4peilaus - Suomen Norwichin- ja Norfolkinterrierit ry","robots":{"index":"index","follow":"follow","max-snippet":"max-snippet:-1","max-image-preview":"max-image-preview:large","max-video-preview":"max-video-preview:-1"},"canonical":"https:\/\/www.nnterrierit.fi\/?page_id=603","og_locale":"en_US","og_type":"article","og_title":"Norfolkien silm\u00e4peilaus - Suomen Norwichin- ja Norfolkinterrierit ry","og_description":"Tutkimusprojekti norfolkinterriereiden silm\u00e4sairauksista\u00a027.04.2016 alkaenNorfolkinterriereill\u00e4 on ajoittain syntynyt yksitt\u00e4isi\u00e4 pentueita joissa osalla pennuista on todettu eriasteisia synnynn\u00e4isi\u00e4 silm\u00e4n n\u00e4k\u00f6hermon tai n\u00e4k\u00f6hermonp\u00e4\u00e4n kehitysh\u00e4iri\u00f6it\u00e4 (virallisilta nimilt\u00e4\u00e4n coloboma, mikropapilla ja n\u00e4k\u00f6hermon hypoplasia). Sairaus voi ilmet\u00e4 molemmissa tai vain toisessa silm\u00e4ss\u00e4 ja k\u00e4yt\u00e4nn\u00f6ss\u00e4 pentu voi olla t\u00e4ysin tai osittain sokea. Vakavimmissa tapauksissa pentu on syntym\u00e4st\u00e4\u00e4n sokea. Kyseisi\u00e4 silm\u00e4sairauksia on todettu [&hellip;]","og_url":"https:\/\/www.nnterrierit.fi\/?page_id=603","og_site_name":"Suomen Norwichin- ja Norfolkinterrierit ry","article_modified_time":"2021-02-11T16:46:15+00:00","twitter_card":"summary_large_image","twitter_misc":{"Est. reading time":"2 minutes"},"schema":{"@context":"https:\/\/schema.org","@graph":[{"@type":"WebPage","@id":"https:\/\/www.nnterrierit.fi\/?page_id=603","url":"https:\/\/www.nnterrierit.fi\/?page_id=603","name":"Norfolkien silm\u00e4peilaus - Suomen Norwichin- ja Norfolkinterrierit ry","isPartOf":{"@id":"https:\/\/www.nnterrierit.fi\/#website"},"datePublished":"2021-02-04T17:42:07+00:00","dateModified":"2021-02-11T16:46:15+00:00","breadcrumb":{"@id":"https:\/\/www.nnterrierit.fi\/?page_id=603#breadcrumb"},"inLanguage":"en","potentialAction":[{"@type":"ReadAction","target":["https:\/\/www.nnterrierit.fi\/?page_id=603"]}]},{"@type":"BreadcrumbList","@id":"https:\/\/www.nnterrierit.fi\/?page_id=603#breadcrumb","itemListElement":[{"@type":"ListItem","position":1,"name":"Home","item":"https:\/\/www.nnterrierit.fi\/"},{"@type":"ListItem","position":2,"name":"Norfolkien silm\u00e4peilaus"}]},{"@type":"WebSite","@id":"https:\/\/www.nnterrierit.fi\/#website","url":"https:\/\/www.nnterrierit.fi\/","name":"Suomen Norwichin- ja Norfolkinterrierit ry","description":"","potentialAction":[{"@type":"SearchAction","target":{"@type":"EntryPoint","urlTemplate":"https:\/\/www.nnterrierit.fi\/?s={search_term_string}"},"query-input":{"@type":"PropertyValueSpecification","valueRequired":true,"valueName":"search_term_string"}}],"inLanguage":"en"}]}},"_links":{"self":[{"href":"https:\/\/www.nnterrierit.fi\/index.php?rest_route=\/wp\/v2\/pages\/603","targetHints":{"allow":["GET"]}}],"collection":[{"href":"https:\/\/www.nnterrierit.fi\/index.php?rest_route=\/wp\/v2\/pages"}],"about":[{"href":"https:\/\/www.nnterrierit.fi\/index.php?rest_route=\/wp\/v2\/types\/page"}],"author":[{"embeddable":true,"href":"https:\/\/www.nnterrierit.fi\/index.php?rest_route=\/wp\/v2\/users\/1"}],"replies":[{"embeddable":true,"href":"https:\/\/www.nnterrierit.fi\/index.php?rest_route=%2Fwp%2Fv2%2Fcomments&post=603"}],"version-history":[{"count":4,"href":"https:\/\/www.nnterrierit.fi\/index.php?rest_route=\/wp\/v2\/pages\/603\/revisions"}],"predecessor-version":[{"id":785,"href":"https:\/\/www.nnterrierit.fi\/index.php?rest_route=\/wp\/v2\/pages\/603\/revisions\/785"}],"wp:attachment":[{"href":"https:\/\/www.nnterrierit.fi\/index.php?rest_route=%2Fwp%2Fv2%2Fmedia&parent=603"}],"curies":[{"name":"wp","href":"https:\/\/api.w.org\/{rel}","templated":true}]}}