{"id":52,"date":"2020-11-29T11:19:51","date_gmt":"2020-11-29T11:19:51","guid":{"rendered":"http:\/\/wp5.louhi.net\/~nnterrie\/?page_id=52"},"modified":"2021-11-01T11:03:32","modified_gmt":"2021-11-01T11:03:32","slug":"norwichinterrieri","status":"publish","type":"page","link":"https:\/\/www.nnterrierit.fi\/?page_id=52","title":{"rendered":"Norwichinterrieri"},"content":{"rendered":"<p>[et_pb_section fb_built=&#8221;1&#8243; fullwidth=&#8221;on&#8221; _builder_version=&#8221;4.7.4&#8243; _module_preset=&#8221;default&#8221;][et_pb_fullwidth_header title=&#8221;Norwichinterrieri&#8221; button_one_text=&#8221;Rotum\u00e4\u00e4ritelm\u00e4&#8221; button_one_url=&#8221;https:\/\/www.kennelliitto.fi\/files\/norwichinterrieri&#8221; _builder_version=&#8221;4.7.4&#8243; _module_preset=&#8221;default&#8221; title_font=&#8221;Staatliches||||||||&#8221; title_font_size=&#8221;43px&#8221; background_image=&#8221;http:\/\/wp5.louhi.net\/~nnterrie\/wp-content\/uploads\/2021\/01\/image00034-1.jpeg&#8221; custom_button_one=&#8221;on&#8221; button_one_text_size=&#8221;28px&#8221; button_one_font=&#8221;Staatliches||||||||&#8221; height=&#8221;800px&#8221; height_tablet=&#8221;450px&#8221; height_phone=&#8221;450px&#8221; height_last_edited=&#8221;on|desktop&#8221; custom_margin=&#8221;0px||||false|false&#8221; custom_padding=&#8221;250px||||false|false&#8221; custom_padding_tablet=&#8221;150px||||false|false&#8221; custom_padding_phone=&#8221;150px||||false|false&#8221; custom_padding_last_edited=&#8221;on|desktop&#8221; link_option_url_new_window=&#8221;on&#8221;][\/et_pb_fullwidth_header][\/et_pb_section][et_pb_section fb_built=&#8221;1&#8243; _builder_version=&#8221;4.7.4&#8243; _module_preset=&#8221;default&#8221; custom_margin=&#8221;0px||0px||false|false&#8221; custom_padding=&#8221;0px||2px||false|false&#8221; bottom_divider_height=&#8221;0px&#8221; border_style_all=&#8221;none&#8221; border_width_bottom=&#8221;1px&#8221;][et_pb_row column_structure=&#8221;1_3,1_3,1_3&#8243; use_custom_gutter=&#8221;on&#8221; gutter_width=&#8221;1&#8243; _builder_version=&#8221;4.7.4&#8243; _module_preset=&#8221;default&#8221; custom_margin=&#8221;0px||6px||false|false&#8221;][et_pb_column type=&#8221;1_3&#8243; _builder_version=&#8221;4.7.4&#8243; _module_preset=&#8221;default&#8221;][et_pb_blurb title=&#8221;Suomeen vuonna 1965&#8243; image=&#8221;http:\/\/wp5.louhi.net\/~nnterrie\/wp-content\/uploads\/2021\/01\/image00041.jpeg&#8221; _builder_version=&#8221;4.7.4&#8243; _module_preset=&#8221;default&#8221; header_font=&#8221;Staatliches||||||||&#8221; header_text_align=&#8221;center&#8221; background_color=&#8221;#d6d6d6&#8243; height=&#8221;630px&#8221; custom_padding=&#8221;10px|10px|10px|10px|false|false&#8221; border_radii=&#8221;on|10px|10px|10px|10px&#8221;]<\/p>\n<p>Norwichin- ja norfolkinterrierit erotettiin virallisesti omiksi roduikseen vuonna 1964 ja pian tuon j\u00e4lkeen ensimm\u00e4iset rodun edustajat saapuivat Suomeen.<\/p>\n<p><span>Aktiivisia kasvattajia on Suomessa noin 25-30. Pentuja rekister\u00f6id\u00e4\u00e4n Suomessa vuosittain keskim\u00e4\u00e4rin 100 ja pentuekoot ovat melko pieni\u00e4, 2-3 pentua. T\u00e4st\u00e4 syyst\u00e4 omaa pentua voi joskus joutua odottamaan pitk\u00e4\u00e4nkin.<\/span><\/p>\n<p><span><\/span><\/p>\n<p><span><\/span><\/p>\n<p><span><\/span><\/p>\n<p><span><\/span><\/p>\n<p><span><\/span><\/p>\n<p><span><\/span><\/p>\n<p>[\/et_pb_blurb][\/et_pb_column][et_pb_column type=&#8221;1_3&#8243; _builder_version=&#8221;4.7.4&#8243; _module_preset=&#8221;default&#8221;][et_pb_blurb title=&#8221;Pieni, mutta vahva ja reipas koira&#8221; image=&#8221;http:\/\/wp5.louhi.net\/~nnterrie\/wp-content\/uploads\/2021\/01\/IMG-20200718-WA0006.jpg&#8221; _builder_version=&#8221;4.7.4&#8243; _module_preset=&#8221;default&#8221; header_font=&#8221;Staatliches||||||||&#8221; header_text_align=&#8221;center&#8221; background_color=&#8221;#f3f6f7&#8243; height=&#8221;630px&#8221; custom_margin=&#8221;0px|0px|0px|0px|false|true&#8221; custom_padding=&#8221;10px|10px|10px|10px|false|false&#8221; border_radii=&#8221;on|10px|10px|10px|10px&#8221;]<\/p>\n<p>Se on luonteeltaan eloisa ja uskollinen. Turkki, joka on suoraa, karkeaa ja s\u00e4\u00e4nkest\u00e4v\u00e4\u00e4, tarvitsee trimmausta. V\u00e4ri on punainen, vaihdellen aina vehn\u00e4nv\u00e4rist\u00e4 tummaan grizzleen tai mustaruskea.\u00a0Norwichin p\u00e4\u00e4 on melko leve\u00e4, kuono-osa lyhyehk\u00f6 ja voimakas, korvat pystyasentoiset. Hampaat ovat suuret ja voimakkaat, sill\u00e4 onhan t\u00e4m\u00e4kin rotu ollut alunperin mets\u00e4styskoira. Raajat ovat lyhyet, suorat ja vahvat, runko lyhyt ja vankka. H\u00e4nt\u00e4 on suora ja mahdollisimman lyhyt, iloisesti pystyss\u00e4 kannettu. Typist\u00e4minen kiellettiin Suomessa vuonna 1996.\u00a0<span>Norwichinterrierin ihannekorkeus on n. 25 cm ja paino 5-8 kg<\/span><\/p>\n<p><span><\/span><\/p>\n<p>[\/et_pb_blurb][\/et_pb_column][et_pb_column type=&#8221;1_3&#8243; _builder_version=&#8221;4.7.4&#8243; _module_preset=&#8221;default&#8221;][et_pb_blurb title=&#8221;El\u00e4m\u00e4\u00e4 Wichin kanssa&#8221; image=&#8221;http:\/\/wp5.louhi.net\/~nnterrie\/wp-content\/uploads\/2021\/01\/image00015.jpeg&#8221; _builder_version=&#8221;4.7.4&#8243; _module_preset=&#8221;default&#8221; header_font=&#8221;Staatliches||||||||&#8221; header_text_align=&#8221;center&#8221; background_color=&#8221;#d6d6d6&#8243; height=&#8221;630px&#8221; custom_margin=&#8221;||0px||false|false&#8221; custom_padding=&#8221;10px|10px|31px|10px|false|false&#8221; hover_enabled=&#8221;0&#8243; border_radii=&#8221;on|10px|10px|10px|10px&#8221; sticky_enabled=&#8221;0&#8243;]<\/p>\n<p><span>Wichi on kokoonsa n\u00e4hden melkoinen sisupussi. Sisukkuus ei kuitenkaan saa olla riidanhaluisuutta ja norwich onkin eritt\u00e4in seurallinen koira, joka tulee hyvin toimeen niin muiden el\u00e4inten, kuin lastenkin kanssa. Norwich rakastaa omistajiaan yli kaiken, ja sen t\u00e4rkein teht\u00e4v\u00e4 el\u00e4m\u00e4ss\u00e4 onkin iloisesti h\u00f6ss\u00f6tt\u00e4en tehd\u00e4 is\u00e4nt\u00e4v\u00e4elleen mieliksi. Mutta yht\u00e4 iloisesti se toivottaa vieraatkin tervetulleiksi, joten vahtikoiraksi siit\u00e4 ei juuri ole. Pienest\u00e4 koostaan huolimatta norwich ei ole kainalossa kannettava sylikoira. Se nauttii suunnattomasti niin juoksulenkeist\u00e4 kuin marjaretkist\u00e4kin.<\/span><\/p>\n<p>[\/et_pb_blurb][\/et_pb_column][\/et_pb_row][\/et_pb_section][et_pb_section fb_built=&#8221;1&#8243; _builder_version=&#8221;4.7.4&#8243; _module_preset=&#8221;default&#8221; background_color=&#8221;#f3f6f7&#8243; min_height=&#8221;422px&#8221; custom_margin=&#8221;0px||-32px||false|false&#8221; custom_padding=&#8221;0px||16px||false|false&#8221; border_style_all=&#8221;none&#8221;][et_pb_row column_structure=&#8221;2_5,3_5&#8243; _builder_version=&#8221;4.7.4&#8243; _module_preset=&#8221;default&#8221; min_height=&#8221;380px&#8221;][et_pb_column type=&#8221;2_5&#8243; _builder_version=&#8221;4.7.4&#8243; _module_preset=&#8221;default&#8221;][et_pb_image src=&#8221;http:\/\/wp5.louhi.net\/~nnterrie\/wp-content\/uploads\/2021\/01\/image00012.jpeg&#8221; title_text=&#8221;image00012&#8243; align=&#8221;center&#8221; _builder_version=&#8221;4.7.4&#8243; _module_preset=&#8221;default&#8221; custom_margin=&#8221;33px||||false|false&#8221;][\/et_pb_image][\/et_pb_column][et_pb_column type=&#8221;3_5&#8243; _builder_version=&#8221;4.7.4&#8243; _module_preset=&#8221;default&#8221;][et_pb_text _builder_version=&#8221;4.7.4&#8243; _module_preset=&#8221;default&#8221; header_font=&#8221;Staatliches||||||||&#8221; hover_enabled=&#8221;0&#8243; sticky_enabled=&#8221;0&#8243;]<\/p>\n<h1>Terveydest\u00e4<\/h1>\n<p><span>Norwichit ovat yleens\u00e4 hyvin pitk\u00e4ik\u00e4isi\u00e4 ja s\u00e4ilyv\u00e4t vanhaksi asti pirtein\u00e4 ja leikkisin\u00e4. Norwich on suhteellisen terve rotu mutta joillakin yksil\u00f6ill\u00e4 ylempien hengitysteiden ahtaus saattaa aiheuttaa eriasteisia hengitysongelmia. Rotuj\u00e4rjest\u00f6 on k\u00e4ynnist\u00e4nyt rodun nielututkimukset, jotta pystyt\u00e4\u00e4n etuk\u00e4teen jalostusvalinnoilla vaikuttamaan hengitysongelmiin. Toinen rodun vaiva on Cramping syndrome (CECS), koirien epilepsian kaltainen kouristeluoireyhtym\u00e4. CECS-oireileva koira saa kohtauksia, joissa sill\u00e4 on liikkumish\u00e4iri\u00f6it\u00e4. Toistaiseksi CECS-kohtausten syyt\u00e4 ei tunneta. CECS-kohtaukset muistuttavat paikallisalkuista epilepsiakohtausta, mutta on my\u00f6s mahdollista ett\u00e4 kyseess\u00e4 ei ole epilepsia, vaan muusta syyst\u00e4 aiheutuva kohtauksittainen tahaton liikehdint\u00e4 eli ns dyskinesia epilepsiamuoto, jossa lihakset j\u00e4ykistyv\u00e4t ja koordinaatio heikentyy hetkellisesti harvoin esiintyvien kohtausten aikana, koiran s\u00e4ilytt\u00e4ess\u00e4 tajuntansa. Kohtaukset eiv\u00e4t tavallisesti vaadi muuta hoitoa kuin omistajan rauhoittavan k\u00e4yt\u00f6ksen. Ne eiv\u00e4t vaikuta koiran muuhun el\u00e4m\u00e4\u00e4n, terveyteen ja jaksamiseen.<\/span><\/p>\n<p>[\/et_pb_text][\/et_pb_column][\/et_pb_row][\/et_pb_section]<\/p>\n","protected":false},"excerpt":{"rendered":"<p>Norwichin- ja norfolkinterrierit erotettiin virallisesti omiksi roduikseen vuonna 1964 ja pian tuon j\u00e4lkeen ensimm\u00e4iset rodun edustajat saapuivat Suomeen. Aktiivisia kasvattajia on Suomessa noin 25-30. Pentuja rekister\u00f6id\u00e4\u00e4n Suomessa vuosittain keskim\u00e4\u00e4rin 100 ja pentuekoot ovat melko pieni\u00e4, 2-3 pentua. T\u00e4st\u00e4 syyst\u00e4 omaa pentua voi joskus joutua odottamaan pitk\u00e4\u00e4nkin. Se on luonteeltaan eloisa ja uskollinen. Turkki, joka on [&hellip;]<\/p>\n","protected":false},"author":1,"featured_media":0,"parent":0,"menu_order":0,"comment_status":"closed","ping_status":"closed","template":"","meta":{"_et_pb_use_builder":"on","_et_pb_old_content":"<!-- wp:divi\/placeholder \/-->","_et_gb_content_width":"","footnotes":""},"class_list":["post-52","page","type-page","status-publish","hentry"],"yoast_head":"<!-- This site is optimized with the Yoast SEO plugin v25.5 - https:\/\/yoast.com\/wordpress\/plugins\/seo\/ -->\n<title>Norwichinterrieri - Suomen Norwichin- ja Norfolkinterrierit ry<\/title>\n<meta name=\"robots\" content=\"index, follow, max-snippet:-1, max-image-preview:large, max-video-preview:-1\" \/>\n<link rel=\"canonical\" href=\"https:\/\/www.nnterrierit.fi\/?page_id=52\" \/>\n<meta property=\"og:locale\" content=\"en_US\" \/>\n<meta property=\"og:type\" content=\"article\" \/>\n<meta property=\"og:title\" content=\"Norwichinterrieri - Suomen Norwichin- ja Norfolkinterrierit ry\" \/>\n<meta property=\"og:description\" content=\"Norwichin- ja norfolkinterrierit erotettiin virallisesti omiksi roduikseen vuonna 1964 ja pian tuon j\u00e4lkeen ensimm\u00e4iset rodun edustajat saapuivat Suomeen. Aktiivisia kasvattajia on Suomessa noin 25-30. Pentuja rekister\u00f6id\u00e4\u00e4n Suomessa vuosittain keskim\u00e4\u00e4rin 100 ja pentuekoot ovat melko pieni\u00e4, 2-3 pentua. T\u00e4st\u00e4 syyst\u00e4 omaa pentua voi joskus joutua odottamaan pitk\u00e4\u00e4nkin. Se on luonteeltaan eloisa ja uskollinen. Turkki, joka on [&hellip;]\" \/>\n<meta property=\"og:url\" content=\"https:\/\/www.nnterrierit.fi\/?page_id=52\" \/>\n<meta property=\"og:site_name\" content=\"Suomen Norwichin- ja Norfolkinterrierit ry\" \/>\n<meta property=\"article:modified_time\" content=\"2021-11-01T11:03:32+00:00\" \/>\n<meta name=\"twitter:card\" content=\"summary_large_image\" \/>\n<meta name=\"twitter:label1\" content=\"Est. reading time\" \/>\n\t<meta name=\"twitter:data1\" content=\"5 minutes\" \/>\n<script type=\"application\/ld+json\" class=\"yoast-schema-graph\">{\"@context\":\"https:\/\/schema.org\",\"@graph\":[{\"@type\":\"WebPage\",\"@id\":\"https:\/\/www.nnterrierit.fi\/?page_id=52\",\"url\":\"https:\/\/www.nnterrierit.fi\/?page_id=52\",\"name\":\"Norwichinterrieri - Suomen Norwichin- ja Norfolkinterrierit ry\",\"isPartOf\":{\"@id\":\"https:\/\/www.nnterrierit.fi\/#website\"},\"datePublished\":\"2020-11-29T11:19:51+00:00\",\"dateModified\":\"2021-11-01T11:03:32+00:00\",\"breadcrumb\":{\"@id\":\"https:\/\/www.nnterrierit.fi\/?page_id=52#breadcrumb\"},\"inLanguage\":\"en\",\"potentialAction\":[{\"@type\":\"ReadAction\",\"target\":[\"https:\/\/www.nnterrierit.fi\/?page_id=52\"]}]},{\"@type\":\"BreadcrumbList\",\"@id\":\"https:\/\/www.nnterrierit.fi\/?page_id=52#breadcrumb\",\"itemListElement\":[{\"@type\":\"ListItem\",\"position\":1,\"name\":\"Home\",\"item\":\"https:\/\/www.nnterrierit.fi\/\"},{\"@type\":\"ListItem\",\"position\":2,\"name\":\"Norwichinterrieri\"}]},{\"@type\":\"WebSite\",\"@id\":\"https:\/\/www.nnterrierit.fi\/#website\",\"url\":\"https:\/\/www.nnterrierit.fi\/\",\"name\":\"Suomen Norwichin- ja Norfolkinterrierit ry\",\"description\":\"\",\"potentialAction\":[{\"@type\":\"SearchAction\",\"target\":{\"@type\":\"EntryPoint\",\"urlTemplate\":\"https:\/\/www.nnterrierit.fi\/?s={search_term_string}\"},\"query-input\":{\"@type\":\"PropertyValueSpecification\",\"valueRequired\":true,\"valueName\":\"search_term_string\"}}],\"inLanguage\":\"en\"}]}<\/script>\n<!-- \/ Yoast SEO plugin. -->","yoast_head_json":{"title":"Norwichinterrieri - Suomen Norwichin- ja Norfolkinterrierit ry","robots":{"index":"index","follow":"follow","max-snippet":"max-snippet:-1","max-image-preview":"max-image-preview:large","max-video-preview":"max-video-preview:-1"},"canonical":"https:\/\/www.nnterrierit.fi\/?page_id=52","og_locale":"en_US","og_type":"article","og_title":"Norwichinterrieri - Suomen Norwichin- ja Norfolkinterrierit ry","og_description":"Norwichin- ja norfolkinterrierit erotettiin virallisesti omiksi roduikseen vuonna 1964 ja pian tuon j\u00e4lkeen ensimm\u00e4iset rodun edustajat saapuivat Suomeen. Aktiivisia kasvattajia on Suomessa noin 25-30. Pentuja rekister\u00f6id\u00e4\u00e4n Suomessa vuosittain keskim\u00e4\u00e4rin 100 ja pentuekoot ovat melko pieni\u00e4, 2-3 pentua. T\u00e4st\u00e4 syyst\u00e4 omaa pentua voi joskus joutua odottamaan pitk\u00e4\u00e4nkin. Se on luonteeltaan eloisa ja uskollinen. Turkki, joka on [&hellip;]","og_url":"https:\/\/www.nnterrierit.fi\/?page_id=52","og_site_name":"Suomen Norwichin- ja Norfolkinterrierit ry","article_modified_time":"2021-11-01T11:03:32+00:00","twitter_card":"summary_large_image","twitter_misc":{"Est. reading time":"5 minutes"},"schema":{"@context":"https:\/\/schema.org","@graph":[{"@type":"WebPage","@id":"https:\/\/www.nnterrierit.fi\/?page_id=52","url":"https:\/\/www.nnterrierit.fi\/?page_id=52","name":"Norwichinterrieri - Suomen Norwichin- ja Norfolkinterrierit ry","isPartOf":{"@id":"https:\/\/www.nnterrierit.fi\/#website"},"datePublished":"2020-11-29T11:19:51+00:00","dateModified":"2021-11-01T11:03:32+00:00","breadcrumb":{"@id":"https:\/\/www.nnterrierit.fi\/?page_id=52#breadcrumb"},"inLanguage":"en","potentialAction":[{"@type":"ReadAction","target":["https:\/\/www.nnterrierit.fi\/?page_id=52"]}]},{"@type":"BreadcrumbList","@id":"https:\/\/www.nnterrierit.fi\/?page_id=52#breadcrumb","itemListElement":[{"@type":"ListItem","position":1,"name":"Home","item":"https:\/\/www.nnterrierit.fi\/"},{"@type":"ListItem","position":2,"name":"Norwichinterrieri"}]},{"@type":"WebSite","@id":"https:\/\/www.nnterrierit.fi\/#website","url":"https:\/\/www.nnterrierit.fi\/","name":"Suomen Norwichin- ja Norfolkinterrierit ry","description":"","potentialAction":[{"@type":"SearchAction","target":{"@type":"EntryPoint","urlTemplate":"https:\/\/www.nnterrierit.fi\/?s={search_term_string}"},"query-input":{"@type":"PropertyValueSpecification","valueRequired":true,"valueName":"search_term_string"}}],"inLanguage":"en"}]}},"_links":{"self":[{"href":"https:\/\/www.nnterrierit.fi\/index.php?rest_route=\/wp\/v2\/pages\/52","targetHints":{"allow":["GET"]}}],"collection":[{"href":"https:\/\/www.nnterrierit.fi\/index.php?rest_route=\/wp\/v2\/pages"}],"about":[{"href":"https:\/\/www.nnterrierit.fi\/index.php?rest_route=\/wp\/v2\/types\/page"}],"author":[{"embeddable":true,"href":"https:\/\/www.nnterrierit.fi\/index.php?rest_route=\/wp\/v2\/users\/1"}],"replies":[{"embeddable":true,"href":"https:\/\/www.nnterrierit.fi\/index.php?rest_route=%2Fwp%2Fv2%2Fcomments&post=52"}],"version-history":[{"count":18,"href":"https:\/\/www.nnterrierit.fi\/index.php?rest_route=\/wp\/v2\/pages\/52\/revisions"}],"predecessor-version":[{"id":938,"href":"https:\/\/www.nnterrierit.fi\/index.php?rest_route=\/wp\/v2\/pages\/52\/revisions\/938"}],"wp:attachment":[{"href":"https:\/\/www.nnterrierit.fi\/index.php?rest_route=%2Fwp%2Fv2%2Fmedia&parent=52"}],"curies":[{"name":"wp","href":"https:\/\/api.w.org\/{rel}","templated":true}]}}