{"id":50,"date":"2020-11-29T11:19:37","date_gmt":"2020-11-29T11:19:37","guid":{"rendered":"http:\/\/wp5.louhi.net\/~nnterrie\/?page_id=50"},"modified":"2023-06-09T16:40:40","modified_gmt":"2023-06-09T16:40:40","slug":"norfolkinterrieri","status":"publish","type":"page","link":"https:\/\/www.nnterrierit.fi\/?page_id=50","title":{"rendered":"Norfolkinterrieri"},"content":{"rendered":"<p>[et_pb_section fb_built=&#8221;1&#8243; fullwidth=&#8221;on&#8221; _builder_version=&#8221;4.16&#8243; _module_preset=&#8221;default&#8221; global_colors_info=&#8221;{}&#8221;][et_pb_fullwidth_header title=&#8221;Norfolkinterrieri&#8221; button_one_text=&#8221;Rotum\u00e4\u00e4ritelm\u00e4&#8221; button_one_url=&#8221;https:\/\/www.kennelliitto.fi\/files\/norfolkinterrieri-1&#8243; _builder_version=&#8221;4.16&#8243; _module_preset=&#8221;default&#8221; title_font=&#8221;Staatliches||||||||&#8221; title_font_size=&#8221;43px&#8221; background_image=&#8221;http:\/\/wp5.louhi.net\/~nnterrie\/wp-content\/uploads\/2021\/01\/20200308134750_IMG_2561.jpg&#8221; custom_button_one=&#8221;on&#8221; button_one_text_size=&#8221;24px&#8221; button_one_font=&#8221;Staatliches||||||||&#8221; height=&#8221;600px&#8221; height_tablet=&#8221;450px&#8221; height_phone=&#8221;450px&#8221; height_last_edited=&#8221;on|desktop&#8221; custom_padding=&#8221;200px||||false|false&#8221; custom_padding_tablet=&#8221;180px||||false|false&#8221; custom_padding_phone=&#8221;&#8221; custom_padding_last_edited=&#8221;on|desktop&#8221; global_colors_info=&#8221;{}&#8221;][\/et_pb_fullwidth_header][\/et_pb_section][et_pb_section fb_built=&#8221;1&#8243; _builder_version=&#8221;4.16&#8243; _module_preset=&#8221;default&#8221; custom_padding=&#8221;0px||0px||false|false&#8221; global_colors_info=&#8221;{}&#8221;][et_pb_row _builder_version=&#8221;4.16&#8243; _module_preset=&#8221;default&#8221; custom_padding=&#8221;0px||0px||false|false&#8221; global_colors_info=&#8221;{}&#8221;][et_pb_column type=&#8221;4_4&#8243; _builder_version=&#8221;4.16&#8243; _module_preset=&#8221;default&#8221; global_colors_info=&#8221;{}&#8221;][et_pb_text _builder_version=&#8221;4.16&#8243; _module_preset=&#8221;default&#8221; text_font_size=&#8221;9px&#8221; global_colors_info=&#8221;{}&#8221;]<\/p>\n<p>Kuva: Ida Holopainen<\/p>\n<p>[\/et_pb_text][\/et_pb_column][\/et_pb_row][\/et_pb_section][et_pb_section fb_built=&#8221;1&#8243; _builder_version=&#8221;4.16&#8243; _module_preset=&#8221;default&#8221; custom_margin=&#8221;0px||0px||false|false&#8221; custom_padding=&#8221;0px||0px||false|false&#8221; border_width_bottom=&#8221;1px&#8221; global_colors_info=&#8221;{}&#8221;][et_pb_row column_structure=&#8221;1_3,1_3,1_3&#8243; use_custom_gutter=&#8221;on&#8221; gutter_width=&#8221;1&#8243; _builder_version=&#8221;4.16&#8243; _module_preset=&#8221;default&#8221; custom_margin=&#8221;0px||0px||false|false&#8221; global_colors_info=&#8221;{}&#8221;][et_pb_column type=&#8221;1_3&#8243; _builder_version=&#8221;4.16&#8243; _module_preset=&#8221;default&#8221; global_colors_info=&#8221;{}&#8221;][et_pb_blurb title=&#8221;Ensimm\u00e4iset folkit tulivat Suomeen vuonna 1972&#8243; image=&#8221;http:\/\/wp5.louhi.net\/~nnterrie\/wp-content\/uploads\/2021\/02\/image00032.jpeg&#8221; _builder_version=&#8221;4.21.0&#8243; _module_preset=&#8221;default&#8221; header_font=&#8221;Staatliches||||||||&#8221; background_color=&#8221;#b3b3b3&#8243; height=&#8221;699px&#8221; custom_padding=&#8221;10px|10px|10px|10px|false|false&#8221; hover_enabled=&#8221;0&#8243; border_radii=&#8221;on|10px|10px|10px|10px&#8221; global_colors_info=&#8221;{}&#8221; sticky_enabled=&#8221;0&#8243;]<\/p>\n<p><span>Norfolkkeja t\u00e4n\u00e4 p\u00e4iv\u00e4n\u00e4 kasvattaa pieni mutta innostunut ja m\u00e4\u00e4r\u00e4tietoinen kasvattajajoukko.<\/span><\/p>\n<p><span class=\"redactor-invisible-space\">Suomessa Rodun taso on t\u00e4ll\u00e4 hetkell\u00e4 verraten hyv\u00e4. Rotua rekister\u00f6id\u00e4\u00e4n noin 70 pentua vuodessa. Keskim\u00e4\u00e4r\u00e4inen pentuekoko vaihtelee 2-4 pennun v\u00e4lill\u00e4. Aktiivisia rodun kasvattajia on parisenkymment\u00e4. Kasvattajat <\/span><span>toivovat kasvattiensa joskus k\u00e4yv\u00e4n n\u00e4yttelyss\u00e4, jotta kasvattajakin saisi palautetta kasvatusty\u00f6st\u00e4\u00e4n. Suomessa my\u00f6s ns. kotikoirat hoidetaan hyvin ja siksi n\u00e4yttelyyn osallistumiselle ei t\u00e4m\u00e4n iloisen rodun kanssa ole estett\u00e4.<\/span><\/p>\n<p>[\/et_pb_blurb][\/et_pb_column][et_pb_column type=&#8221;1_3&#8243; _builder_version=&#8221;4.16&#8243; _module_preset=&#8221;default&#8221; global_colors_info=&#8221;{}&#8221;][et_pb_blurb title=&#8221;Folkki on pieni ja tanakka&#8221; image=&#8221;http:\/\/wp5.louhi.net\/~nnterrie\/wp-content\/uploads\/2021\/02\/image00094.jpeg&#8221; _builder_version=&#8221;4.21.0&#8243; _module_preset=&#8221;default&#8221; header_font=&#8221;Staatliches||||||||&#8221; background_color=&#8221;#e6e6e6&#8243; height=&#8221;699px&#8221; height_tablet=&#8221;&#8221; height_phone=&#8221;&#8221; height_last_edited=&#8221;on|tablet&#8221; custom_padding=&#8221;10px|10px|10px|10px|false|false&#8221; hover_enabled=&#8221;0&#8243; border_radii=&#8221;on|10px|10px|10px|10px&#8221; global_colors_info=&#8221;{}&#8221; sticky_enabled=&#8221;0&#8243;]<\/p>\n<p><span>Sill\u00e4 on viel\u00e4 tallella mets\u00e4stysvaistoa ja varma luonne. Se on kiltti ja seurallinen, mutta vaatii omistajaltaan m\u00e4\u00e4r\u00e4tietoisuutta kasvatuksessa, sill\u00e4 \u00e4lykk\u00e4\u00e4n luonteensa vuoksi saattaa k\u00e4yd\u00e4 niin, ett\u00e4 se kietoo ihmisen pikku tassunsa ymp\u00e4rille ja voi olla melko h\u00e4ik\u00e4ilem\u00e4t\u00f6n saavuttaakseen p\u00e4\u00e4m\u00e4\u00e4r\u00e4ns\u00e4.<\/span><\/p>\n<p><span>Norfolkin turkki on suoraa, karkeaa ja vett\u00e4hylkiv\u00e4\u00e4. Koira on trimmattava s\u00e4\u00e4nn\u00f6llisesti. Sopiva trimmausv\u00e4li on koirakohtaista ja apua sen m\u00e4\u00e4rittelyyn saat asiantuntevalta trimmaajalta. V\u00e4rit ovat kaikki punaisen s\u00e4vyt vehn\u00e4nv\u00e4risest\u00e4 tummaan grizzleen. Toinen vallitsevista v\u00e4reist\u00e4 on mustaruskea. P\u00e4\u00e4 on py\u00f6re\u00e4hk\u00f6 ja vankka, kuono lyhyt ja vahva. Korvat ovat keskikokoiset ja poskia pehme\u00e4sti my\u00f6t\u00e4ilev\u00e4t.<\/span><\/p>\n<p>[\/et_pb_blurb][\/et_pb_column][et_pb_column type=&#8221;1_3&#8243; _builder_version=&#8221;4.16&#8243; _module_preset=&#8221;default&#8221; global_colors_info=&#8221;{}&#8221;][et_pb_blurb title=&#8221;El\u00e4m\u00e4\u00e4 folkin kanssa&#8221; image=&#8221;http:\/\/wp5.louhi.net\/~nnterrie\/wp-content\/uploads\/2021\/02\/image00042.jpeg&#8221; _builder_version=&#8221;4.21.0&#8243; _module_preset=&#8221;default&#8221; header_font=&#8221;Staatliches||||||||&#8221; background_color=&#8221;#b3b3b3&#8243; height=&#8221;699px&#8221; custom_padding=&#8221;10px|10px|10px|10px|false|false&#8221; hover_enabled=&#8221;0&#8243; border_radii=&#8221;on|10px|10px|10px|10px&#8221; global_colors_info=&#8221;{}&#8221; sticky_enabled=&#8221;0&#8243;]<\/p>\n<p><span>Norfolk on osoittautunut soveltuvaksi mit\u00e4 erilaisimpiin olosuhteisiin. Nyky\u00e4\u00e4n, vaikka useimmat asuvat kaupungeissa, norfolkin tulisi yh\u00e4 pysty\u00e4 t\u00e4ytt\u00e4m\u00e4\u00e4n rotum\u00e4\u00e4ritelm\u00e4n vaatimukset mit\u00e4 tulee mets\u00e4stysominaisuuksiin.\u00a0Se on peloton ja ulosp\u00e4in suuntautuva. Se rakastaa omistajaansa kiihke\u00e4sti ja puolustaa t\u00e4t\u00e4 viimeiseen asti. Toisaalta se on heti valmis l\u00e4htem\u00e4\u00e4n autoajelulle vaikka t\u00e4ysin vieraan matkaan. Autossa ja kotona se k\u00e4ytt\u00e4\u00e4 mahdollisimman korkeita paikkoja istuiminaan. Norfolkki istuu mielell\u00e4\u00e4n syliss\u00e4 lellitt\u00e4v\u00e4n\u00e4 ja palkitsee rapsuttajansa ylitse pursuavin suukoin.<\/span><\/p>\n<p>[\/et_pb_blurb][\/et_pb_column][\/et_pb_row][\/et_pb_section][et_pb_section fb_built=&#8221;1&#8243; _builder_version=&#8221;4.16&#8243; _module_preset=&#8221;default&#8221; background_color=&#8221;#e6e6e6&#8243; custom_margin=&#8221;||0px||false|false&#8221; custom_padding=&#8221;0px||0px||false|false&#8221; global_colors_info=&#8221;{}&#8221;][et_pb_row column_structure=&#8221;2_5,3_5&#8243; _builder_version=&#8221;4.16&#8243; _module_preset=&#8221;default&#8221; custom_margin=&#8221;||0px||false|false&#8221; custom_padding=&#8221;||0px||false|false&#8221; global_colors_info=&#8221;{}&#8221;][et_pb_column type=&#8221;2_5&#8243; _builder_version=&#8221;4.16&#8243; _module_preset=&#8221;default&#8221; global_colors_info=&#8221;{}&#8221;][et_pb_image src=&#8221;http:\/\/wp5.louhi.net\/~nnterrie\/wp-content\/uploads\/2021\/01\/image00018.jpeg&#8221; title_text=&#8221;image00018&#8243; show_bottom_space=&#8221;off&#8221; _builder_version=&#8221;4.16&#8243; _module_preset=&#8221;default&#8221; custom_padding=&#8221;||13px||false|false&#8221; global_colors_info=&#8221;{}&#8221;][\/et_pb_image][\/et_pb_column][et_pb_column type=&#8221;3_5&#8243; _builder_version=&#8221;4.16&#8243; _module_preset=&#8221;default&#8221; global_colors_info=&#8221;{}&#8221;][et_pb_text _builder_version=&#8221;4.16&#8243; _module_preset=&#8221;default&#8221; header_font=&#8221;Staatliches||||||||&#8221; custom_padding=&#8221;0px||20px||false|false&#8221; global_colors_info=&#8221;{}&#8221;]<\/p>\n<h1>Terveydest\u00e4<\/h1>\n<p><span>Norfolkit ovat yleens\u00e4 pitk\u00e4ik\u00e4isi\u00e4 ja s\u00e4ilyv\u00e4t vanhaksi asti pirtein\u00e4 ja leikkisin\u00e4. Norfolk on suhteellisen terve rotu. Ik\u00e4\u00e4ntyvill\u00e4 norfolkeilla saattaa esiinty\u00e4 syd\u00e4men vajaatoimintaa, joka joissakin tapauksissa vaatii l\u00e4\u00e4kityst\u00e4. Kasvattajat pyrkiv\u00e4t ottamaan t\u00e4m\u00e4n huomioon jalostuksessa. Nyky\u00e4\u00e4n jalostukseen k\u00e4ytett\u00e4vilt\u00e4 koirilta yh\u00e4 systemaattisemmin tutkitaan syd\u00e4n. Kasvattajat tutkituttavat jalostuskoiriaan my\u00f6s harmaakaihin ja polvilumpioluksaation varalta, vaikka kumpikaan sairaus ei ole rodussa muutamaa tapausta lukuun ottamatta ongelmana. Tarkempaa tietoa rodun terveydentilasta l\u00f6yd\u00e4t jalostus -valikon takaa.<\/span><\/p>\n<p>[\/et_pb_text][\/et_pb_column][\/et_pb_row][\/et_pb_section]<\/p>\n","protected":false},"excerpt":{"rendered":"<p>Kuva: Ida HolopainenNorfolkkeja t\u00e4n\u00e4 p\u00e4iv\u00e4n\u00e4 kasvattaa pieni mutta innostunut ja m\u00e4\u00e4r\u00e4tietoinen kasvattajajoukko. Suomessa Rodun taso on t\u00e4ll\u00e4 hetkell\u00e4 verraten hyv\u00e4. Rotua rekister\u00f6id\u00e4\u00e4n noin 70 pentua vuodessa. Keskim\u00e4\u00e4r\u00e4inen pentuekoko vaihtelee 2-4 pennun v\u00e4lill\u00e4. Aktiivisia rodun kasvattajia on parisenkymment\u00e4. Kasvattajat toivovat kasvattiensa joskus k\u00e4yv\u00e4n n\u00e4yttelyss\u00e4, jotta kasvattajakin saisi palautetta kasvatusty\u00f6st\u00e4\u00e4n. Suomessa my\u00f6s ns. kotikoirat hoidetaan hyvin ja [&hellip;]<\/p>\n","protected":false},"author":1,"featured_media":0,"parent":0,"menu_order":0,"comment_status":"closed","ping_status":"closed","template":"","meta":{"_et_pb_use_builder":"on","_et_pb_old_content":"<!-- wp:divi\/placeholder \/-->","_et_gb_content_width":"","footnotes":""},"class_list":["post-50","page","type-page","status-publish","hentry"],"yoast_head":"<!-- This site is optimized with the Yoast SEO plugin v25.5 - https:\/\/yoast.com\/wordpress\/plugins\/seo\/ -->\n<title>Norfolkinterrieri - Suomen Norwichin- ja Norfolkinterrierit ry<\/title>\n<meta name=\"robots\" content=\"index, follow, max-snippet:-1, max-image-preview:large, max-video-preview:-1\" \/>\n<link rel=\"canonical\" href=\"https:\/\/www.nnterrierit.fi\/?page_id=50\" \/>\n<meta property=\"og:locale\" content=\"en_US\" \/>\n<meta property=\"og:type\" content=\"article\" \/>\n<meta property=\"og:title\" content=\"Norfolkinterrieri - Suomen Norwichin- ja Norfolkinterrierit ry\" \/>\n<meta property=\"og:description\" content=\"Kuva: Ida HolopainenNorfolkkeja t\u00e4n\u00e4 p\u00e4iv\u00e4n\u00e4 kasvattaa pieni mutta innostunut ja m\u00e4\u00e4r\u00e4tietoinen kasvattajajoukko. Suomessa Rodun taso on t\u00e4ll\u00e4 hetkell\u00e4 verraten hyv\u00e4. Rotua rekister\u00f6id\u00e4\u00e4n noin 70 pentua vuodessa. Keskim\u00e4\u00e4r\u00e4inen pentuekoko vaihtelee 2-4 pennun v\u00e4lill\u00e4. Aktiivisia rodun kasvattajia on parisenkymment\u00e4. Kasvattajat toivovat kasvattiensa joskus k\u00e4yv\u00e4n n\u00e4yttelyss\u00e4, jotta kasvattajakin saisi palautetta kasvatusty\u00f6st\u00e4\u00e4n. Suomessa my\u00f6s ns. kotikoirat hoidetaan hyvin ja [&hellip;]\" \/>\n<meta property=\"og:url\" content=\"https:\/\/www.nnterrierit.fi\/?page_id=50\" \/>\n<meta property=\"og:site_name\" content=\"Suomen Norwichin- ja Norfolkinterrierit ry\" \/>\n<meta property=\"article:modified_time\" content=\"2023-06-09T16:40:40+00:00\" \/>\n<meta name=\"twitter:card\" content=\"summary_large_image\" \/>\n<meta name=\"twitter:label1\" content=\"Est. reading time\" \/>\n\t<meta name=\"twitter:data1\" content=\"5 minutes\" \/>\n<script type=\"application\/ld+json\" class=\"yoast-schema-graph\">{\"@context\":\"https:\/\/schema.org\",\"@graph\":[{\"@type\":\"WebPage\",\"@id\":\"https:\/\/www.nnterrierit.fi\/?page_id=50\",\"url\":\"https:\/\/www.nnterrierit.fi\/?page_id=50\",\"name\":\"Norfolkinterrieri - Suomen Norwichin- ja Norfolkinterrierit ry\",\"isPartOf\":{\"@id\":\"https:\/\/www.nnterrierit.fi\/#website\"},\"datePublished\":\"2020-11-29T11:19:37+00:00\",\"dateModified\":\"2023-06-09T16:40:40+00:00\",\"breadcrumb\":{\"@id\":\"https:\/\/www.nnterrierit.fi\/?page_id=50#breadcrumb\"},\"inLanguage\":\"en\",\"potentialAction\":[{\"@type\":\"ReadAction\",\"target\":[\"https:\/\/www.nnterrierit.fi\/?page_id=50\"]}]},{\"@type\":\"BreadcrumbList\",\"@id\":\"https:\/\/www.nnterrierit.fi\/?page_id=50#breadcrumb\",\"itemListElement\":[{\"@type\":\"ListItem\",\"position\":1,\"name\":\"Home\",\"item\":\"https:\/\/www.nnterrierit.fi\/\"},{\"@type\":\"ListItem\",\"position\":2,\"name\":\"Norfolkinterrieri\"}]},{\"@type\":\"WebSite\",\"@id\":\"https:\/\/www.nnterrierit.fi\/#website\",\"url\":\"https:\/\/www.nnterrierit.fi\/\",\"name\":\"Suomen Norwichin- ja Norfolkinterrierit ry\",\"description\":\"\",\"potentialAction\":[{\"@type\":\"SearchAction\",\"target\":{\"@type\":\"EntryPoint\",\"urlTemplate\":\"https:\/\/www.nnterrierit.fi\/?s={search_term_string}\"},\"query-input\":{\"@type\":\"PropertyValueSpecification\",\"valueRequired\":true,\"valueName\":\"search_term_string\"}}],\"inLanguage\":\"en\"}]}<\/script>\n<!-- \/ Yoast SEO plugin. -->","yoast_head_json":{"title":"Norfolkinterrieri - Suomen Norwichin- ja Norfolkinterrierit ry","robots":{"index":"index","follow":"follow","max-snippet":"max-snippet:-1","max-image-preview":"max-image-preview:large","max-video-preview":"max-video-preview:-1"},"canonical":"https:\/\/www.nnterrierit.fi\/?page_id=50","og_locale":"en_US","og_type":"article","og_title":"Norfolkinterrieri - Suomen Norwichin- ja Norfolkinterrierit ry","og_description":"Kuva: Ida HolopainenNorfolkkeja t\u00e4n\u00e4 p\u00e4iv\u00e4n\u00e4 kasvattaa pieni mutta innostunut ja m\u00e4\u00e4r\u00e4tietoinen kasvattajajoukko. Suomessa Rodun taso on t\u00e4ll\u00e4 hetkell\u00e4 verraten hyv\u00e4. Rotua rekister\u00f6id\u00e4\u00e4n noin 70 pentua vuodessa. Keskim\u00e4\u00e4r\u00e4inen pentuekoko vaihtelee 2-4 pennun v\u00e4lill\u00e4. Aktiivisia rodun kasvattajia on parisenkymment\u00e4. Kasvattajat toivovat kasvattiensa joskus k\u00e4yv\u00e4n n\u00e4yttelyss\u00e4, jotta kasvattajakin saisi palautetta kasvatusty\u00f6st\u00e4\u00e4n. Suomessa my\u00f6s ns. kotikoirat hoidetaan hyvin ja [&hellip;]","og_url":"https:\/\/www.nnterrierit.fi\/?page_id=50","og_site_name":"Suomen Norwichin- ja Norfolkinterrierit ry","article_modified_time":"2023-06-09T16:40:40+00:00","twitter_card":"summary_large_image","twitter_misc":{"Est. reading time":"5 minutes"},"schema":{"@context":"https:\/\/schema.org","@graph":[{"@type":"WebPage","@id":"https:\/\/www.nnterrierit.fi\/?page_id=50","url":"https:\/\/www.nnterrierit.fi\/?page_id=50","name":"Norfolkinterrieri - Suomen Norwichin- ja Norfolkinterrierit ry","isPartOf":{"@id":"https:\/\/www.nnterrierit.fi\/#website"},"datePublished":"2020-11-29T11:19:37+00:00","dateModified":"2023-06-09T16:40:40+00:00","breadcrumb":{"@id":"https:\/\/www.nnterrierit.fi\/?page_id=50#breadcrumb"},"inLanguage":"en","potentialAction":[{"@type":"ReadAction","target":["https:\/\/www.nnterrierit.fi\/?page_id=50"]}]},{"@type":"BreadcrumbList","@id":"https:\/\/www.nnterrierit.fi\/?page_id=50#breadcrumb","itemListElement":[{"@type":"ListItem","position":1,"name":"Home","item":"https:\/\/www.nnterrierit.fi\/"},{"@type":"ListItem","position":2,"name":"Norfolkinterrieri"}]},{"@type":"WebSite","@id":"https:\/\/www.nnterrierit.fi\/#website","url":"https:\/\/www.nnterrierit.fi\/","name":"Suomen Norwichin- ja Norfolkinterrierit ry","description":"","potentialAction":[{"@type":"SearchAction","target":{"@type":"EntryPoint","urlTemplate":"https:\/\/www.nnterrierit.fi\/?s={search_term_string}"},"query-input":{"@type":"PropertyValueSpecification","valueRequired":true,"valueName":"search_term_string"}}],"inLanguage":"en"}]}},"_links":{"self":[{"href":"https:\/\/www.nnterrierit.fi\/index.php?rest_route=\/wp\/v2\/pages\/50","targetHints":{"allow":["GET"]}}],"collection":[{"href":"https:\/\/www.nnterrierit.fi\/index.php?rest_route=\/wp\/v2\/pages"}],"about":[{"href":"https:\/\/www.nnterrierit.fi\/index.php?rest_route=\/wp\/v2\/types\/page"}],"author":[{"embeddable":true,"href":"https:\/\/www.nnterrierit.fi\/index.php?rest_route=\/wp\/v2\/users\/1"}],"replies":[{"embeddable":true,"href":"https:\/\/www.nnterrierit.fi\/index.php?rest_route=%2Fwp%2Fv2%2Fcomments&post=50"}],"version-history":[{"count":15,"href":"https:\/\/www.nnterrierit.fi\/index.php?rest_route=\/wp\/v2\/pages\/50\/revisions"}],"predecessor-version":[{"id":1314,"href":"https:\/\/www.nnterrierit.fi\/index.php?rest_route=\/wp\/v2\/pages\/50\/revisions\/1314"}],"wp:attachment":[{"href":"https:\/\/www.nnterrierit.fi\/index.php?rest_route=%2Fwp%2Fv2%2Fmedia&parent=50"}],"curies":[{"name":"wp","href":"https:\/\/api.w.org\/{rel}","templated":true}]}}