{"id":40,"date":"2020-11-29T11:17:15","date_gmt":"2020-11-29T11:17:15","guid":{"rendered":"http:\/\/wp5.louhi.net\/~nnterrie\/?page_id=40"},"modified":"2026-04-16T14:48:28","modified_gmt":"2026-04-16T14:48:28","slug":"nn-uutiset","status":"publish","type":"page","link":"https:\/\/www.nnterrierit.fi\/?page_id=40","title":{"rendered":"NN Uutiset"},"content":{"rendered":"<p>[et_pb_section fb_built=&#8221;1&#8243; fullwidth=&#8221;on&#8221; custom_padding_last_edited=&#8221;on|desktop&#8221; _builder_version=&#8221;4.16&#8243; _module_preset=&#8221;default&#8221; height_tablet=&#8221;&#8221; height_phone=&#8221;&#8221; height_last_edited=&#8221;on|phone&#8221; custom_padding_tablet=&#8221;0px||||false|false&#8221; custom_padding_phone=&#8221;0px||||false|false&#8221; global_colors_info=&#8221;{}&#8221;][et_pb_fullwidth_header title=&#8221;NN Uutiset&#8221; _builder_version=&#8221;4.16&#8243; _module_preset=&#8221;default&#8221; title_font=&#8221;Staatliches||||||||&#8221; title_font_size=&#8221;42px&#8221; content_font_size=&#8221;24px&#8221; background_image=&#8221;http:\/\/wp5.louhi.net\/~nnterrie\/wp-content\/uploads\/2021\/01\/image00059.jpeg&#8221; height=&#8221;600px&#8221; height_tablet=&#8221;&#8221; height_phone=&#8221;&#8221; height_last_edited=&#8221;on|phone&#8221; custom_margin=&#8221;0px||||false|false&#8221; custom_margin_tablet=&#8221;&#8221; custom_margin_phone=&#8221;&#8221; custom_margin_last_edited=&#8221;on|tablet&#8221; custom_padding=&#8221;200px||||false|false&#8221; custom_padding_tablet=&#8221;120px||||false|false&#8221; custom_padding_phone=&#8221;150px||||false|false&#8221; custom_padding_last_edited=&#8221;on|tablet&#8221; global_colors_info=&#8221;{}&#8221;]<\/p>\n<p>J\u00e4senetuna saat nelj\u00e4 kertaa vuodessa kotiisi yhdistyksen j\u00e4senlehden, joka on t\u00e4ynn\u00e4 mielenkiintoista ja norrimaista sis\u00e4lt\u00f6\u00e4!<\/p>\n<p>[\/et_pb_fullwidth_header][\/et_pb_section][et_pb_section fb_built=&#8221;1&#8243; specialty=&#8221;on&#8221; _builder_version=&#8221;4.16&#8243; _module_preset=&#8221;default&#8221; custom_padding=&#8221;50px||0px||false|false&#8221; global_colors_info=&#8221;{}&#8221;][et_pb_column type=&#8221;1_4&#8243; _builder_version=&#8221;4.16&#8243; custom_padding=&#8221;|||&#8221; global_colors_info=&#8221;{}&#8221; custom_padding__hover=&#8221;|||&#8221;][et_pb_team_member name=&#8221;Sanna Kokkonen&#8221; position=&#8221;p\u00e4\u00e4toimittaja&#8221; image_url=&#8221;data:image\/svg+xml;base64,PHN2ZyB3aWR0aD0iNTAwIiBoZWlnaHQ9IjUwMCIgdmlld0JveD0iMCAwIDUwMCA1MDAiIHhtbG5zPSJodHRwOi8vd3d3LnczLm9yZy8yMDAwL3N2ZyI+CiAgICA8ZyBmaWxsPSJub25lIiBmaWxsLXJ1bGU9ImV2ZW5vZGQiPgogICAgICAgIDxwYXRoIGZpbGw9IiNFQkVCRUIiIGQ9Ik0wIDBoNTAwdjUwMEgweiIvPgogICAgICAgIDxyZWN0IGZpbGwtb3BhY2l0eT0iLjEiIGZpbGw9IiMwMDAiIHg9IjY4IiB5PSIzMDUiIHdpZHRoPSIzNjQiIGhlaWdodD0iNTY4IiByeD0iMTgyIi8+CiAgICAgICAgPGNpcmNsZSBmaWxsLW9wYWNpdHk9Ii4xIiBmaWxsPSIjMDAwIiBjeD0iMjQ5IiBjeT0iMTcyIiByPSIxMDAiLz4KICAgIDwvZz4KPC9zdmc+Cg==&#8221; _builder_version=&#8221;4.16&#8243; _module_preset=&#8221;default&#8221; header_font=&#8221;Staatliches||||||||&#8221; header_font_size=&#8221;20px&#8221; custom_margin=&#8221;-23px|0px|-11px|0px|false|false&#8221; custom_padding=&#8221;0px|0px|0px|0px|false|false&#8221; global_colors_info=&#8221;{}&#8221;]<\/p>\n<p><span>040-584 3527<\/span><br \/> <span>northwitch@kolumbus.fi<\/span><\/p>\n<p>[\/et_pb_team_member][\/et_pb_column][et_pb_column type=&#8221;3_4&#8243; specialty_columns=&#8221;3&#8243; _builder_version=&#8221;4.16&#8243; custom_padding=&#8221;|||&#8221; global_colors_info=&#8221;{}&#8221; custom_padding__hover=&#8221;|||&#8221;][et_pb_row_inner column_structure=&#8221;1_2,1_2&#8243; use_custom_gutter=&#8221;on&#8221; gutter_width=&#8221;1&#8243; custom_padding_last_edited=&#8221;on|desktop&#8221; _builder_version=&#8221;4.16&#8243; _module_preset=&#8221;default&#8221; module_alignment=&#8221;center&#8221; custom_margin=&#8221;|0px||0px|false|false&#8221; custom_padding=&#8221;0px|0px|10px|0px|false|true&#8221; custom_padding_tablet=&#8221;&#8221; custom_padding_phone=&#8221;&#8221; module_alignment_tablet=&#8221;&#8221; module_alignment_phone=&#8221;center&#8221; module_alignment_last_edited=&#8221;on|phone&#8221; global_colors_info=&#8221;{}&#8221;][et_pb_column_inner type=&#8221;1_2&#8243; saved_specialty_column_type=&#8221;3_4&#8243; _builder_version=&#8221;4.16&#8243; _module_preset=&#8221;default&#8221; custom_padding=&#8221;0px||0px||false|false&#8221; global_colors_info=&#8221;{}&#8221;][et_pb_text _builder_version=&#8221;4.16&#8243; _module_preset=&#8221;default&#8221; header_font=&#8221;Staatliches||||||||&#8221; header_font_size=&#8221;29px&#8221; background_color=&#8221;#d6d6d6&#8243; custom_margin=&#8221;5px|30px|5px|30px|true|true&#8221; custom_padding=&#8221;10px|30px|10px|30px|true|true&#8221; border_radii=&#8221;on|10px|10px|10px|10px&#8221; global_colors_info=&#8221;{}&#8221;]<\/p>\n<h1 style=\"text-align: left;\"><span>Aineiston toimitusajat<\/span><\/h1>\n<p><span>#1 maaliskuu &#8211; aineisto 28.2<\/span><br \/> <span>#2 kes\u00e4kuu &#8211; aineisto 30.5<\/span><br \/> <span>#3 syyskuu &#8211; aineisto 15.8<\/span><br \/> <span>#4 joulukuu &#8211; aineisto 15.11<\/span><\/p>\n<p><span><\/span><\/p>\n<p>[\/et_pb_text][et_pb_text _builder_version=&#8221;4.16&#8243; _module_preset=&#8221;default&#8221; header_font=&#8221;Staatliches||||||||&#8221; header_font_size=&#8221;29px&#8221; background_color=&#8221;#d6d6d6&#8243; custom_margin=&#8221;5px|30px|5px|30px|true|false&#8221; custom_padding=&#8221;10px|30px|10px|30px|true|false&#8221; border_radii=&#8221;on|10px|10px|10px|10px&#8221; global_colors_info=&#8221;{}&#8221;]<\/p>\n<h1 style=\"text-align: left;\"><span>Ilmoitushinnat<\/span><\/h1>\n<p style=\"text-align: left;\"><span>keskiaukeama 110 \u20ac<\/span><br \/><span>2\/1 sivu \u2013 2 x A4 80\u20ac<\/span><br \/><span>1\/1sivu \u2013 1 x A4 60 \u20ac<\/span><br \/><span>1\/2 sivua \u2013 \u00bd x A4 40 \u20ac<\/span><\/p>\n<p>Maksu yhdistyksen tilille:<br \/><strong>FI10 8000 1000 3591 59<\/strong><\/p>\n<p>K\u00e4yt\u00e4th\u00e4n maksaessasi viitenumeroa 2244<\/p>\n<p>[\/et_pb_text][\/et_pb_column_inner][et_pb_column_inner type=&#8221;1_2&#8243; saved_specialty_column_type=&#8221;3_4&#8243; _builder_version=&#8221;4.16&#8243; _module_preset=&#8221;default&#8221; custom_padding_tablet=&#8221;0px||0px|28px|false|false&#8221; custom_padding_phone=&#8221;|||30px|false|false&#8221; custom_padding_last_edited=&#8221;on|desktop&#8221; global_colors_info=&#8221;{}&#8221;][et_pb_text _builder_version=&#8221;4.16&#8243; _module_preset=&#8221;default&#8221; header_font=&#8221;Staatliches||||||||&#8221; header_font_size=&#8221;29px&#8221; background_color=&#8221;#d6d6d6&#8243; custom_margin=&#8221;5px|30px|5px|0px|false|false&#8221; custom_padding=&#8221;10px|30px|10px|30px|false|false&#8221; border_radii=&#8221;on|10px|10px|10px|10px&#8221; global_colors_info=&#8221;{}&#8221;]<\/p>\n<h1 style=\"text-align: left;\"><span>Taitto-ohje<\/span><\/h1>\n<p>PDF -muoto<br \/>3mm taittovara jokaiselle reunalle<\/p>\n<p><span>Lehden koko: A4<\/span><br \/><span>Painomenetelm\u00e4: Offset<\/span><br \/><span>Sidonta: Stiftattu <\/span><br \/><span>Taitto: Mekkala Tmi \/ Jarkko Kokkala<\/span><br \/><span>Painopaikka: <a href=\"https:\/\/kspaino.fi\/fi\/1\/Etusivu\">Keski-Suomen Painotuote<\/a><\/span><\/p>\n<p><span><strong>Painosm\u00e4\u00e4r\u00e4 1.000 kpl<\/strong><\/span><\/p>\n<p>[\/et_pb_text][\/et_pb_column_inner][\/et_pb_row_inner][\/et_pb_column][\/et_pb_section]<\/p>\n","protected":false},"excerpt":{"rendered":"<p>J\u00e4senetuna saat nelj\u00e4 kertaa vuodessa kotiisi yhdistyksen j\u00e4senlehden, joka on t\u00e4ynn\u00e4 mielenkiintoista ja norrimaista sis\u00e4lt\u00f6\u00e4!040-584 3527 northwitch@kolumbus.fiAineiston toimitusajat #1 maaliskuu &#8211; aineisto 28.2 #2 kes\u00e4kuu &#8211; aineisto 30.5 #3 syyskuu &#8211; aineisto 15.8 #4 joulukuu &#8211; aineisto 15.11 Ilmoitushinnat keskiaukeama 110 \u20ac2\/1 sivu \u2013 2 x A4 80\u20ac1\/1sivu \u2013 1 x A4 60 \u20ac1\/2 sivua [&hellip;]<\/p>\n","protected":false},"author":1,"featured_media":0,"parent":0,"menu_order":0,"comment_status":"closed","ping_status":"closed","template":"","meta":{"_et_pb_use_builder":"on","_et_pb_old_content":"<!-- wp:divi\/placeholder \/-->","_et_gb_content_width":"","footnotes":""},"class_list":["post-40","page","type-page","status-publish","hentry"],"yoast_head":"<!-- This site is optimized with the Yoast SEO plugin v25.5 - https:\/\/yoast.com\/wordpress\/plugins\/seo\/ -->\n<title>NN Uutiset - Suomen Norwichin- ja Norfolkinterrierit ry<\/title>\n<meta name=\"robots\" content=\"index, follow, max-snippet:-1, max-image-preview:large, max-video-preview:-1\" \/>\n<link rel=\"canonical\" href=\"https:\/\/www.nnterrierit.fi\/?page_id=40\" \/>\n<meta property=\"og:locale\" content=\"en_US\" \/>\n<meta property=\"og:type\" content=\"article\" \/>\n<meta property=\"og:title\" content=\"NN Uutiset - Suomen Norwichin- ja Norfolkinterrierit ry\" \/>\n<meta property=\"og:description\" content=\"J\u00e4senetuna saat nelj\u00e4 kertaa vuodessa kotiisi yhdistyksen j\u00e4senlehden, joka on t\u00e4ynn\u00e4 mielenkiintoista ja norrimaista sis\u00e4lt\u00f6\u00e4!040-584 3527 northwitch@kolumbus.fiAineiston toimitusajat #1 maaliskuu - aineisto 28.2 #2 kes\u00e4kuu - aineisto 30.5 #3 syyskuu - aineisto 15.8 #4 joulukuu - aineisto 15.11 Ilmoitushinnat keskiaukeama 110 \u20ac2\/1 sivu \u2013 2 x A4 80\u20ac1\/1sivu \u2013 1 x A4 60 \u20ac1\/2 sivua [&hellip;]\" \/>\n<meta property=\"og:url\" content=\"https:\/\/www.nnterrierit.fi\/?page_id=40\" \/>\n<meta property=\"og:site_name\" content=\"Suomen Norwichin- ja Norfolkinterrierit ry\" \/>\n<meta property=\"article:modified_time\" content=\"2026-04-16T14:48:28+00:00\" \/>\n<meta name=\"twitter:card\" content=\"summary_large_image\" \/>\n<meta name=\"twitter:label1\" content=\"Est. reading time\" \/>\n\t<meta name=\"twitter:data1\" content=\"3 minutes\" \/>\n<script type=\"application\/ld+json\" class=\"yoast-schema-graph\">{\"@context\":\"https:\/\/schema.org\",\"@graph\":[{\"@type\":\"WebPage\",\"@id\":\"https:\/\/www.nnterrierit.fi\/?page_id=40\",\"url\":\"https:\/\/www.nnterrierit.fi\/?page_id=40\",\"name\":\"NN Uutiset - Suomen Norwichin- ja Norfolkinterrierit ry\",\"isPartOf\":{\"@id\":\"https:\/\/www.nnterrierit.fi\/#website\"},\"datePublished\":\"2020-11-29T11:17:15+00:00\",\"dateModified\":\"2026-04-16T14:48:28+00:00\",\"breadcrumb\":{\"@id\":\"https:\/\/www.nnterrierit.fi\/?page_id=40#breadcrumb\"},\"inLanguage\":\"en\",\"potentialAction\":[{\"@type\":\"ReadAction\",\"target\":[\"https:\/\/www.nnterrierit.fi\/?page_id=40\"]}]},{\"@type\":\"BreadcrumbList\",\"@id\":\"https:\/\/www.nnterrierit.fi\/?page_id=40#breadcrumb\",\"itemListElement\":[{\"@type\":\"ListItem\",\"position\":1,\"name\":\"Home\",\"item\":\"https:\/\/www.nnterrierit.fi\/\"},{\"@type\":\"ListItem\",\"position\":2,\"name\":\"NN Uutiset\"}]},{\"@type\":\"WebSite\",\"@id\":\"https:\/\/www.nnterrierit.fi\/#website\",\"url\":\"https:\/\/www.nnterrierit.fi\/\",\"name\":\"Suomen Norwichin- ja Norfolkinterrierit ry\",\"description\":\"\",\"potentialAction\":[{\"@type\":\"SearchAction\",\"target\":{\"@type\":\"EntryPoint\",\"urlTemplate\":\"https:\/\/www.nnterrierit.fi\/?s={search_term_string}\"},\"query-input\":{\"@type\":\"PropertyValueSpecification\",\"valueRequired\":true,\"valueName\":\"search_term_string\"}}],\"inLanguage\":\"en\"}]}<\/script>\n<!-- \/ Yoast SEO plugin. -->","yoast_head_json":{"title":"NN Uutiset - Suomen Norwichin- ja Norfolkinterrierit ry","robots":{"index":"index","follow":"follow","max-snippet":"max-snippet:-1","max-image-preview":"max-image-preview:large","max-video-preview":"max-video-preview:-1"},"canonical":"https:\/\/www.nnterrierit.fi\/?page_id=40","og_locale":"en_US","og_type":"article","og_title":"NN Uutiset - Suomen Norwichin- ja Norfolkinterrierit ry","og_description":"J\u00e4senetuna saat nelj\u00e4 kertaa vuodessa kotiisi yhdistyksen j\u00e4senlehden, joka on t\u00e4ynn\u00e4 mielenkiintoista ja norrimaista sis\u00e4lt\u00f6\u00e4!040-584 3527 northwitch@kolumbus.fiAineiston toimitusajat #1 maaliskuu - aineisto 28.2 #2 kes\u00e4kuu - aineisto 30.5 #3 syyskuu - aineisto 15.8 #4 joulukuu - aineisto 15.11 Ilmoitushinnat keskiaukeama 110 \u20ac2\/1 sivu \u2013 2 x A4 80\u20ac1\/1sivu \u2013 1 x A4 60 \u20ac1\/2 sivua [&hellip;]","og_url":"https:\/\/www.nnterrierit.fi\/?page_id=40","og_site_name":"Suomen Norwichin- ja Norfolkinterrierit ry","article_modified_time":"2026-04-16T14:48:28+00:00","twitter_card":"summary_large_image","twitter_misc":{"Est. reading time":"3 minutes"},"schema":{"@context":"https:\/\/schema.org","@graph":[{"@type":"WebPage","@id":"https:\/\/www.nnterrierit.fi\/?page_id=40","url":"https:\/\/www.nnterrierit.fi\/?page_id=40","name":"NN Uutiset - Suomen Norwichin- ja Norfolkinterrierit ry","isPartOf":{"@id":"https:\/\/www.nnterrierit.fi\/#website"},"datePublished":"2020-11-29T11:17:15+00:00","dateModified":"2026-04-16T14:48:28+00:00","breadcrumb":{"@id":"https:\/\/www.nnterrierit.fi\/?page_id=40#breadcrumb"},"inLanguage":"en","potentialAction":[{"@type":"ReadAction","target":["https:\/\/www.nnterrierit.fi\/?page_id=40"]}]},{"@type":"BreadcrumbList","@id":"https:\/\/www.nnterrierit.fi\/?page_id=40#breadcrumb","itemListElement":[{"@type":"ListItem","position":1,"name":"Home","item":"https:\/\/www.nnterrierit.fi\/"},{"@type":"ListItem","position":2,"name":"NN Uutiset"}]},{"@type":"WebSite","@id":"https:\/\/www.nnterrierit.fi\/#website","url":"https:\/\/www.nnterrierit.fi\/","name":"Suomen Norwichin- ja Norfolkinterrierit ry","description":"","potentialAction":[{"@type":"SearchAction","target":{"@type":"EntryPoint","urlTemplate":"https:\/\/www.nnterrierit.fi\/?s={search_term_string}"},"query-input":{"@type":"PropertyValueSpecification","valueRequired":true,"valueName":"search_term_string"}}],"inLanguage":"en"}]}},"_links":{"self":[{"href":"https:\/\/www.nnterrierit.fi\/index.php?rest_route=\/wp\/v2\/pages\/40","targetHints":{"allow":["GET"]}}],"collection":[{"href":"https:\/\/www.nnterrierit.fi\/index.php?rest_route=\/wp\/v2\/pages"}],"about":[{"href":"https:\/\/www.nnterrierit.fi\/index.php?rest_route=\/wp\/v2\/types\/page"}],"author":[{"embeddable":true,"href":"https:\/\/www.nnterrierit.fi\/index.php?rest_route=\/wp\/v2\/users\/1"}],"replies":[{"embeddable":true,"href":"https:\/\/www.nnterrierit.fi\/index.php?rest_route=%2Fwp%2Fv2%2Fcomments&post=40"}],"version-history":[{"count":16,"href":"https:\/\/www.nnterrierit.fi\/index.php?rest_route=\/wp\/v2\/pages\/40\/revisions"}],"predecessor-version":[{"id":2150,"href":"https:\/\/www.nnterrierit.fi\/index.php?rest_route=\/wp\/v2\/pages\/40\/revisions\/2150"}],"wp:attachment":[{"href":"https:\/\/www.nnterrierit.fi\/index.php?rest_route=%2Fwp%2Fv2%2Fmedia&parent=40"}],"curies":[{"name":"wp","href":"https:\/\/api.w.org\/{rel}","templated":true}]}}