{"id":1904,"date":"2025-08-12T15:22:40","date_gmt":"2025-08-12T15:22:40","guid":{"rendered":"https:\/\/www.nnterrierit.fi\/?page_id=1904"},"modified":"2026-01-28T07:22:56","modified_gmt":"2026-01-28T07:22:56","slug":"book-of-champions","status":"publish","type":"page","link":"https:\/\/www.nnterrierit.fi\/?page_id=1904","title":{"rendered":"Book Of Champions"},"content":{"rendered":"<p>[et_pb_section fb_built=&#8221;1&#8243; fullwidth=&#8221;on&#8221; _builder_version=&#8221;4.16&#8243; _module_preset=&#8221;default&#8221; background_image=&#8221;http:\/\/wp5.louhi.net\/~nnterrie\/wp-content\/uploads\/2021\/03\/IMG_0107-\u2013-kopio-scaled.jpg&#8221; background_size=&#8221;initial&#8221; global_colors_info=&#8221;{}&#8221;][et_pb_fullwidth_header _builder_version=&#8221;4.27.4&#8243; _module_preset=&#8221;default&#8221; title_font=&#8221;Staatliches||||||||&#8221; title_font_size=&#8221;41px&#8221; background_color=&#8221;#8a8a8a&#8221; background_image=&#8221;https:\/\/www.nnterrierit.fi\/wp-content\/uploads\/2025\/08\/MG_3196-2.jpg&#8221; background_position=&#8221;bottom_center&#8221; background_vertical_offset=&#8221;57%&#8221; height=&#8221;369px&#8221; custom_margin=&#8221;0px||||false|false&#8221; custom_padding=&#8221;205px||0px||false|false&#8221; global_colors_info=&#8221;{}&#8221;][\/et_pb_fullwidth_header][\/et_pb_section][et_pb_section fb_built=&#8221;1&#8243; _builder_version=&#8221;4.16&#8243; _module_preset=&#8221;default&#8221; global_colors_info=&#8221;{}&#8221;][et_pb_row column_structure=&#8221;1_2,1_2&#8243; _builder_version=&#8221;4.16&#8243; _module_preset=&#8221;default&#8221; global_colors_info=&#8221;{}&#8221;][et_pb_column type=&#8221;1_2&#8243; _builder_version=&#8221;4.16&#8243; _module_preset=&#8221;default&#8221; global_colors_info=&#8221;{}&#8221;][et_pb_text _builder_version=&#8221;4.27.4&#8243; _module_preset=&#8221;default&#8221; header_font=&#8221;Staatliches||||||||&#8221; global_colors_info=&#8221;{}&#8221;]<\/p>\n<h1 style=\"text-align: left;\">Book of champions<\/h1>\n<p>[\/et_pb_text][et_pb_text _builder_version=&#8221;4.16&#8243; _module_preset=&#8221;default&#8221; text_font_size=&#8221;16px&#8221; header_2_font=&#8221;Staatliches||||||||&#8221; global_colors_info=&#8221;{}&#8221;]<\/p>\n<p><span style=\"font-size: 16px;\">Historiallinen galleria <\/span><span style=\"font-size: 16px;\">suomalaisista <\/span><span style=\"font-size: 16px;\">norwichin<\/span><span style=\"font-size: 16px;\">&#8211; ja <\/span><span style=\"font-size: 16px;\">norfolkinterrierivalioista<\/span><span style=\"font-size: 16px;\"> vuodesta 1965 ja 1971 l\u00e4htien <\/span><span style=\"font-size: 16px;\">nykyp\u00e4iv\u00e4\u00e4n.<\/span><span style=\"font-size: 16px;\"> Kirjassa ovat molemmat rodut.<\/span><\/p>\n<p><span>Kirjassa on esitelty yli 600 muotovaliota kuvan, sukutaulun ja mahdollisten terveystutkimustulosten kera. <\/span><span>Se on kattava katselmus <\/span><span>siihen, miten rodut ovat Suomessa kehittyneet kuuden vuosikymmenen aikana.<\/span><span> <\/span><\/p>\n<p><span><strong>Tilausohje:<\/strong><br \/>Tilaukset osoitteeseen <a href=\"mailto:taloudenhoitaja@nnterrierit.fi\">taloudenhoitaja@nnterrierit.fi<\/a><\/span><a href=\"mailto:nnvaliokirja@gmail.com\"><span class=\"s2\"><\/span><\/a><span>, <\/span><span>tilattavan m\u00e4\u00e4r\u00e4n ja kuittikopion kera.<\/span><\/p>\n<p><strong>Hinta: 30\u20ac\u00a0 + postikulut<\/strong><br \/>Postikulut yhdelle kirjalle: 10\u20ac\u00a0<br \/>Postikulut 2-3 kirjalle: 12\u20ac<br \/>Isommista toimituksista sovitaan erikseen.<\/p>\n<p><span><strong>Tilitiedot<\/strong><br \/>Suomen <\/span><span>Norwichin<\/span><span>&#8211; ja <\/span><span>Norfolkinterrierit<\/span><span> ry.<br \/>FI10 8000 1000 3591 59<br \/><\/span><span style=\"font-size: 16px;\">Viite: 9878<\/span>\u00a0<\/p>\n<p>Kirjoja on t\u00e4ll\u00e4 hetkell\u00e4 my\u00f6s Turussa ja P\u00e4lk\u00e4neell\u00e4 &#8211; halutessasi kysy tilauksen yhteydess\u00e4 noutomahdollisuuksista!<\/p>\n<p><strong>For international orders please email <a href=\"mailto:nnterrierit@gmail.com\">nnvaliokirja@gmail.com<\/a> and we check the best postage option!<\/strong><\/p>\n<p>[\/et_pb_text][et_pb_button button_url=&#8221;@ET-DC@eyJkeW5hbWljIjp0cnVlLCJjb250ZW50IjoicG9zdF9saW5rX3VybF9wYWdlIiwic2V0dGluZ3MiOnsicG9zdF9pZCI6IjE5MTUifX0=@&#8221; button_text=&#8221;Korjaukset \/ Corrections&#8221; _builder_version=&#8221;4.27.4&#8243; _dynamic_attributes=&#8221;button_url&#8221; _module_preset=&#8221;default&#8221; custom_button=&#8221;on&#8221; button_text_color=&#8221;#000000&#8243; button_bg_color=&#8221;RGBA(255,255,255,0)&#8221; button_border_width=&#8221;2px&#8221; button_border_color=&#8221;#000000&#8243; button_font=&#8221;Staatliches|&#8211;et_global_body_font_weight|||||||&#8221; global_colors_info=&#8221;{}&#8221;][\/et_pb_button][\/et_pb_column][et_pb_column type=&#8221;1_2&#8243; _builder_version=&#8221;4.16&#8243; _module_preset=&#8221;default&#8221; global_colors_info=&#8221;{}&#8221;][et_pb_image src=&#8221;https:\/\/www.nnterrierit.fi\/wp-content\/uploads\/2025\/08\/MG_3201-scaled.jpg&#8221; title_text=&#8221;_MG_3201&#8243; _builder_version=&#8221;4.27.4&#8243; _module_preset=&#8221;default&#8221; global_colors_info=&#8221;{}&#8221;][\/et_pb_image][et_pb_image src=&#8221;https:\/\/www.nnterrierit.fi\/wp-content\/uploads\/2025\/08\/MG_3203-scaled.jpg&#8221; title_text=&#8221;_MG_3203&#8243; _builder_version=&#8221;4.27.4&#8243; _module_preset=&#8221;default&#8221; global_colors_info=&#8221;{}&#8221;][\/et_pb_image][\/et_pb_column][\/et_pb_row][\/et_pb_section]<\/p>\n","protected":false},"excerpt":{"rendered":"<p>Book of championsHistoriallinen galleria suomalaisista norwichin- ja norfolkinterrierivalioista vuodesta 1965 ja 1971 l\u00e4htien nykyp\u00e4iv\u00e4\u00e4n. Kirjassa ovat molemmat rodut. Kirjassa on esitelty yli 600 muotovaliota kuvan, sukutaulun ja mahdollisten terveystutkimustulosten kera. Se on kattava katselmus siihen, miten rodut ovat Suomessa kehittyneet kuuden vuosikymmenen aikana. Tilausohje:Tilaukset osoitteeseen taloudenhoitaja@nnterrierit.fi, tilattavan m\u00e4\u00e4r\u00e4n ja kuittikopion kera. Hinta: 30\u20ac\u00a0 + postikulutPostikulut [&hellip;]<\/p>\n","protected":false},"author":1,"featured_media":0,"parent":0,"menu_order":0,"comment_status":"closed","ping_status":"closed","template":"","meta":{"_et_pb_use_builder":"on","_et_pb_old_content":"","_et_gb_content_width":"","footnotes":""},"class_list":["post-1904","page","type-page","status-publish","hentry"],"yoast_head":"<!-- This site is optimized with the Yoast SEO plugin v25.5 - https:\/\/yoast.com\/wordpress\/plugins\/seo\/ -->\n<title>Book Of Champions - Suomen Norwichin- ja Norfolkinterrierit ry<\/title>\n<meta name=\"robots\" content=\"index, follow, max-snippet:-1, max-image-preview:large, max-video-preview:-1\" \/>\n<link rel=\"canonical\" href=\"https:\/\/www.nnterrierit.fi\/?page_id=1904\" \/>\n<meta property=\"og:locale\" content=\"en_US\" \/>\n<meta property=\"og:type\" content=\"article\" \/>\n<meta property=\"og:title\" content=\"Book Of Champions - Suomen Norwichin- ja Norfolkinterrierit ry\" \/>\n<meta property=\"og:description\" content=\"Book of championsHistoriallinen galleria suomalaisista norwichin- ja norfolkinterrierivalioista vuodesta 1965 ja 1971 l\u00e4htien nykyp\u00e4iv\u00e4\u00e4n. Kirjassa ovat molemmat rodut. Kirjassa on esitelty yli 600 muotovaliota kuvan, sukutaulun ja mahdollisten terveystutkimustulosten kera. Se on kattava katselmus siihen, miten rodut ovat Suomessa kehittyneet kuuden vuosikymmenen aikana. Tilausohje:Tilaukset osoitteeseen taloudenhoitaja@nnterrierit.fi, tilattavan m\u00e4\u00e4r\u00e4n ja kuittikopion kera. Hinta: 30\u20ac\u00a0 + postikulutPostikulut [&hellip;]\" \/>\n<meta property=\"og:url\" content=\"https:\/\/www.nnterrierit.fi\/?page_id=1904\" \/>\n<meta property=\"og:site_name\" content=\"Suomen Norwichin- ja Norfolkinterrierit ry\" \/>\n<meta property=\"article:modified_time\" content=\"2026-01-28T07:22:56+00:00\" \/>\n<meta name=\"twitter:card\" content=\"summary_large_image\" \/>\n<script type=\"application\/ld+json\" class=\"yoast-schema-graph\">{\"@context\":\"https:\/\/schema.org\",\"@graph\":[{\"@type\":\"WebPage\",\"@id\":\"https:\/\/www.nnterrierit.fi\/?page_id=1904\",\"url\":\"https:\/\/www.nnterrierit.fi\/?page_id=1904\",\"name\":\"Book Of Champions - Suomen Norwichin- ja Norfolkinterrierit ry\",\"isPartOf\":{\"@id\":\"https:\/\/www.nnterrierit.fi\/#website\"},\"datePublished\":\"2025-08-12T15:22:40+00:00\",\"dateModified\":\"2026-01-28T07:22:56+00:00\",\"breadcrumb\":{\"@id\":\"https:\/\/www.nnterrierit.fi\/?page_id=1904#breadcrumb\"},\"inLanguage\":\"en\",\"potentialAction\":[{\"@type\":\"ReadAction\",\"target\":[\"https:\/\/www.nnterrierit.fi\/?page_id=1904\"]}]},{\"@type\":\"BreadcrumbList\",\"@id\":\"https:\/\/www.nnterrierit.fi\/?page_id=1904#breadcrumb\",\"itemListElement\":[{\"@type\":\"ListItem\",\"position\":1,\"name\":\"Home\",\"item\":\"https:\/\/www.nnterrierit.fi\/\"},{\"@type\":\"ListItem\",\"position\":2,\"name\":\"Book Of Champions\"}]},{\"@type\":\"WebSite\",\"@id\":\"https:\/\/www.nnterrierit.fi\/#website\",\"url\":\"https:\/\/www.nnterrierit.fi\/\",\"name\":\"Suomen Norwichin- ja Norfolkinterrierit ry\",\"description\":\"\",\"potentialAction\":[{\"@type\":\"SearchAction\",\"target\":{\"@type\":\"EntryPoint\",\"urlTemplate\":\"https:\/\/www.nnterrierit.fi\/?s={search_term_string}\"},\"query-input\":{\"@type\":\"PropertyValueSpecification\",\"valueRequired\":true,\"valueName\":\"search_term_string\"}}],\"inLanguage\":\"en\"}]}<\/script>\n<!-- \/ Yoast SEO plugin. -->","yoast_head_json":{"title":"Book Of Champions - Suomen Norwichin- ja Norfolkinterrierit ry","robots":{"index":"index","follow":"follow","max-snippet":"max-snippet:-1","max-image-preview":"max-image-preview:large","max-video-preview":"max-video-preview:-1"},"canonical":"https:\/\/www.nnterrierit.fi\/?page_id=1904","og_locale":"en_US","og_type":"article","og_title":"Book Of Champions - Suomen Norwichin- ja Norfolkinterrierit ry","og_description":"Book of championsHistoriallinen galleria suomalaisista norwichin- ja norfolkinterrierivalioista vuodesta 1965 ja 1971 l\u00e4htien nykyp\u00e4iv\u00e4\u00e4n. Kirjassa ovat molemmat rodut. Kirjassa on esitelty yli 600 muotovaliota kuvan, sukutaulun ja mahdollisten terveystutkimustulosten kera. Se on kattava katselmus siihen, miten rodut ovat Suomessa kehittyneet kuuden vuosikymmenen aikana. Tilausohje:Tilaukset osoitteeseen taloudenhoitaja@nnterrierit.fi, tilattavan m\u00e4\u00e4r\u00e4n ja kuittikopion kera. Hinta: 30\u20ac\u00a0 + postikulutPostikulut [&hellip;]","og_url":"https:\/\/www.nnterrierit.fi\/?page_id=1904","og_site_name":"Suomen Norwichin- ja Norfolkinterrierit ry","article_modified_time":"2026-01-28T07:22:56+00:00","twitter_card":"summary_large_image","schema":{"@context":"https:\/\/schema.org","@graph":[{"@type":"WebPage","@id":"https:\/\/www.nnterrierit.fi\/?page_id=1904","url":"https:\/\/www.nnterrierit.fi\/?page_id=1904","name":"Book Of Champions - Suomen Norwichin- ja Norfolkinterrierit ry","isPartOf":{"@id":"https:\/\/www.nnterrierit.fi\/#website"},"datePublished":"2025-08-12T15:22:40+00:00","dateModified":"2026-01-28T07:22:56+00:00","breadcrumb":{"@id":"https:\/\/www.nnterrierit.fi\/?page_id=1904#breadcrumb"},"inLanguage":"en","potentialAction":[{"@type":"ReadAction","target":["https:\/\/www.nnterrierit.fi\/?page_id=1904"]}]},{"@type":"BreadcrumbList","@id":"https:\/\/www.nnterrierit.fi\/?page_id=1904#breadcrumb","itemListElement":[{"@type":"ListItem","position":1,"name":"Home","item":"https:\/\/www.nnterrierit.fi\/"},{"@type":"ListItem","position":2,"name":"Book Of Champions"}]},{"@type":"WebSite","@id":"https:\/\/www.nnterrierit.fi\/#website","url":"https:\/\/www.nnterrierit.fi\/","name":"Suomen Norwichin- ja Norfolkinterrierit ry","description":"","potentialAction":[{"@type":"SearchAction","target":{"@type":"EntryPoint","urlTemplate":"https:\/\/www.nnterrierit.fi\/?s={search_term_string}"},"query-input":{"@type":"PropertyValueSpecification","valueRequired":true,"valueName":"search_term_string"}}],"inLanguage":"en"}]}},"_links":{"self":[{"href":"https:\/\/www.nnterrierit.fi\/index.php?rest_route=\/wp\/v2\/pages\/1904","targetHints":{"allow":["GET"]}}],"collection":[{"href":"https:\/\/www.nnterrierit.fi\/index.php?rest_route=\/wp\/v2\/pages"}],"about":[{"href":"https:\/\/www.nnterrierit.fi\/index.php?rest_route=\/wp\/v2\/types\/page"}],"author":[{"embeddable":true,"href":"https:\/\/www.nnterrierit.fi\/index.php?rest_route=\/wp\/v2\/users\/1"}],"replies":[{"embeddable":true,"href":"https:\/\/www.nnterrierit.fi\/index.php?rest_route=%2Fwp%2Fv2%2Fcomments&post=1904"}],"version-history":[{"count":7,"href":"https:\/\/www.nnterrierit.fi\/index.php?rest_route=\/wp\/v2\/pages\/1904\/revisions"}],"predecessor-version":[{"id":2071,"href":"https:\/\/www.nnterrierit.fi\/index.php?rest_route=\/wp\/v2\/pages\/1904\/revisions\/2071"}],"wp:attachment":[{"href":"https:\/\/www.nnterrierit.fi\/index.php?rest_route=%2Fwp%2Fv2%2Fmedia&parent=1904"}],"curies":[{"name":"wp","href":"https:\/\/api.w.org\/{rel}","templated":true}]}}