{"id":1509,"date":"2024-03-27T15:23:10","date_gmt":"2024-03-27T15:23:10","guid":{"rendered":"https:\/\/www.nnterrierit.fi\/?page_id=1509"},"modified":"2026-04-16T15:12:35","modified_gmt":"2026-04-16T15:12:35","slug":"1509-2","status":"publish","type":"page","link":"https:\/\/www.nnterrierit.fi\/?page_id=1509","title":{"rendered":"Syd\u00e4nultratutkimus"},"content":{"rendered":"<p>[et_pb_section fb_built=&#8221;1&#8243; fullwidth=&#8221;on&#8221; _builder_version=&#8221;4.16&#8243; _module_preset=&#8221;default&#8221; global_colors_info=&#8221;{}&#8221;][et_pb_fullwidth_header title=&#8221;Syd\u00e4nultratutkimus&#8221; _builder_version=&#8221;4.16&#8243; _module_preset=&#8221;default&#8221; title_font=&#8221;Staatliches||||||||&#8221; title_font_size=&#8221;42px&#8221; content_font_size=&#8221;24px&#8221; background_image=&#8221;http:\/\/wp5.louhi.net\/~nnterrie\/wp-content\/uploads\/2021\/02\/image00042.jpeg&#8221; height=&#8221;600px&#8221; custom_padding=&#8221;200px||||false|false&#8221; custom_padding_tablet=&#8221;200px||||false|false&#8221; custom_padding_phone=&#8221;&#8221; custom_padding_last_edited=&#8221;on|desktop&#8221; global_colors_info=&#8221;{}&#8221;][\/et_pb_fullwidth_header][\/et_pb_section][et_pb_section fb_built=&#8221;1&#8243; _builder_version=&#8221;4.16&#8243; _module_preset=&#8221;default&#8221; global_colors_info=&#8221;{}&#8221;][et_pb_row _builder_version=&#8221;4.16&#8243; _module_preset=&#8221;default&#8221; custom_padding=&#8221;0px||||false|false&#8221; global_colors_info=&#8221;{}&#8221;][et_pb_column type=&#8221;4_4&#8243; _builder_version=&#8221;4.16&#8243; _module_preset=&#8221;default&#8221; global_colors_info=&#8221;{}&#8221;][et_pb_text _builder_version=&#8221;4.24.2&#8243; _module_preset=&#8221;default&#8221; text_font_size=&#8221;16px&#8221; header_2_font=&#8221;Staatliches||||||||&#8221; global_colors_info=&#8221;{}&#8221;]<\/p>\n<h2>Norfolkinterrierin syd\u00e4nultratutkimukset ovat k\u00e4ynnistyneet<\/h2>\n<p>&nbsp;<\/p>\n<p>Tutkimukset tehd\u00e4\u00e4n joukkotutkimuksina El\u00e4inklinikka Oivassa, osoite Keisarinviitta 13, 33960 Pirkkala. Tutkimuksen hinta on 262 \u20ac.<\/p>\n<p>Tutkimusta tehd\u00e4\u00e4n norfolkinterriereill\u00e4 ilmenev\u00e4n l\u00e4pp\u00e4vian kartoittamiseksi ja t\u00e4st\u00e4 syyst\u00e4 viisi-vuotiaille koirille tai sit\u00e4 vanhemmille yhdistys maksaa 85 euron korvauksen tutkimuskuluista.<\/p>\n<p>Alle viisivuotiaat koirat ovat my\u00f6s tervetulleita, mutta silloin omistajat maksavat tutkimuksesta 262 \u20ac.<\/p>\n<p>Seuraavat tutkimusp\u00e4iv\u00e4t ovat:<\/p>\n<p>12.4.24 klo 9:00 alkaen, max 8 koiraa<br \/>20.4.2424 klo 10.00 alkaen, max 5-6 koiraa<\/p>\n<p>[\/et_pb_text][et_pb_text _builder_version=&#8221;4.27.4&#8243; _module_preset=&#8221;default&#8221; text_font_size=&#8221;16px&#8221; header_font=&#8221;Staatliches||||||||&#8221; custom_margin=&#8221;0px||||false|false&#8221; custom_padding=&#8221;0px||||false|false&#8221; hover_enabled=&#8221;0&#8243; global_colors_info=&#8221;{}&#8221; sticky_enabled=&#8221;0&#8243; locked=&#8221;off&#8221;]<\/p>\n<h1>Ilmoita koirASI TUTKIMUSJONOON<\/h1>\n<p><span>Lomakkeet ovat t\u00e4ll\u00e4 hetkell\u00e4 uudistumassa!<\/span><br \/><span>Tiedustelut aiheesta: <a href=\"mailto:jalostustoimikunta@nnterrierit.fi\">jalostustoimikunta@nnterrierit.fi<\/a><\/span><\/p>\n<p>[\/et_pb_text][\/et_pb_column][\/et_pb_row][\/et_pb_section]<\/p>\n","protected":false},"excerpt":{"rendered":"<p>Norfolkinterrierin syd\u00e4nultratutkimukset ovat k\u00e4ynnistyneet &nbsp; Tutkimukset tehd\u00e4\u00e4n joukkotutkimuksina El\u00e4inklinikka Oivassa, osoite Keisarinviitta 13, 33960 Pirkkala. Tutkimuksen hinta on 262 \u20ac. Tutkimusta tehd\u00e4\u00e4n norfolkinterriereill\u00e4 ilmenev\u00e4n l\u00e4pp\u00e4vian kartoittamiseksi ja t\u00e4st\u00e4 syyst\u00e4 viisi-vuotiaille koirille tai sit\u00e4 vanhemmille yhdistys maksaa 85 euron korvauksen tutkimuskuluista. Alle viisivuotiaat koirat ovat my\u00f6s tervetulleita, mutta silloin omistajat maksavat tutkimuksesta 262 \u20ac. Seuraavat tutkimusp\u00e4iv\u00e4t [&hellip;]<\/p>\n","protected":false},"author":1,"featured_media":0,"parent":0,"menu_order":0,"comment_status":"closed","ping_status":"closed","template":"","meta":{"_et_pb_use_builder":"on","_et_pb_old_content":"","_et_gb_content_width":"","footnotes":""},"class_list":["post-1509","page","type-page","status-publish","hentry"],"yoast_head":"<!-- This site is optimized with the Yoast SEO plugin v25.5 - https:\/\/yoast.com\/wordpress\/plugins\/seo\/ -->\n<title>Syd\u00e4nultratutkimus - Suomen Norwichin- ja Norfolkinterrierit ry<\/title>\n<meta name=\"robots\" content=\"index, follow, max-snippet:-1, max-image-preview:large, max-video-preview:-1\" \/>\n<link rel=\"canonical\" href=\"https:\/\/www.nnterrierit.fi\/?page_id=1509\" \/>\n<meta property=\"og:locale\" content=\"en_US\" \/>\n<meta property=\"og:type\" content=\"article\" \/>\n<meta property=\"og:title\" content=\"Syd\u00e4nultratutkimus - Suomen Norwichin- ja Norfolkinterrierit ry\" \/>\n<meta property=\"og:description\" content=\"Norfolkinterrierin syd\u00e4nultratutkimukset ovat k\u00e4ynnistyneet &nbsp; Tutkimukset tehd\u00e4\u00e4n joukkotutkimuksina El\u00e4inklinikka Oivassa, osoite Keisarinviitta 13, 33960 Pirkkala. Tutkimuksen hinta on 262 \u20ac. Tutkimusta tehd\u00e4\u00e4n norfolkinterriereill\u00e4 ilmenev\u00e4n l\u00e4pp\u00e4vian kartoittamiseksi ja t\u00e4st\u00e4 syyst\u00e4 viisi-vuotiaille koirille tai sit\u00e4 vanhemmille yhdistys maksaa 85 euron korvauksen tutkimuskuluista. Alle viisivuotiaat koirat ovat my\u00f6s tervetulleita, mutta silloin omistajat maksavat tutkimuksesta 262 \u20ac. Seuraavat tutkimusp\u00e4iv\u00e4t [&hellip;]\" \/>\n<meta property=\"og:url\" content=\"https:\/\/www.nnterrierit.fi\/?page_id=1509\" \/>\n<meta property=\"og:site_name\" content=\"Suomen Norwichin- ja Norfolkinterrierit ry\" \/>\n<meta property=\"article:modified_time\" content=\"2026-04-16T15:12:35+00:00\" \/>\n<meta name=\"twitter:card\" content=\"summary_large_image\" \/>\n<script type=\"application\/ld+json\" class=\"yoast-schema-graph\">{\"@context\":\"https:\/\/schema.org\",\"@graph\":[{\"@type\":\"WebPage\",\"@id\":\"https:\/\/www.nnterrierit.fi\/?page_id=1509\",\"url\":\"https:\/\/www.nnterrierit.fi\/?page_id=1509\",\"name\":\"Syd\u00e4nultratutkimus - Suomen Norwichin- ja Norfolkinterrierit ry\",\"isPartOf\":{\"@id\":\"https:\/\/www.nnterrierit.fi\/#website\"},\"datePublished\":\"2024-03-27T15:23:10+00:00\",\"dateModified\":\"2026-04-16T15:12:35+00:00\",\"breadcrumb\":{\"@id\":\"https:\/\/www.nnterrierit.fi\/?page_id=1509#breadcrumb\"},\"inLanguage\":\"en\",\"potentialAction\":[{\"@type\":\"ReadAction\",\"target\":[\"https:\/\/www.nnterrierit.fi\/?page_id=1509\"]}]},{\"@type\":\"BreadcrumbList\",\"@id\":\"https:\/\/www.nnterrierit.fi\/?page_id=1509#breadcrumb\",\"itemListElement\":[{\"@type\":\"ListItem\",\"position\":1,\"name\":\"Home\",\"item\":\"https:\/\/www.nnterrierit.fi\/\"},{\"@type\":\"ListItem\",\"position\":2,\"name\":\"Syd\u00e4nultratutkimus\"}]},{\"@type\":\"WebSite\",\"@id\":\"https:\/\/www.nnterrierit.fi\/#website\",\"url\":\"https:\/\/www.nnterrierit.fi\/\",\"name\":\"Suomen Norwichin- ja Norfolkinterrierit ry\",\"description\":\"\",\"potentialAction\":[{\"@type\":\"SearchAction\",\"target\":{\"@type\":\"EntryPoint\",\"urlTemplate\":\"https:\/\/www.nnterrierit.fi\/?s={search_term_string}\"},\"query-input\":{\"@type\":\"PropertyValueSpecification\",\"valueRequired\":true,\"valueName\":\"search_term_string\"}}],\"inLanguage\":\"en\"}]}<\/script>\n<!-- \/ Yoast SEO plugin. -->","yoast_head_json":{"title":"Syd\u00e4nultratutkimus - Suomen Norwichin- ja Norfolkinterrierit ry","robots":{"index":"index","follow":"follow","max-snippet":"max-snippet:-1","max-image-preview":"max-image-preview:large","max-video-preview":"max-video-preview:-1"},"canonical":"https:\/\/www.nnterrierit.fi\/?page_id=1509","og_locale":"en_US","og_type":"article","og_title":"Syd\u00e4nultratutkimus - Suomen Norwichin- ja Norfolkinterrierit ry","og_description":"Norfolkinterrierin syd\u00e4nultratutkimukset ovat k\u00e4ynnistyneet &nbsp; Tutkimukset tehd\u00e4\u00e4n joukkotutkimuksina El\u00e4inklinikka Oivassa, osoite Keisarinviitta 13, 33960 Pirkkala. Tutkimuksen hinta on 262 \u20ac. Tutkimusta tehd\u00e4\u00e4n norfolkinterriereill\u00e4 ilmenev\u00e4n l\u00e4pp\u00e4vian kartoittamiseksi ja t\u00e4st\u00e4 syyst\u00e4 viisi-vuotiaille koirille tai sit\u00e4 vanhemmille yhdistys maksaa 85 euron korvauksen tutkimuskuluista. Alle viisivuotiaat koirat ovat my\u00f6s tervetulleita, mutta silloin omistajat maksavat tutkimuksesta 262 \u20ac. Seuraavat tutkimusp\u00e4iv\u00e4t [&hellip;]","og_url":"https:\/\/www.nnterrierit.fi\/?page_id=1509","og_site_name":"Suomen Norwichin- ja Norfolkinterrierit ry","article_modified_time":"2026-04-16T15:12:35+00:00","twitter_card":"summary_large_image","schema":{"@context":"https:\/\/schema.org","@graph":[{"@type":"WebPage","@id":"https:\/\/www.nnterrierit.fi\/?page_id=1509","url":"https:\/\/www.nnterrierit.fi\/?page_id=1509","name":"Syd\u00e4nultratutkimus - Suomen Norwichin- ja Norfolkinterrierit ry","isPartOf":{"@id":"https:\/\/www.nnterrierit.fi\/#website"},"datePublished":"2024-03-27T15:23:10+00:00","dateModified":"2026-04-16T15:12:35+00:00","breadcrumb":{"@id":"https:\/\/www.nnterrierit.fi\/?page_id=1509#breadcrumb"},"inLanguage":"en","potentialAction":[{"@type":"ReadAction","target":["https:\/\/www.nnterrierit.fi\/?page_id=1509"]}]},{"@type":"BreadcrumbList","@id":"https:\/\/www.nnterrierit.fi\/?page_id=1509#breadcrumb","itemListElement":[{"@type":"ListItem","position":1,"name":"Home","item":"https:\/\/www.nnterrierit.fi\/"},{"@type":"ListItem","position":2,"name":"Syd\u00e4nultratutkimus"}]},{"@type":"WebSite","@id":"https:\/\/www.nnterrierit.fi\/#website","url":"https:\/\/www.nnterrierit.fi\/","name":"Suomen Norwichin- ja Norfolkinterrierit ry","description":"","potentialAction":[{"@type":"SearchAction","target":{"@type":"EntryPoint","urlTemplate":"https:\/\/www.nnterrierit.fi\/?s={search_term_string}"},"query-input":{"@type":"PropertyValueSpecification","valueRequired":true,"valueName":"search_term_string"}}],"inLanguage":"en"}]}},"_links":{"self":[{"href":"https:\/\/www.nnterrierit.fi\/index.php?rest_route=\/wp\/v2\/pages\/1509","targetHints":{"allow":["GET"]}}],"collection":[{"href":"https:\/\/www.nnterrierit.fi\/index.php?rest_route=\/wp\/v2\/pages"}],"about":[{"href":"https:\/\/www.nnterrierit.fi\/index.php?rest_route=\/wp\/v2\/types\/page"}],"author":[{"embeddable":true,"href":"https:\/\/www.nnterrierit.fi\/index.php?rest_route=\/wp\/v2\/users\/1"}],"replies":[{"embeddable":true,"href":"https:\/\/www.nnterrierit.fi\/index.php?rest_route=%2Fwp%2Fv2%2Fcomments&post=1509"}],"version-history":[{"count":4,"href":"https:\/\/www.nnterrierit.fi\/index.php?rest_route=\/wp\/v2\/pages\/1509\/revisions"}],"predecessor-version":[{"id":2156,"href":"https:\/\/www.nnterrierit.fi\/index.php?rest_route=\/wp\/v2\/pages\/1509\/revisions\/2156"}],"wp:attachment":[{"href":"https:\/\/www.nnterrierit.fi\/index.php?rest_route=%2Fwp%2Fv2%2Fmedia&parent=1509"}],"curies":[{"name":"wp","href":"https:\/\/api.w.org\/{rel}","templated":true}]}}