{"id":1321,"date":"2023-06-09T17:11:04","date_gmt":"2023-06-09T17:11:04","guid":{"rendered":"https:\/\/www.nnterrierit.fi\/?page_id=1321"},"modified":"2025-03-12T11:03:26","modified_gmt":"2025-03-12T11:03:26","slug":"1321-2","status":"publish","type":"page","link":"https:\/\/www.nnterrierit.fi\/?page_id=1321","title":{"rendered":"Trimmaajia"},"content":{"rendered":"<p>[et_pb_section fb_built=&#8221;1&#8243; fullwidth=&#8221;on&#8221; _builder_version=&#8221;4.21.0&#8243; _module_preset=&#8221;default&#8221; global_colors_info=&#8221;{}&#8221;][et_pb_fullwidth_header title=&#8221;Trimmaajia&#8221; button_one_text_tablet=&#8221;&#8221; button_one_text_phone=&#8221;&#8221; button_one_text_last_edited=&#8221;on|desktop&#8221; _builder_version=&#8221;4.21.0&#8243; _module_preset=&#8221;default&#8221; title_font=&#8221;Staatliches||||||||&#8221; title_font_size=&#8221;43px&#8221; background_image=&#8221;https:\/\/www.nnterrierit.fi\/wp-content\/uploads\/2021\/01\/image00034-1.jpeg&#8221; height=&#8221;478px&#8221; custom_padding=&#8221;150px||||false|false&#8221; global_colors_info=&#8221;{}&#8221;][\/et_pb_fullwidth_header][\/et_pb_section][et_pb_section fb_built=&#8221;1&#8243; _builder_version=&#8221;4.21.0&#8243; _module_preset=&#8221;default&#8221; global_colors_info=&#8221;{}&#8221;][et_pb_row column_structure=&#8221;1_4,1_4,1_4,1_4&#8243; _builder_version=&#8221;4.21.0&#8243; _module_preset=&#8221;default&#8221; global_colors_info=&#8221;{}&#8221;][et_pb_column type=&#8221;1_4&#8243; _builder_version=&#8221;4.21.0&#8243; _module_preset=&#8221;default&#8221; global_colors_info=&#8221;{}&#8221;][et_pb_text _builder_version=&#8221;4.21.0&#8243; _module_preset=&#8221;default&#8221; header_font=&#8221;Staatliches||||||||&#8221; global_colors_info=&#8221;{}&#8221;]<\/p>\n<h1>Arja Hyttinen<\/h1>\n<p>Joensuu<\/p>\n<p>050 364 1170<br \/>013 892 049<\/p>\n<p>[\/et_pb_text][\/et_pb_column][et_pb_column type=&#8221;1_4&#8243; _builder_version=&#8221;4.21.0&#8243; _module_preset=&#8221;default&#8221; global_colors_info=&#8221;{}&#8221;][et_pb_text _builder_version=&#8221;4.21.0&#8243; _module_preset=&#8221;default&#8221; header_font=&#8221;Staatliches||||||||&#8221; global_colors_info=&#8221;{}&#8221;]<\/p>\n<h1>Ulla-maija rytk\u00f6nen<\/h1>\n<p>Lapua<\/p>\n<p>06 438 8111<\/p>\n<p>[\/et_pb_text][\/et_pb_column][et_pb_column type=&#8221;1_4&#8243; _builder_version=&#8221;4.21.0&#8243; _module_preset=&#8221;default&#8221; global_colors_info=&#8221;{}&#8221;][et_pb_text _builder_version=&#8221;4.21.0&#8243; _module_preset=&#8221;default&#8221; header_font=&#8221;Staatliches||||||||&#8221; custom_padding=&#8221;||0px|||&#8221; global_colors_info=&#8221;{}&#8221;]<\/p>\n<h1>Anu Ala-\u00c4ij\u00e4l\u00e4<\/h1>\n<p>Sein\u00e4joki<\/p>\n<p>050 463 4538<\/p>\n<p>&nbsp;<\/p>\n<p>[\/et_pb_text][\/et_pb_column][et_pb_column type=&#8221;1_4&#8243; _builder_version=&#8221;4.21.0&#8243; _module_preset=&#8221;default&#8221; global_colors_info=&#8221;{}&#8221;][et_pb_text _builder_version=&#8221;4.21.0&#8243; _module_preset=&#8221;default&#8221; header_font=&#8221;Staatliches||||||||&#8221; global_colors_info=&#8221;{}&#8221;]<\/p>\n<h1>Ursula Johansson<\/h1>\n<p>J\u00e4rvenp\u00e4\u00e4<\/p>\n<p>045 263 4636<\/p>\n<p>cobbybuddies@gmail.com<\/p>\n<p>[\/et_pb_text][\/et_pb_column][\/et_pb_row][et_pb_row column_structure=&#8221;1_4,1_4,1_4,1_4&#8243; _builder_version=&#8221;4.21.0&#8243; _module_preset=&#8221;default&#8221; global_colors_info=&#8221;{}&#8221;][et_pb_column type=&#8221;1_4&#8243; _builder_version=&#8221;4.21.0&#8243; _module_preset=&#8221;default&#8221; global_colors_info=&#8221;{}&#8221;][et_pb_text _builder_version=&#8221;4.21.0&#8243; _module_preset=&#8221;default&#8221; header_font=&#8221;Staatliches||||||||&#8221; global_colors_info=&#8221;{}&#8221;]<\/p>\n<h1>Jasmin Knuutinen<\/h1>\n<p>Kuopio<\/p>\n<p>045 342 1006<\/p>\n<p>[\/et_pb_text][\/et_pb_column][et_pb_column type=&#8221;1_4&#8243; _builder_version=&#8221;4.21.0&#8243; _module_preset=&#8221;default&#8221; global_colors_info=&#8221;{}&#8221;][et_pb_text _builder_version=&#8221;4.21.0&#8243; _module_preset=&#8221;default&#8221; header_font=&#8221;Staatliches||||||||&#8221; global_colors_info=&#8221;{}&#8221;]<\/p>\n<h1>Trimmauspalvelu haukux<\/h1>\n<h1><span style=\"font-size: 14px; color: #666666; font-family: 'Open Sans', Arial, sans-serif;\">Jari Sepp\u00e4l\u00e4, Pori<\/span><\/h1>\n<p>044 532 5650<\/p>\n<p>[\/et_pb_text][\/et_pb_column][et_pb_column type=&#8221;1_4&#8243; _builder_version=&#8221;4.21.0&#8243; _module_preset=&#8221;default&#8221; global_colors_info=&#8221;{}&#8221;][et_pb_text _builder_version=&#8221;4.21.0&#8243; _module_preset=&#8221;default&#8221; header_font=&#8221;Staatliches||||||||&#8221; custom_padding=&#8221;||0px|||&#8221; global_colors_info=&#8221;{}&#8221;]<\/p>\n<h1>Anita Lehtonen<\/h1>\n<p>Espoo<\/p>\n<p>044 258 3555<br \/>(ennen klo 18)<\/p>\n<p>[\/et_pb_text][\/et_pb_column][et_pb_column type=&#8221;1_4&#8243; _builder_version=&#8221;4.21.0&#8243; _module_preset=&#8221;default&#8221; global_colors_info=&#8221;{}&#8221;][et_pb_text _builder_version=&#8221;4.24.3&#8243; _module_preset=&#8221;default&#8221; header_font=&#8221;Staatliches||||||||&#8221; global_colors_info=&#8221;{}&#8221;]<\/p>\n<h1>Kati Lintula<\/h1>\n<p>Iittala<\/p>\n<p>040 411 3526<\/p>\n<p>[\/et_pb_text][\/et_pb_column][\/et_pb_row][et_pb_row column_structure=&#8221;1_4,1_4,1_4,1_4&#8243; _builder_version=&#8221;4.21.0&#8243; _module_preset=&#8221;default&#8221; global_colors_info=&#8221;{}&#8221;][et_pb_column type=&#8221;1_4&#8243; _builder_version=&#8221;4.21.0&#8243; _module_preset=&#8221;default&#8221; global_colors_info=&#8221;{}&#8221;][et_pb_text _builder_version=&#8221;4.21.0&#8243; _module_preset=&#8221;default&#8221; header_font=&#8221;Staatliches||||||||&#8221; global_colors_info=&#8221;{}&#8221;]<\/p>\n<h1>P\u00e4ivi Vilen<\/h1>\n<p>Toijala<\/p>\n<p>044 539 8812<\/p>\n<p>[\/et_pb_text][\/et_pb_column][et_pb_column type=&#8221;1_4&#8243; _builder_version=&#8221;4.21.0&#8243; _module_preset=&#8221;default&#8221; global_colors_info=&#8221;{}&#8221;][et_pb_text _builder_version=&#8221;4.21.0&#8243; _module_preset=&#8221;default&#8221; header_font=&#8221;Staatliches||||||||&#8221; global_colors_info=&#8221;{}&#8221;]<\/p>\n<h1>Tarja Lepist\u00f6<\/h1>\n<p>Vesanka\/Jyv\u00e4skyl\u00e4<\/p>\n<p>0400 672\u00a0 124<\/p>\n<p>[\/et_pb_text][\/et_pb_column][et_pb_column type=&#8221;1_4&#8243; _builder_version=&#8221;4.21.0&#8243; _module_preset=&#8221;default&#8221; global_colors_info=&#8221;{}&#8221;][et_pb_text _builder_version=&#8221;4.21.0&#8243; _module_preset=&#8221;default&#8221; header_font=&#8221;Staatliches||||||||&#8221; custom_padding=&#8221;||0px|||&#8221; global_colors_info=&#8221;{}&#8221;]<\/p>\n<h1>Mari ja Jonna Taipale<\/h1>\n<p>Kouvola<\/p>\n<p>040 820 4015<\/p>\n<p>&nbsp;<\/p>\n<p>[\/et_pb_text][\/et_pb_column][et_pb_column type=&#8221;1_4&#8243; _builder_version=&#8221;4.21.0&#8243; _module_preset=&#8221;default&#8221; global_colors_info=&#8221;{}&#8221;][et_pb_text _builder_version=&#8221;4.21.0&#8243; _module_preset=&#8221;default&#8221; header_font=&#8221;Staatliches||||||||&#8221; global_colors_info=&#8221;{}&#8221;]<\/p>\n<h1>tmi Jenna Rajalampi<\/h1>\n<p>P\u00e4lk\u00e4ne<\/p>\n<p>044 070 3277<br \/>Whatsapp tai tekstiviesti<\/p>\n<p><a href=\"https:\/\/trimmaamopalkaneella.fi\/\">Nettisivut<\/a><\/p>\n<p>&nbsp;<\/p>\n<p>[\/et_pb_text][\/et_pb_column][\/et_pb_row][et_pb_row column_structure=&#8221;1_4,1_4,1_4,1_4&#8243; _builder_version=&#8221;4.21.0&#8243; _module_preset=&#8221;default&#8221; global_colors_info=&#8221;{}&#8221;][et_pb_column type=&#8221;1_4&#8243; _builder_version=&#8221;4.21.0&#8243; _module_preset=&#8221;default&#8221; global_colors_info=&#8221;{}&#8221;][et_pb_text _builder_version=&#8221;4.21.0&#8243; _module_preset=&#8221;default&#8221; header_font=&#8221;Staatliches||||||||&#8221; global_colors_info=&#8221;{}&#8221;]<\/p>\n<h1>Tmi Petwell<\/h1>\n<p>Helsinki<\/p>\n<p>050 517 7505<\/p>\n<p>[\/et_pb_text][\/et_pb_column][et_pb_column type=&#8221;1_4&#8243; _builder_version=&#8221;4.21.0&#8243; _module_preset=&#8221;default&#8221; global_colors_info=&#8221;{}&#8221;][et_pb_text _builder_version=&#8221;4.21.0&#8243; _module_preset=&#8221;default&#8221; header_font=&#8221;Staatliches||||||||&#8221; global_colors_info=&#8221;{}&#8221;]<\/p>\n<h1>Tmi Irmeli Salasmaa<\/h1>\n<h1><span style=\"font-size: 14px; color: #666666; font-family: 'Open Sans', Arial, sans-serif;\">Kerava<\/span><\/h1>\n<h1><span style=\"font-size: 14px; color: #666666; font-family: 'Open Sans', Arial, sans-serif;\">050 581 1963<\/span><\/h1>\n<p>[\/et_pb_text][\/et_pb_column][et_pb_column type=&#8221;1_4&#8243; _builder_version=&#8221;4.21.0&#8243; _module_preset=&#8221;default&#8221; global_colors_info=&#8221;{}&#8221;][et_pb_text _builder_version=&#8221;4.27.4&#8243; _module_preset=&#8221;default&#8221; header_font=&#8221;Staatliches||||||||&#8221; hover_enabled=&#8221;0&#8243; global_colors_info=&#8221;{}&#8221; sticky_enabled=&#8221;0&#8243;]<\/p>\n<h1>Tmi Helene Vanninen<\/h1>\n<h1><span style=\"font-size: 14px; color: #666666; font-family: 'Open Sans', Arial, sans-serif;\">Lahti<\/span><\/h1>\n<h1><span style=\"font-size: 14px; color: #666666; font-family: 'Open Sans', Arial, sans-serif;\">044 3810 478<\/span><\/h1>\n<p>[\/et_pb_text][\/et_pb_column][et_pb_column type=&#8221;1_4&#8243; _builder_version=&#8221;4.21.0&#8243; _module_preset=&#8221;default&#8221; global_colors_info=&#8221;{}&#8221;][et_pb_text _builder_version=&#8221;4.21.0&#8243; _module_preset=&#8221;default&#8221; header_font=&#8221;Staatliches||||||||&#8221; global_colors_info=&#8221;{}&#8221;][\/et_pb_text][\/et_pb_column][\/et_pb_row][et_pb_row _builder_version=&#8221;4.21.0&#8243; _module_preset=&#8221;default&#8221; global_colors_info=&#8221;{}&#8221;][et_pb_column type=&#8221;4_4&#8243; _builder_version=&#8221;4.21.0&#8243; _module_preset=&#8221;default&#8221; global_colors_info=&#8221;{}&#8221;][et_pb_accordion _builder_version=&#8221;4.21.0&#8243; _module_preset=&#8221;default&#8221; global_colors_info=&#8221;{}&#8221;][et_pb_accordion_item open=&#8221;on&#8221; _builder_version=&#8221;4.21.0&#8243; _module_preset=&#8221;default&#8221; global_colors_info=&#8221;{}&#8221;]<\/p>\n<p>Yhdistys ei vastaa yll\u00e4 mainittujen trimmaajien toiminnasta.<\/p>\n<p>[\/et_pb_accordion_item][\/et_pb_accordion][\/et_pb_column][\/et_pb_row][\/et_pb_section]<\/p>\n","protected":false},"excerpt":{"rendered":"<p>Arja Hyttinen Joensuu 050 364 1170013 892 049Ulla-maija rytk\u00f6nen Lapua 06 438 8111Anu Ala-\u00c4ij\u00e4l\u00e4 Sein\u00e4joki 050 463 4538 &nbsp;Ursula Johansson J\u00e4rvenp\u00e4\u00e4 045 263 4636 cobbybuddies@gmail.comJasmin Knuutinen Kuopio 045 342 1006Trimmauspalvelu haukux Jari Sepp\u00e4l\u00e4, Pori 044 532 5650Anita Lehtonen Espoo 044 258 3555(ennen klo 18)Kati Lintula Iittala 040 411 3526P\u00e4ivi Vilen Toijala 044 539 8812Tarja Lepist\u00f6 [&hellip;]<\/p>\n","protected":false},"author":1,"featured_media":0,"parent":0,"menu_order":0,"comment_status":"closed","ping_status":"closed","template":"","meta":{"_et_pb_use_builder":"on","_et_pb_old_content":"","_et_gb_content_width":"","footnotes":""},"class_list":["post-1321","page","type-page","status-publish","hentry"],"yoast_head":"<!-- This site is optimized with the Yoast SEO plugin v25.5 - https:\/\/yoast.com\/wordpress\/plugins\/seo\/ -->\n<title>Trimmaajia - Suomen Norwichin- ja Norfolkinterrierit ry<\/title>\n<meta name=\"robots\" content=\"index, follow, max-snippet:-1, max-image-preview:large, max-video-preview:-1\" \/>\n<link rel=\"canonical\" href=\"https:\/\/www.nnterrierit.fi\/?page_id=1321\" \/>\n<meta property=\"og:locale\" content=\"en_US\" \/>\n<meta property=\"og:type\" content=\"article\" \/>\n<meta property=\"og:title\" content=\"Trimmaajia - Suomen Norwichin- ja Norfolkinterrierit ry\" \/>\n<meta property=\"og:description\" content=\"Arja Hyttinen Joensuu 050 364 1170013 892 049Ulla-maija rytk\u00f6nen Lapua 06 438 8111Anu Ala-\u00c4ij\u00e4l\u00e4 Sein\u00e4joki 050 463 4538 &nbsp;Ursula Johansson J\u00e4rvenp\u00e4\u00e4 045 263 4636 cobbybuddies@gmail.comJasmin Knuutinen Kuopio 045 342 1006Trimmauspalvelu haukux Jari Sepp\u00e4l\u00e4, Pori 044 532 5650Anita Lehtonen Espoo 044 258 3555(ennen klo 18)Kati Lintula Iittala 040 411 3526P\u00e4ivi Vilen Toijala 044 539 8812Tarja Lepist\u00f6 [&hellip;]\" \/>\n<meta property=\"og:url\" content=\"https:\/\/www.nnterrierit.fi\/?page_id=1321\" \/>\n<meta property=\"og:site_name\" content=\"Suomen Norwichin- ja Norfolkinterrierit ry\" \/>\n<meta property=\"article:modified_time\" content=\"2025-03-12T11:03:26+00:00\" \/>\n<meta name=\"twitter:card\" content=\"summary_large_image\" \/>\n<meta name=\"twitter:label1\" content=\"Est. reading time\" \/>\n\t<meta name=\"twitter:data1\" content=\"1 minute\" \/>\n<script type=\"application\/ld+json\" class=\"yoast-schema-graph\">{\"@context\":\"https:\/\/schema.org\",\"@graph\":[{\"@type\":\"WebPage\",\"@id\":\"https:\/\/www.nnterrierit.fi\/?page_id=1321\",\"url\":\"https:\/\/www.nnterrierit.fi\/?page_id=1321\",\"name\":\"Trimmaajia - Suomen Norwichin- ja Norfolkinterrierit ry\",\"isPartOf\":{\"@id\":\"https:\/\/www.nnterrierit.fi\/#website\"},\"datePublished\":\"2023-06-09T17:11:04+00:00\",\"dateModified\":\"2025-03-12T11:03:26+00:00\",\"breadcrumb\":{\"@id\":\"https:\/\/www.nnterrierit.fi\/?page_id=1321#breadcrumb\"},\"inLanguage\":\"en\",\"potentialAction\":[{\"@type\":\"ReadAction\",\"target\":[\"https:\/\/www.nnterrierit.fi\/?page_id=1321\"]}]},{\"@type\":\"BreadcrumbList\",\"@id\":\"https:\/\/www.nnterrierit.fi\/?page_id=1321#breadcrumb\",\"itemListElement\":[{\"@type\":\"ListItem\",\"position\":1,\"name\":\"Home\",\"item\":\"https:\/\/www.nnterrierit.fi\/\"},{\"@type\":\"ListItem\",\"position\":2,\"name\":\"Trimmaajia\"}]},{\"@type\":\"WebSite\",\"@id\":\"https:\/\/www.nnterrierit.fi\/#website\",\"url\":\"https:\/\/www.nnterrierit.fi\/\",\"name\":\"Suomen Norwichin- ja Norfolkinterrierit ry\",\"description\":\"\",\"potentialAction\":[{\"@type\":\"SearchAction\",\"target\":{\"@type\":\"EntryPoint\",\"urlTemplate\":\"https:\/\/www.nnterrierit.fi\/?s={search_term_string}\"},\"query-input\":{\"@type\":\"PropertyValueSpecification\",\"valueRequired\":true,\"valueName\":\"search_term_string\"}}],\"inLanguage\":\"en\"}]}<\/script>\n<!-- \/ Yoast SEO plugin. -->","yoast_head_json":{"title":"Trimmaajia - Suomen Norwichin- ja Norfolkinterrierit ry","robots":{"index":"index","follow":"follow","max-snippet":"max-snippet:-1","max-image-preview":"max-image-preview:large","max-video-preview":"max-video-preview:-1"},"canonical":"https:\/\/www.nnterrierit.fi\/?page_id=1321","og_locale":"en_US","og_type":"article","og_title":"Trimmaajia - Suomen Norwichin- ja Norfolkinterrierit ry","og_description":"Arja Hyttinen Joensuu 050 364 1170013 892 049Ulla-maija rytk\u00f6nen Lapua 06 438 8111Anu Ala-\u00c4ij\u00e4l\u00e4 Sein\u00e4joki 050 463 4538 &nbsp;Ursula Johansson J\u00e4rvenp\u00e4\u00e4 045 263 4636 cobbybuddies@gmail.comJasmin Knuutinen Kuopio 045 342 1006Trimmauspalvelu haukux Jari Sepp\u00e4l\u00e4, Pori 044 532 5650Anita Lehtonen Espoo 044 258 3555(ennen klo 18)Kati Lintula Iittala 040 411 3526P\u00e4ivi Vilen Toijala 044 539 8812Tarja Lepist\u00f6 [&hellip;]","og_url":"https:\/\/www.nnterrierit.fi\/?page_id=1321","og_site_name":"Suomen Norwichin- ja Norfolkinterrierit ry","article_modified_time":"2025-03-12T11:03:26+00:00","twitter_card":"summary_large_image","twitter_misc":{"Est. reading time":"1 minute"},"schema":{"@context":"https:\/\/schema.org","@graph":[{"@type":"WebPage","@id":"https:\/\/www.nnterrierit.fi\/?page_id=1321","url":"https:\/\/www.nnterrierit.fi\/?page_id=1321","name":"Trimmaajia - Suomen Norwichin- ja Norfolkinterrierit ry","isPartOf":{"@id":"https:\/\/www.nnterrierit.fi\/#website"},"datePublished":"2023-06-09T17:11:04+00:00","dateModified":"2025-03-12T11:03:26+00:00","breadcrumb":{"@id":"https:\/\/www.nnterrierit.fi\/?page_id=1321#breadcrumb"},"inLanguage":"en","potentialAction":[{"@type":"ReadAction","target":["https:\/\/www.nnterrierit.fi\/?page_id=1321"]}]},{"@type":"BreadcrumbList","@id":"https:\/\/www.nnterrierit.fi\/?page_id=1321#breadcrumb","itemListElement":[{"@type":"ListItem","position":1,"name":"Home","item":"https:\/\/www.nnterrierit.fi\/"},{"@type":"ListItem","position":2,"name":"Trimmaajia"}]},{"@type":"WebSite","@id":"https:\/\/www.nnterrierit.fi\/#website","url":"https:\/\/www.nnterrierit.fi\/","name":"Suomen Norwichin- ja Norfolkinterrierit ry","description":"","potentialAction":[{"@type":"SearchAction","target":{"@type":"EntryPoint","urlTemplate":"https:\/\/www.nnterrierit.fi\/?s={search_term_string}"},"query-input":{"@type":"PropertyValueSpecification","valueRequired":true,"valueName":"search_term_string"}}],"inLanguage":"en"}]}},"_links":{"self":[{"href":"https:\/\/www.nnterrierit.fi\/index.php?rest_route=\/wp\/v2\/pages\/1321","targetHints":{"allow":["GET"]}}],"collection":[{"href":"https:\/\/www.nnterrierit.fi\/index.php?rest_route=\/wp\/v2\/pages"}],"about":[{"href":"https:\/\/www.nnterrierit.fi\/index.php?rest_route=\/wp\/v2\/types\/page"}],"author":[{"embeddable":true,"href":"https:\/\/www.nnterrierit.fi\/index.php?rest_route=\/wp\/v2\/users\/1"}],"replies":[{"embeddable":true,"href":"https:\/\/www.nnterrierit.fi\/index.php?rest_route=%2Fwp%2Fv2%2Fcomments&post=1321"}],"version-history":[{"count":8,"href":"https:\/\/www.nnterrierit.fi\/index.php?rest_route=\/wp\/v2\/pages\/1321\/revisions"}],"predecessor-version":[{"id":1796,"href":"https:\/\/www.nnterrierit.fi\/index.php?rest_route=\/wp\/v2\/pages\/1321\/revisions\/1796"}],"wp:attachment":[{"href":"https:\/\/www.nnterrierit.fi\/index.php?rest_route=%2Fwp%2Fv2%2Fmedia&parent=1321"}],"curies":[{"name":"wp","href":"https:\/\/api.w.org\/{rel}","templated":true}]}}